{"id":147491,"date":"2025-06-17T00:00:00","date_gmt":"2025-06-16T22:00:00","guid":{"rendered":"https:\/\/gpl-love.com\/fr\/?post_type=product&#038;p=147491"},"modified":"2026-03-21T00:07:11","modified_gmt":"2026-03-20T23:07:11","slug":"icelander-business-portfolio-theme","status":"publish","type":"product","link":"https:\/\/gpl-love.com\/fr\/produit\/icelander-business-portfolio-theme\/","title":{"rendered":"GamiPress WooCommerce Discounts 1.1.9"},"content":{"rendered":"<h3>GamiPress WooCommerce Discounts Traits<\/h3>\n<p>Exploitez tout le potentiel de votre boutique en ligne avec l&rsquo;extension GamiPress WooCommerce Discounts. Cet outil puissant offre une int\u00e9gration transparente avec WooCommerce, permettant aux entreprises d&rsquo;optimiser l&rsquo;engagement client gr\u00e2ce \u00e0 des r\u00e9ductions ludiques. Gr\u00e2ce \u00e0 une configuration intuitive et \u00e0 un tutoriel complet sur GamiPress WooCommerce Discounts, la prise en main est un jeu d&rsquo;enfant.<\/p>\n<p>D\u00e9couvrez les nombreuses fonctionnalit\u00e9s de GamiPress WooCommerce Discounts, con\u00e7ues pour booster vos ventes et fid\u00e9liser vos clients. Les options de configuration de l&rsquo;extension sont simples, vous permettant d&rsquo;adapter facilement les r\u00e9ductions \u00e0 vos besoins sp\u00e9cifiques. Apprenez \u00e0 utiliser efficacement GamiPress WooCommerce Discounts gr\u00e2ce au guide d\u00e9taill\u00e9 et aux bonnes pratiques.<\/p>\n<p>Envie de conna\u00eetre les tarifs de GamiPress WooCommerce Discounts\u00a0? Des tarifs comp\u00e9titifs adapt\u00e9s \u00e0 tous les budgets, pour des entreprises de toutes tailles. Pour les nouveaux utilisateurs, l&rsquo;avis sur GamiPress WooCommerce Discounts souligne sa convivialit\u00e9 et ses fonctionnalit\u00e9s performantes.<\/p>\n<ul>\n<li>Int\u00e9gration transparente avec WooCommerce pour une gestion simplifi\u00e9e des remises<\/li>\n<li>Application automatique des remises en fonction des performances et des activit\u00e9s des utilisateurs<\/li>\n<li>R\u00e8gles de remise flexibles adapt\u00e9es \u00e0 diff\u00e9rents niveaux d&rsquo;engagement client<\/li>\n<li>Prise en charge des remises en pourcentage, \u00e0 montant fixe et de la livraison gratuite<\/li>\n<li>D\u00e9clencheurs personnalisables pour l&rsquo;activation des remises<\/li>\n<li>Mise \u00e0 jour des remises en temps r\u00e9el pour refl\u00e9ter la progression de l&rsquo;utilisateur<\/li>\n<li>Compatible avec plusieurs modules compl\u00e9mentaires GamiPress pour des fonctionnalit\u00e9s am\u00e9lior\u00e9es<\/li>\n<li>Interface conviviale pour la gestion et le suivi des remises<\/li>\n<li>Fid\u00e9lisation client accrue et encourage les achats r\u00e9p\u00e9t\u00e9s<\/li>\n<li>Rapports et analyses d\u00e9taill\u00e9s pour le suivi des performances des remises<\/li>\n<\/ul>\n","protected":false},"excerpt":{"rendered":"<p>Exploitez tout le potentiel de votre boutique en ligne avec l&rsquo;extension GamiPress WooCommerce Discounts. D\u00e9couvrez une int\u00e9gration fluide et une configuration facile gr\u00e2ce \u00e0 notre guide complet sur les r\u00e9ductions GamiPress WooCommerce. Apprenez \u00e0 utiliser efficacement les r\u00e9ductions GamiPress WooCommerce gr\u00e2ce \u00e0 notre tutoriel \u00e9tape par \u00e9tape et d\u00e9couvrez les meilleures pratiques pour maximiser vos ventes. D\u00e9couvrez ses fonctionnalit\u00e9s et avantages uniques, et lisez des avis pertinents sur les r\u00e9ductions GamiPress WooCommerce Discounts pour prendre une d\u00e9cision \u00e9clair\u00e9e. Que vous soyez en d\u00e9pannage, en configuration initiale ou que vous exploriez les options tarifaires, notre assistance vous garantit une exp\u00e9rience fluide. Transformez votre boutique avec les r\u00e9ductions GamiPress WooCommerce d\u00e8s aujourd&rsquo;hui\u00a0!<\/p>\n","protected":false},"featured_media":147465,"comment_status":"open","ping_status":"open","template":"","meta":[],"product_brand":[2557],"product_cat":[1189,1181,1186],"product_tag":[2247],"class_list":{"0":"post-147491","1":"product","2":"type-product","3":"status-publish","4":"has-post-thumbnail","6":"product_brand-gami-press","7":"product_cat-personnalisation","8":"product_cat-plugins","9":"product_cat-wordpress-plugins","10":"product_tag-gami-press","11":"member-discount","12":"discount-restricted","14":"first","15":"instock","16":"sale","17":"downloadable","18":"virtual","19":"sold-individually","20":"purchasable","21":"product-type-simple"},"_links":{"self":[{"href":"https:\/\/gpl-love.com\/fr\/wp-json\/wp\/v2\/product\/147491","targetHints":{"allow":["GET"]}}],"collection":[{"href":"https:\/\/gpl-love.com\/fr\/wp-json\/wp\/v2\/product"}],"about":[{"href":"https:\/\/gpl-love.com\/fr\/wp-json\/wp\/v2\/types\/product"}],"replies":[{"embeddable":true,"href":"https:\/\/gpl-love.com\/fr\/wp-json\/wp\/v2\/comments?post=147491"}],"wp:featuredmedia":[{"embeddable":true,"href":"https:\/\/gpl-love.com\/fr\/wp-json\/wp\/v2\/media\/147465"}],"wp:attachment":[{"href":"https:\/\/gpl-love.com\/fr\/wp-json\/wp\/v2\/media?parent=147491"}],"wp:term":[{"taxonomy":"product_brand","embeddable":true,"href":"https:\/\/gpl-love.com\/fr\/wp-json\/wp\/v2\/product_brand?post=147491"},{"taxonomy":"product_cat","embeddable":true,"href":"https:\/\/gpl-love.com\/fr\/wp-json\/wp\/v2\/product_cat?post=147491"},{"taxonomy":"product_tag","embeddable":true,"href":"https:\/\/gpl-love.com\/fr\/wp-json\/wp\/v2\/product_tag?post=147491"}],"curies":[{"name":"wp","href":"https:\/\/api.w.org\/{rel}","templated":true}]}}