{"id":147466,"date":"2025-06-16T00:00:00","date_gmt":"2025-06-15T22:00:00","guid":{"rendered":"https:\/\/gpl-love.com\/fr\/?post_type=product&#038;p=147466"},"modified":"2026-03-21T00:07:10","modified_gmt":"2026-03-20T23:07:10","slug":"qwery-multi-purpose-business-wordpress-theme","status":"publish","type":"product","link":"https:\/\/gpl-love.com\/fr\/produit\/qwery-multi-purpose-business-wordpress-theme\/","title":{"rendered":"GamiPress Badgr 1.1.6"},"content":{"rendered":"<h3>GamiPress Badgr Traits<\/h3>\n<p>Exploitez tout le potentiel de votre plateforme d&rsquo;apprentissage en ligne gr\u00e2ce \u00e0 l&rsquo;int\u00e9gration transparente de GamiPress Badgr. Optimisez votre exp\u00e9rience utilisateur en configurant facilement cet outil performant. D\u00e9couvrez un guide complet sur GamiPress Badgr qui vous accompagne \u00e0 chaque \u00e9tape du processus. Que vous soyez d\u00e9butant ou expert, le tutoriel GamiPress Badgr vous offre des informations pr\u00e9cieuses et des conseils pour optimiser les capacit\u00e9s de votre plateforme.<\/p>\n<p>Explorez la diversit\u00e9 des fonctionnalit\u00e9s de GamiPress Badgr con\u00e7ues pour am\u00e9liorer l&rsquo;engagement et r\u00e9compenser les r\u00e9ussites. Gr\u00e2ce \u00e0 des instructions d\u00e9taill\u00e9es sur la configuration de GamiPress Badgr, les utilisateurs peuvent rapidement configurer leurs syst\u00e8mes pour des performances optimales. Les avantages de GamiPress Badgr vont au-del\u00e0 de la simple int\u00e9gration\u00a0: il offre une solution robuste pour les besoins de gamification et d&rsquo;accr\u00e9ditation.<\/p>\n<ul>\n<li>Int\u00e9gration transparente avec Badgr pour l&rsquo;accr\u00e9ditation num\u00e9rique<\/li>\n<li>Attribution automatis\u00e9e des badges en fonction des performances des utilisateurs<\/li>\n<li>Designs de badges personnalisables pour une int\u00e9gration parfaite \u00e0 l&rsquo;image de marque<\/li>\n<li>Suivi en temps r\u00e9el de la progression et du statut des badges des utilisateurs<\/li>\n<li>Compatibilit\u00e9 avec diverses plateformes d&rsquo;apprentissage en ligne<\/li>\n<li>Rapports et analyses avanc\u00e9s pour l&rsquo;engagement des utilisateurs<\/li>\n<li>Prise en charge de plusieurs types et niveaux d&rsquo;accr\u00e9ditation<\/li>\n<li>Interface conviviale pour les administrateurs et les utilisateurs<\/li>\n<li>API robuste pour des fonctionnalit\u00e9s et des int\u00e9grations \u00e9tendues<\/li>\n<li>Infrastructure s\u00e9curis\u00e9e et \u00e9volutive pour des besoins croissants<\/li>\n<\/ul>\n","protected":false},"excerpt":{"rendered":"<p>Exploitez tout le potentiel de votre plateforme d&rsquo;apprentissage en ligne gr\u00e2ce \u00e0 l&rsquo;int\u00e9gration GamiPress Badgr. Cette configuration fluide optimise votre strat\u00e9gie de gamification gr\u00e2ce \u00e0 un tutoriel et un guide complets pour simplifier le processus. D\u00e9couvrez les fonctionnalit\u00e9s et avantages innovants de GamiPress Badgr, notamment des instructions d\u00e9taill\u00e9es et des conseils d&rsquo;experts pour une configuration optimale. Assurez la compatibilit\u00e9 entre les plateformes et optimisez l&rsquo;engagement des utilisateurs gr\u00e2ce \u00e0 cet outil performant. Que vous soyez novice en gamification ou que vous cherchiez \u00e0 am\u00e9liorer votre syst\u00e8me existant, la configuration GamiPress Badgr vous offre tout le n\u00e9cessaire pour r\u00e9ussir, un atout indispensable pour les enseignants comme pour les entreprises.<\/p>\n","protected":false},"featured_media":147463,"comment_status":"open","ping_status":"open","template":"","meta":[],"product_brand":[2557],"product_cat":[1189,1181,1186],"product_tag":[2247],"class_list":{"0":"post-147466","1":"product","2":"type-product","3":"status-publish","4":"has-post-thumbnail","6":"product_brand-gami-press","7":"product_cat-personnalisation","8":"product_cat-plugins","9":"product_cat-wordpress-plugins","10":"product_tag-gami-press","11":"member-discount","12":"discount-restricted","14":"first","15":"instock","16":"sale","17":"downloadable","18":"virtual","19":"sold-individually","20":"purchasable","21":"product-type-simple"},"_links":{"self":[{"href":"https:\/\/gpl-love.com\/fr\/wp-json\/wp\/v2\/product\/147466","targetHints":{"allow":["GET"]}}],"collection":[{"href":"https:\/\/gpl-love.com\/fr\/wp-json\/wp\/v2\/product"}],"about":[{"href":"https:\/\/gpl-love.com\/fr\/wp-json\/wp\/v2\/types\/product"}],"replies":[{"embeddable":true,"href":"https:\/\/gpl-love.com\/fr\/wp-json\/wp\/v2\/comments?post=147466"}],"wp:featuredmedia":[{"embeddable":true,"href":"https:\/\/gpl-love.com\/fr\/wp-json\/wp\/v2\/media\/147463"}],"wp:attachment":[{"href":"https:\/\/gpl-love.com\/fr\/wp-json\/wp\/v2\/media?parent=147466"}],"wp:term":[{"taxonomy":"product_brand","embeddable":true,"href":"https:\/\/gpl-love.com\/fr\/wp-json\/wp\/v2\/product_brand?post=147466"},{"taxonomy":"product_cat","embeddable":true,"href":"https:\/\/gpl-love.com\/fr\/wp-json\/wp\/v2\/product_cat?post=147466"},{"taxonomy":"product_tag","embeddable":true,"href":"https:\/\/gpl-love.com\/fr\/wp-json\/wp\/v2\/product_tag?post=147466"}],"curies":[{"name":"wp","href":"https:\/\/api.w.org\/{rel}","templated":true}]}}