{"id":147464,"date":"2025-06-03T00:00:00","date_gmt":"2025-06-02T22:00:00","guid":{"rendered":"https:\/\/gpl-love.com\/fr\/produit\/gamipress-woocommerce-discounts\/"},"modified":"2026-03-21T00:07:10","modified_gmt":"2026-03-20T23:07:10","slug":"gamipress-woocommerce-discounts","status":"publish","type":"product","link":"https:\/\/gpl-love.com\/fr\/produit\/gamipress-woocommerce-discounts\/","title":{"rendered":"MainWP Time Tracker 5.1.1"},"content":{"rendered":"<h3>MainWP Time Tracker Traits<\/h3>\n<p>D\u00e9couvrez la puissance de MainWP Time Tracker, l&rsquo;extension ultime pour les utilisateurs WordPress. Cet outil simplifie la gestion de projet gr\u00e2ce \u00e0 ses fonctionnalit\u00e9s intuitives. Apprenez \u00e0 utiliser MainWP Time Tracker gr\u00e2ce \u00e0 des tutoriels et guides complets qui simplifient l&rsquo;installation. L&rsquo;int\u00e9gration transparente avec WordPress garantit une exp\u00e9rience fluide, tandis que le t\u00e9l\u00e9chargement de MainWP Time Tracker est rapide et sans effort.<\/p>\n<p>Consultez les tarifs de MainWP Time Tracker pour trouver l&rsquo;offre adapt\u00e9e \u00e0 vos besoins et consultez les avis sur MainWP Time Tracker pour comprendre pourquoi les utilisateurs appr\u00e9cient cet outil. Les avantages de MainWP Time Tracker sont nombreux, du suivi efficace du temps \u00e0 une productivit\u00e9 accrue. Pour les nouveaux utilisateurs, l&rsquo;installation de MainWP Time Tracker est simple et vous permet de d\u00e9marrer sans difficult\u00e9.<\/p>\n<p>Vous recherchez les meilleures pratiques pour MainWP Time Tracker\u00a0? B\u00e9n\u00e9ficiez de conseils et d&rsquo;une assistance d&rsquo;experts pour optimiser votre flux de travail. Si vous envisagez d&rsquo;autres options, explorez les alternatives \u00e0 MainWP Time Tracker afin de d\u00e9terminer celle qui convient le mieux \u00e0 vos projets. Gr\u00e2ce au guide MainWP Time Tracker, ma\u00eetriser cet outil n&rsquo;a jamais \u00e9t\u00e9 aussi simple.<\/p>\n<ul>\n<li>Int\u00e9gration transparente avec le tableau de bord MainWP<\/li>\n<li>Suivi du temps en temps r\u00e9el pour tous les projets clients<\/li>\n<li>Fonctionnalit\u00e9s de reporting personnalisables<\/li>\n<li>Interface conviviale pour une navigation simplifi\u00e9e<\/li>\n<li>Enregistrement automatique du temps pour minimiser la saisie manuelle<\/li>\n<li>Stockage s\u00e9curis\u00e9 des donn\u00e9es avec sauvegardes r\u00e9guli\u00e8res<\/li>\n<li>Prise en charge de plusieurs utilisateurs pour une collaboration en \u00e9quipe<\/li>\n<li>Analyses d\u00e9taill\u00e9es des projets et des t\u00e2ches<\/li>\n<li>Alertes et notifications pour une meilleure gestion du temps<\/li>\n<li>Compatible avec divers appareils pour un suivi en d\u00e9placement<\/li>\n<\/ul>\n","protected":false},"excerpt":{"rendered":"<p>D\u00e9couvrez la puissance de MainWP Time Tracker, une extension compl\u00e8te pour WordPress con\u00e7ue pour optimiser votre flux de travail. Surveillez facilement votre productivit\u00e9 gr\u00e2ce aux fonctionnalit\u00e9s de MainWP Time Tracker et explorez les options tarifaires flexibles adapt\u00e9es \u00e0 votre budget. Configurez facilement votre application gr\u00e2ce au tutoriel et au guide de MainWP Time Tracker, pour une int\u00e9gration fluide. Consultez les avis sur MainWP Time Tracker pour comprendre son impact et d\u00e9couvrir ses avantages pour une efficacit\u00e9 accrue. Que vous recherchiez une assistance MainWP Time Tracker ou que vous exploriez des alternatives, cet outil offre un contr\u00f4le in\u00e9gal\u00e9. T\u00e9l\u00e9chargez-le d\u00e8s maintenant et ma\u00eetrisez l&rsquo;utilisation efficace de MainWP Time Tracker.<\/p>\n","protected":false},"featured_media":147461,"comment_status":"open","ping_status":"open","template":"","meta":[],"product_brand":[2587],"product_cat":[1189,1181,1186],"product_tag":[1299],"class_list":{"0":"post-147464","1":"product","2":"type-product","3":"status-publish","4":"has-post-thumbnail","6":"product_brand-main-wp","7":"product_cat-personnalisation","8":"product_cat-plugins","9":"product_cat-wordpress-plugins","10":"product_tag-main-wp","11":"member-discount","12":"discount-restricted","14":"first","15":"instock","16":"sale","17":"downloadable","18":"virtual","19":"sold-individually","20":"purchasable","21":"product-type-simple"},"_links":{"self":[{"href":"https:\/\/gpl-love.com\/fr\/wp-json\/wp\/v2\/product\/147464","targetHints":{"allow":["GET"]}}],"collection":[{"href":"https:\/\/gpl-love.com\/fr\/wp-json\/wp\/v2\/product"}],"about":[{"href":"https:\/\/gpl-love.com\/fr\/wp-json\/wp\/v2\/types\/product"}],"replies":[{"embeddable":true,"href":"https:\/\/gpl-love.com\/fr\/wp-json\/wp\/v2\/comments?post=147464"}],"wp:featuredmedia":[{"embeddable":true,"href":"https:\/\/gpl-love.com\/fr\/wp-json\/wp\/v2\/media\/147461"}],"wp:attachment":[{"href":"https:\/\/gpl-love.com\/fr\/wp-json\/wp\/v2\/media?parent=147464"}],"wp:term":[{"taxonomy":"product_brand","embeddable":true,"href":"https:\/\/gpl-love.com\/fr\/wp-json\/wp\/v2\/product_brand?post=147464"},{"taxonomy":"product_cat","embeddable":true,"href":"https:\/\/gpl-love.com\/fr\/wp-json\/wp\/v2\/product_cat?post=147464"},{"taxonomy":"product_tag","embeddable":true,"href":"https:\/\/gpl-love.com\/fr\/wp-json\/wp\/v2\/product_tag?post=147464"}],"curies":[{"name":"wp","href":"https:\/\/api.w.org\/{rel}","templated":true}]}}