{"id":147462,"date":"2025-11-30T00:00:00","date_gmt":"2025-11-29T23:00:00","guid":{"rendered":"https:\/\/gpl-love.com\/fr\/produit\/gamipress-badgr\/"},"modified":"2026-03-21T00:07:09","modified_gmt":"2026-03-20T23:07:09","slug":"gamipress-badgr","status":"publish","type":"product","link":"https:\/\/gpl-love.com\/fr\/produit\/gamipress-badgr\/","title":{"rendered":"WooCommerce Extra Fees pour WooCommerce 7.7.0"},"content":{"rendered":"<h3>WooCommerce Extra Fees pour WooCommerce Traits<\/h3>\n<p>D\u00e9couvrez la solution id\u00e9ale pour g\u00e9rer les frais suppl\u00e9mentaires de votre boutique\u00a0: l&rsquo;extension WooCommerce Extra Fees. Cet outil polyvalent est con\u00e7u pour simplifier la gestion des frais et garantir une exp\u00e9rience de paiement fluide pour vous et vos clients. Avec l&rsquo;extension WooCommerce Extra Fees, ajoutez et personnalisez facilement des frais pour chaque transaction.<\/p>\n<p>Appliquez des frais suppl\u00e9mentaires pour des passerelles de paiement sp\u00e9cifiques ou calculez des frais suppl\u00e9mentaires en fonction du total de votre panier gr\u00e2ce au calculateur de frais suppl\u00e9mentaires WooCommerce. Configurer des frais suppl\u00e9mentaires est un jeu d&rsquo;enfant gr\u00e2ce \u00e0 la fonctionnalit\u00e9 intuitive WooCommerce Additional Charges Setup, qui vous permet d&rsquo;adapter vos frais aux besoins de votre entreprise.<\/p>\n<p>Oubliez les calculs complexes et d\u00e9couvrez l&rsquo;efficacit\u00e9 de l&rsquo;extension WooCommerce Fee Management. Int\u00e9grez facilement l&rsquo;extension WooCommerce Checkout Fees pour am\u00e9liorer les fonctionnalit\u00e9s de votre boutique et contr\u00f4ler pr\u00e9cis\u00e9ment les frais de transaction et les frais suppl\u00e9mentaires.<\/p>\n<ul>\n<li>S&rsquo;int\u00e8gre parfaitement \u00e0 WooCommerce pour une gestion des frais suppl\u00e9mentaires.<\/li>\n<li>Permet la configuration de frais conditionnels en fonction des produits, des cat\u00e9gories ou du total du panier.<\/li>\n<li>Prend en charge les frais fixes ou en pourcentage.<\/li>\n<li>Permet de personnaliser les \u00e9tiquettes de frais affich\u00e9es aux clients.<\/li>\n<li>Compatible avec diverses passerelles de paiement et modes de livraison.<\/li>\n<li>Permet l&rsquo;ajout de frais pour des r\u00f4les d&rsquo;utilisateur ou des groupes de clients sp\u00e9cifiques.<\/li>\n<li>Offre des options d&rsquo;application de frais par article ou par panier.<\/li>\n<li>Inclut des param\u00e8tres d&rsquo;inclusion ou d&rsquo;exclusion de taxes sur les frais suppl\u00e9mentaires.<\/li>\n<li>Dispose d&rsquo;une interface conviviale pour une configuration simplifi\u00e9e.<\/li>\n<li>Offre un support multilingue pour les boutiques internationales.<\/li>\n<\/ul>\n","protected":false},"excerpt":{"rendered":"<p>Am\u00e9liorez le processus de paiement de votre boutique en ligne avec l&rsquo;extension WooCommerce Extra Fees, con\u00e7ue pour simplifier la gestion des frais et optimiser vos revenus. Cette puissante extension WooCommerce vous permet de configurer facilement des frais suppl\u00e9mentaires, garantissant ainsi la transparence des transactions. Gr\u00e2ce au calculateur de frais suppl\u00e9mentaires WooCommerce, adaptez les frais de paiement \u00e0 chaque passerelle de paiement et offrez une exp\u00e9rience d&rsquo;achat fluide. La configuration intuitive des frais suppl\u00e9mentaires WooCommerce simplifie l&rsquo;int\u00e9gration des frais de transaction, tandis que l&rsquo;extension WooCommerce de gestion des frais offre un contr\u00f4le complet sur tous les aspects des frais suppl\u00e9mentaires. Am\u00e9liorez l&rsquo;efficacit\u00e9 de votre boutique et la satisfaction client gr\u00e2ce \u00e0 cette extension essentielle pour les frais de paiement WooCommerce.<\/p>\n","protected":false},"featured_media":147460,"comment_status":"open","ping_status":"open","template":"","meta":[],"product_brand":[2440],"product_cat":[1182,1223,1181],"product_tag":[1398],"class_list":{"0":"post-147462","1":"product","2":"type-product","3":"status-publish","4":"has-post-thumbnail","6":"product_brand-woocommerce","7":"product_cat-commerce-electronique-plugins","8":"product_cat-personnalisation-commerce-electronique-plugins","9":"product_cat-plugins","10":"product_tag-woocommerce","11":"member-discount","12":"discount-restricted","14":"first","15":"instock","16":"sale","17":"downloadable","18":"virtual","19":"sold-individually","20":"purchasable","21":"product-type-simple"},"_links":{"self":[{"href":"https:\/\/gpl-love.com\/fr\/wp-json\/wp\/v2\/product\/147462","targetHints":{"allow":["GET"]}}],"collection":[{"href":"https:\/\/gpl-love.com\/fr\/wp-json\/wp\/v2\/product"}],"about":[{"href":"https:\/\/gpl-love.com\/fr\/wp-json\/wp\/v2\/types\/product"}],"replies":[{"embeddable":true,"href":"https:\/\/gpl-love.com\/fr\/wp-json\/wp\/v2\/comments?post=147462"}],"wp:featuredmedia":[{"embeddable":true,"href":"https:\/\/gpl-love.com\/fr\/wp-json\/wp\/v2\/media\/147460"}],"wp:attachment":[{"href":"https:\/\/gpl-love.com\/fr\/wp-json\/wp\/v2\/media?parent=147462"}],"wp:term":[{"taxonomy":"product_brand","embeddable":true,"href":"https:\/\/gpl-love.com\/fr\/wp-json\/wp\/v2\/product_brand?post=147462"},{"taxonomy":"product_cat","embeddable":true,"href":"https:\/\/gpl-love.com\/fr\/wp-json\/wp\/v2\/product_cat?post=147462"},{"taxonomy":"product_tag","embeddable":true,"href":"https:\/\/gpl-love.com\/fr\/wp-json\/wp\/v2\/product_tag?post=147462"}],"curies":[{"name":"wp","href":"https:\/\/api.w.org\/{rel}","templated":true}]}}