{"id":147452,"date":"2025-11-02T00:00:00","date_gmt":"2025-11-01T23:00:00","guid":{"rendered":"https:\/\/gpl-love.com\/fr\/produit\/mainwp-time-tracker-5-1-1\/"},"modified":"2026-03-21T00:07:08","modified_gmt":"2026-03-20T23:07:08","slug":"mainwp-time-tracker-5-1-1","status":"publish","type":"product","link":"https:\/\/gpl-love.com\/fr\/produit\/mainwp-time-tracker-5-1-1\/","title":{"rendered":"Newsletter MemberPress 1.0.5"},"content":{"rendered":"<h3>Newsletter MemberPress Traits<\/h3>\n<p>Exploitez tout le potentiel de vos campagnes e-mail gr\u00e2ce \u00e0 notre guide complet sur la newsletter MemberPress. Que vous d\u00e9butiez ou que vous souhaitiez perfectionner vos comp\u00e9tences, ce tutoriel vous offre des informations pr\u00e9cieuses sur les meilleures pratiques pour une int\u00e9gration fluide de votre newsletter MemberPress. D\u00e9couvrez comment utiliser efficacement la newsletter MemberPress gr\u00e2ce \u00e0 notre guide d&rsquo;installation \u00e9tape par \u00e9tape, sp\u00e9cialement con\u00e7u pour les d\u00e9butants.<\/p>\n<p>Explorez la vaste gamme de fonctionnalit\u00e9s de la newsletter MemberPress qui peuvent transformer votre strat\u00e9gie de communication. Des s\u00e9quences d&rsquo;e-mails automatis\u00e9es aux mod\u00e8les personnalisables, d\u00e9couvrez comment ces outils peuvent optimiser vos efforts marketing. Nos experts vous proposent des conseils pratiques pour optimiser les avantages de la newsletter MemberPress et engager votre audience comme jamais auparavant.<\/p>\n<p>Ce tutoriel sur la newsletter MemberPress vous guide tout au long du processus, le rendant facile \u00e0 comprendre, m\u00eame pour les nouveaux utilisateurs. En mettant l&rsquo;accent sur la cr\u00e9ation de valeur, nous mettons en avant les principaux avantages de l&rsquo;int\u00e9gration de la newsletter MemberPress \u00e0 votre strat\u00e9gie commerciale. Commencez \u00e0 exploiter ces puissants outils et constatez l&rsquo;envol\u00e9e de l&rsquo;engagement de vos abonn\u00e9s et de vos taux de conversion.<\/p>\n<ul>\n<li>Int\u00e9gration transparente avec WordPress pour une configuration simplifi\u00e9e<\/li>\n<li>Gestion automatis\u00e9e des abonnements<\/li>\n<li>Prise en charge de plusieurs niveaux d&rsquo;adh\u00e9sion et formules tarifaires<\/li>\n<li>Formulaires d&rsquo;inscription et de connexion personnalisables<\/li>\n<li>Fonctionnalit\u00e9s de diffusion de contenu pour un acc\u00e8s chronom\u00e9tr\u00e9<\/li>\n<li>Outils complets de reporting et d&rsquo;analyse<\/li>\n<li>Compatible avec les services d&rsquo;e-mail marketing les plus populaires<\/li>\n<li>Passerelles de paiement s\u00e9curis\u00e9es pour les transactions<\/li>\n<li>Notifications par e-mail personnalisables pour les abonn\u00e9s<\/li>\n<li>Contr\u00f4le d&rsquo;acc\u00e8s au contenu r\u00e9serv\u00e9 aux membres<\/li>\n<\/ul>\n","protected":false},"excerpt":{"rendered":"<p>Exploitez tout le potentiel de vos campagnes e-mail gr\u00e2ce au guide complet de Newsletter MemberPress. D\u00e9couvrez des conseils essentiels et apprenez \u00e0 utiliser efficacement Newsletter MemberPress gr\u00e2ce \u00e0 notre tutoriel complet. Int\u00e9grez facilement Newsletter MemberPress pour optimiser les fonctionnalit\u00e9s de votre plateforme. Explorez les fonctionnalit\u00e9s performantes de Newsletter MemberPress et d\u00e9couvrez les avantages qui optimiseront votre strat\u00e9gie de communication. Que vous soyez novice sur la plateforme ou \u00e0 la recherche des meilleures pratiques, notre configuration \u00e9tape par \u00e9tape vous garantit une exp\u00e9rience fluide. Con\u00e7u pour les d\u00e9butants, ce guide vous permet d&rsquo;optimiser votre diffusion par e-mail et de stimuler l&rsquo;engagement sans effort.<\/p>\n","protected":false},"featured_media":147459,"comment_status":"open","ping_status":"open","template":"","meta":[],"product_brand":[2602],"product_cat":[1189,1181,1186],"product_tag":[2261],"class_list":{"0":"post-147452","1":"product","2":"type-product","3":"status-publish","4":"has-post-thumbnail","6":"product_brand-newsletter","7":"product_cat-personnalisation","8":"product_cat-plugins","9":"product_cat-wordpress-plugins","10":"product_tag-newsletter","11":"member-discount","12":"discount-restricted","14":"first","15":"instock","16":"sale","17":"downloadable","18":"virtual","19":"sold-individually","20":"purchasable","21":"product-type-simple"},"_links":{"self":[{"href":"https:\/\/gpl-love.com\/fr\/wp-json\/wp\/v2\/product\/147452","targetHints":{"allow":["GET"]}}],"collection":[{"href":"https:\/\/gpl-love.com\/fr\/wp-json\/wp\/v2\/product"}],"about":[{"href":"https:\/\/gpl-love.com\/fr\/wp-json\/wp\/v2\/types\/product"}],"replies":[{"embeddable":true,"href":"https:\/\/gpl-love.com\/fr\/wp-json\/wp\/v2\/comments?post=147452"}],"wp:featuredmedia":[{"embeddable":true,"href":"https:\/\/gpl-love.com\/fr\/wp-json\/wp\/v2\/media\/147459"}],"wp:attachment":[{"href":"https:\/\/gpl-love.com\/fr\/wp-json\/wp\/v2\/media?parent=147452"}],"wp:term":[{"taxonomy":"product_brand","embeddable":true,"href":"https:\/\/gpl-love.com\/fr\/wp-json\/wp\/v2\/product_brand?post=147452"},{"taxonomy":"product_cat","embeddable":true,"href":"https:\/\/gpl-love.com\/fr\/wp-json\/wp\/v2\/product_cat?post=147452"},{"taxonomy":"product_tag","embeddable":true,"href":"https:\/\/gpl-love.com\/fr\/wp-json\/wp\/v2\/product_tag?post=147452"}],"curies":[{"name":"wp","href":"https:\/\/api.w.org\/{rel}","templated":true}]}}