{"id":147451,"date":"2026-02-26T00:00:00","date_gmt":"2026-02-25T23:00:00","guid":{"rendered":"https:\/\/gpl-love.com\/fr\/produit\/woocommerce-extra-fees-pour-woocommerce-7-0-0\/"},"modified":"2026-03-21T00:07:07","modified_gmt":"2026-03-20T23:07:07","slug":"woocommerce-extra-fees-pour-woocommerce-7-0-0","status":"publish","type":"product","link":"https:\/\/gpl-love.com\/fr\/produit\/woocommerce-extra-fees-pour-woocommerce-7-0-0\/","title":{"rendered":"Newsletter PostMark Delivery 1.1.2"},"content":{"rendered":"<h3>Newsletter PostMark Delivery Traits<\/h3>\n<p>Transformez votre strat\u00e9gie d&#8217;email marketing avec le plugin WordPress PostMark Delivery. Con\u00e7u pour une int\u00e9gration fluide, ce plugin r\u00e9volutionne la gestion de vos newsletters. D\u00e9couvrez les principaux avantages du plugin PostMark Delivery, notamment une distribution efficace des e-mails et des performances optimis\u00e9es.<\/p>\n<p>L&rsquo;installation de votre plugin PostMark Delivery est simple gr\u00e2ce \u00e0 un guide d&rsquo;installation complet qui vous guide pas \u00e0 pas. Une fois install\u00e9, d\u00e9couvrez les fonctionnalit\u00e9s robustes qui rendent ce plugin indispensable pour vos newsletters. Des bonnes pratiques d&rsquo;utilisation du plugin PostMark Delivery \u00e0 l&rsquo;efficacit\u00e9 de l&rsquo;envoi de vos newsletters, cet outil couvre tout.<\/p>\n<p>L&rsquo;int\u00e9gration du plugin PostMark Delivery \u00e0 votre site web est simple et vous permet de vous concentrer sur la cr\u00e9ation de contenu captivant. D\u00e9couvrez les avantages de l&rsquo;optimisation de la distribution de vos newsletters avec ce plugin WordPress, sp\u00e9cialement con\u00e7u pour la distribution des e-mails PostMark.<\/p>\n<ul>\n<li>Int\u00e9gration transparente avec WordPress pour une gestion simplifi\u00e9e des newsletters<\/li>\n<li>Planification automatis\u00e9e des envois pour optimiser les d\u00e9lais d&rsquo;envoi<\/li>\n<li>Mod\u00e8les d&rsquo;e-mails personnalisables pour une coh\u00e9rence de marque<\/li>\n<li>Suivi des envois et des taux d&rsquo;ouverture en temps r\u00e9el pour une analyse des performances<\/li>\n<li>Segmentation avanc\u00e9e des abonn\u00e9s pour des messages cibl\u00e9s<\/li>\n<li>Traitement des donn\u00e9es conforme au RGPD pour garantir la confidentialit\u00e9 et la s\u00e9curit\u00e9<\/li>\n<li>\u00c9diteur par glisser-d\u00e9poser pour une conception intuitive des newsletters<\/li>\n<li>Tableau de bord d&rsquo;analyse int\u00e9gr\u00e9 pour des rapports complets<\/li>\n<li>Compatibilit\u00e9 avec les services d&rsquo;e-mailing les plus populaires<\/li>\n<li>Infrastructure de diffusion fiable et s\u00e9curis\u00e9e, optimis\u00e9e par PostMark<\/li>\n<\/ul>\n","protected":false},"excerpt":{"rendered":"<p>R\u00e9volutionnez votre marketing par e-mail avec l&rsquo;extension WordPress Newsletter Postmark Delivery. Cet outil puissant optimise la diffusion de vos newsletters et garantit que vos messages atteignent votre public avec pr\u00e9cision. D\u00e9couvrez les avantages d&rsquo;une int\u00e9gration transparente avec WordPress, gr\u00e2ce \u00e0 un guide d&rsquo;installation simple pour une mise en \u0153uvre simplifi\u00e9e. D\u00e9couvrez les meilleures pratiques pour optimiser vos newsletters et explorez les fonctionnalit\u00e9s essentielles pour un envoi efficace. Ax\u00e9e sur l&rsquo;optimisation de la diffusion des newsletters, cette extension est id\u00e9ale pour les utilisateurs WordPress recherchant une diffusion fiable des e-mails postmark. Optimisez votre strat\u00e9gie de communication en int\u00e9grant l&rsquo;extension WordPress Postmark Delivery et b\u00e9n\u00e9ficiez d&rsquo;une efficacit\u00e9 in\u00e9gal\u00e9e pour communiquer avec vos abonn\u00e9s.<\/p>\n","protected":false},"featured_media":147458,"comment_status":"open","ping_status":"open","template":"","meta":[],"product_brand":[2602],"product_cat":[1189,1181,1186],"product_tag":[2261],"class_list":{"0":"post-147451","1":"product","2":"type-product","3":"status-publish","4":"has-post-thumbnail","6":"product_brand-newsletter","7":"product_cat-personnalisation","8":"product_cat-plugins","9":"product_cat-wordpress-plugins","10":"product_tag-newsletter","11":"member-discount","12":"discount-restricted","14":"first","15":"instock","16":"sale","17":"downloadable","18":"virtual","19":"sold-individually","20":"purchasable","21":"product-type-simple"},"_links":{"self":[{"href":"https:\/\/gpl-love.com\/fr\/wp-json\/wp\/v2\/product\/147451","targetHints":{"allow":["GET"]}}],"collection":[{"href":"https:\/\/gpl-love.com\/fr\/wp-json\/wp\/v2\/product"}],"about":[{"href":"https:\/\/gpl-love.com\/fr\/wp-json\/wp\/v2\/types\/product"}],"replies":[{"embeddable":true,"href":"https:\/\/gpl-love.com\/fr\/wp-json\/wp\/v2\/comments?post=147451"}],"wp:featuredmedia":[{"embeddable":true,"href":"https:\/\/gpl-love.com\/fr\/wp-json\/wp\/v2\/media\/147458"}],"wp:attachment":[{"href":"https:\/\/gpl-love.com\/fr\/wp-json\/wp\/v2\/media?parent=147451"}],"wp:term":[{"taxonomy":"product_brand","embeddable":true,"href":"https:\/\/gpl-love.com\/fr\/wp-json\/wp\/v2\/product_brand?post=147451"},{"taxonomy":"product_cat","embeddable":true,"href":"https:\/\/gpl-love.com\/fr\/wp-json\/wp\/v2\/product_cat?post=147451"},{"taxonomy":"product_tag","embeddable":true,"href":"https:\/\/gpl-love.com\/fr\/wp-json\/wp\/v2\/product_tag?post=147451"}],"curies":[{"name":"wp","href":"https:\/\/api.w.org\/{rel}","templated":true}]}}