{"id":147449,"date":"2026-03-28T00:00:00","date_gmt":"2026-03-27T23:00:00","guid":{"rendered":"https:\/\/gpl-love.com\/fr\/produit\/newsletter-postmark-delivery-1-0-8\/"},"modified":"2026-03-28T11:30:54","modified_gmt":"2026-03-28T10:30:54","slug":"newsletter-postmark-delivery-1-0-8","status":"publish","type":"product","link":"https:\/\/gpl-love.com\/fr\/produit\/newsletter-postmark-delivery-1-0-8\/","title":{"rendered":"Gravity View Charts 1.18.1"},"content":{"rendered":"<h3>Gravity View Charts Traits<\/h3>\n<p>Transformez vos donn\u00e9es en visuels \u00e9poustouflants gr\u00e2ce \u00e0 Gravity View Charts, une extension WordPress performante con\u00e7ue pour s&rsquo;int\u00e9grer parfaitement \u00e0 votre site et vous offrir une pr\u00e9sentation dynamique d&rsquo;informations complexes. D\u00e9couvrez comment utiliser Gravity View Charts gr\u00e2ce \u00e0 notre tutoriel complet, parfait pour les d\u00e9butants comme pour les experts.<\/p>\n<p>Explorez les meilleures fonctionnalit\u00e9s de Gravity View Charts pour une narration de donn\u00e9es \u00e0 la fois attrayante et efficace. Gr\u00e2ce \u00e0 des options de personnalisation faciles, adaptez vos graphiques \u00e0 l&rsquo;esth\u00e9tique et aux besoins sp\u00e9cifiques de votre marque. Le guide d&rsquo;utilisation de Gravity View Charts fournit des instructions \u00e9tape par \u00e9tape pour optimiser votre exp\u00e9rience avec l&rsquo;extension et tirer le meilleur parti de ses fonctionnalit\u00e9s performantes.<\/p>\n<p>Int\u00e9grez Gravity View Charts sans effort \u00e0 vos syst\u00e8mes existants et observez la transformation de vos donn\u00e9es en visuels percutants. Que vous pr\u00e9sentiez des tendances de vente ou analysiez des r\u00e9ponses \u00e0 des enqu\u00eates, explorez des exemples de Gravity View Charts pour vous inspirer pour votre prochain projet.<\/p>\n<p>Pour toute question ou assistance technique, l&rsquo;assistance Gravity View Charts est disponible pour une exp\u00e9rience fluide et fluide. Am\u00e9liorez la pr\u00e9sentation de vos donn\u00e9es d\u00e8s aujourd&rsquo;hui avec les graphiques Gravity View Word polyvalents et conviviaux<\/p>\n<ul>\n<li>Visualisation interactive des donn\u00e9es<\/li>\n<li>Int\u00e9gration transparente avec Gravity Forms<\/li>\n<li>Types de graphiques personnalisables (barres, secteurs, courbes, etc.)<\/li>\n<li>Mise \u00e0 jour des donn\u00e9es en temps r\u00e9el<\/li>\n<li>Interface conviviale<\/li>\n<li>Design adaptatif pour mobile et ordinateur<\/li>\n<li>G\u00e9n\u00e9rateur de graphiques par glisser-d\u00e9poser<\/li>\n<li>Prise en charge de plusieurs sources de donn\u00e9es<\/li>\n<li>Options de filtrage avanc\u00e9es<\/li>\n<li>Exportation de graphiques pour la cr\u00e9ation de rapports et de pr\u00e9sentations<\/li>\n<\/ul>\n","protected":false},"excerpt":{"rendered":"<p>D\u00e9couvrez Gravity View Charts, l&rsquo;extension WordPress id\u00e9ale pour les passionn\u00e9s de visualisation de donn\u00e9es. Apprenez facilement \u00e0 utiliser Gravity View Charts gr\u00e2ce \u00e0 notre tutoriel complet, qui pr\u00e9sente les meilleures fonctionnalit\u00e9s et des options d&rsquo;int\u00e9gration fluides. D\u00e9couvrez les possibilit\u00e9s de personnalisation \u00e0 travers divers exemples pour optimiser les fonctionnalit\u00e9s de votre site web. Notre guide d&rsquo;utilisation vous guide pas \u00e0 pas pour maximiser facilement le potentiel de votre site. B\u00e9n\u00e9ficiez d&rsquo;une assistance in\u00e9gal\u00e9e pour explorer les puissantes fonctionnalit\u00e9s de Gravity View Charts et donner vie \u00e0 vos donn\u00e9es. Adoptez l&rsquo;avenir de la visualisation de donn\u00e9es et transformez vos connaissances d\u00e8s aujourd&rsquo;hui.<\/p>\n","protected":false},"featured_media":147456,"comment_status":"open","ping_status":"open","template":"","meta":[],"product_brand":[2843],"product_cat":[1189,1181,1186],"product_tag":[2844],"class_list":{"0":"post-147449","1":"product","2":"type-product","3":"status-publish","4":"has-post-thumbnail","6":"product_brand-gravity-view","7":"product_cat-personnalisation","8":"product_cat-plugins","9":"product_cat-wordpress-plugins","10":"product_tag-gravity-view","11":"member-discount","12":"discount-restricted","14":"first","15":"instock","16":"sale","17":"downloadable","18":"virtual","19":"sold-individually","20":"purchasable","21":"product-type-simple"},"_links":{"self":[{"href":"https:\/\/gpl-love.com\/fr\/wp-json\/wp\/v2\/product\/147449","targetHints":{"allow":["GET"]}}],"collection":[{"href":"https:\/\/gpl-love.com\/fr\/wp-json\/wp\/v2\/product"}],"about":[{"href":"https:\/\/gpl-love.com\/fr\/wp-json\/wp\/v2\/types\/product"}],"replies":[{"embeddable":true,"href":"https:\/\/gpl-love.com\/fr\/wp-json\/wp\/v2\/comments?post=147449"}],"wp:featuredmedia":[{"embeddable":true,"href":"https:\/\/gpl-love.com\/fr\/wp-json\/wp\/v2\/media\/147456"}],"wp:attachment":[{"href":"https:\/\/gpl-love.com\/fr\/wp-json\/wp\/v2\/media?parent=147449"}],"wp:term":[{"taxonomy":"product_brand","embeddable":true,"href":"https:\/\/gpl-love.com\/fr\/wp-json\/wp\/v2\/product_brand?post=147449"},{"taxonomy":"product_cat","embeddable":true,"href":"https:\/\/gpl-love.com\/fr\/wp-json\/wp\/v2\/product_cat?post=147449"},{"taxonomy":"product_tag","embeddable":true,"href":"https:\/\/gpl-love.com\/fr\/wp-json\/wp\/v2\/product_tag?post=147449"}],"curies":[{"name":"wp","href":"https:\/\/api.w.org\/{rel}","templated":true}]}}