{"id":147448,"date":"2026-04-07T00:00:00","date_gmt":"2026-04-06T22:00:00","guid":{"rendered":"https:\/\/gpl-love.com\/fr\/produit\/pixelyoursite-woocommerce-smart-prices-2-0-3\/"},"modified":"2026-04-08T00:31:23","modified_gmt":"2026-04-07T22:31:23","slug":"pixelyoursite-woocommerce-smart-prices-2-0-3","status":"publish","type":"product","link":"https:\/\/gpl-love.com\/fr\/produit\/pixelyoursite-woocommerce-smart-prices-2-0-3\/","title":{"rendered":"Bacola 1.6.1"},"content":{"rendered":"<h3>Bacola Traits<\/h3>\n<p>D\u00e9couvrez le th\u00e8me WordPress Bacola, la solution id\u00e9ale pour cr\u00e9er une boutique en ligne exceptionnelle. Gr\u00e2ce \u00e0 ses fonctionnalit\u00e9s impressionnantes, le th\u00e8me WordPress Bacola offre une exp\u00e9rience utilisateur fluide, ce qui en fait un choix id\u00e9al pour les sites e-commerce. D\u00e9couvrez la d\u00e9mo du th\u00e8me WordPress Bacola pour d\u00e9couvrir son design intuitif et ses fonctionnalit\u00e9s qui r\u00e9pondent \u00e0 tous les besoins de votre entreprise.<\/p>\n<p>La personnalisation est un jeu d&rsquo;enfant avec le th\u00e8me WordPress Bacola. Que vous soyez d\u00e9butant ou expert, le tutoriel du th\u00e8me WordPress Bacola vous guide pas \u00e0 pas pour personnaliser votre site sans effort. Gardez une longueur d&rsquo;avance gr\u00e2ce aux mises \u00e0 jour r\u00e9guli\u00e8res du th\u00e8me WordPress Bacola qui garantissent la p\u00e9rennit\u00e9 et la s\u00e9curit\u00e9 de votre site web.<\/p>\n<p>L&rsquo;installation est simple avec le th\u00e8me WordPress Bacola. Suivez simplement la documentation du th\u00e8me WordPress Bacola pour une configuration sans tracas. En cas de question, l&rsquo;\u00e9quipe d&rsquo;assistance du th\u00e8me WordPress Bacola est l\u00e0 pour vous aider et vous proposer des solutions fiables.<\/p>\n<ul>\n<li>Design adaptatif pour une visualisation optimale sur tous les appareils<\/li>\n<li>Mise en page personnalisable pour r\u00e9pondre aux diff\u00e9rents besoins de votre entreprise<\/li>\n<li>Int\u00e9gration fluide avec les extensions les plus populaires<\/li>\n<li>Fonctionnalit\u00e9s d&rsquo;optimisation SEO int\u00e9gr\u00e9es<\/li>\n<li>Cr\u00e9ateur de pages par glisser-d\u00e9poser pour une personnalisation simplifi\u00e9e<\/li>\n<li>Plusieurs mod\u00e8les pr\u00e9d\u00e9finis pour une configuration rapide<\/li>\n<li>Prise en charge de WooCommerce pour les fonctionnalit\u00e9s de votre boutique en ligne<\/li>\n<li>Mises \u00e0 jour r\u00e9guli\u00e8res pour une s\u00e9curit\u00e9 et des performances accrues<\/li>\n<li>Multilingue et traduction possible pour une port\u00e9e mondiale<\/li>\n<\/ul>\n","protected":false},"excerpt":{"rendered":"<p>D\u00e9couvrez le th\u00e8me WordPress Bacola, une solution polyvalente con\u00e7ue pour booster votre boutique en ligne. Gr\u00e2ce \u00e0 ses options de personnalisation fluides, il s&rsquo;adapte parfaitement \u00e0 votre marque. Que vous recherchiez une \u00e9valuation compl\u00e8te du th\u00e8me WordPress Bacola ou un tutoriel, les ressources sont nombreuses. Installez le th\u00e8me Bacola facilement et explorez la d\u00e9mo interactive pour d\u00e9couvrir son potentiel. Gardez une longueur d&rsquo;avance gr\u00e2ce aux mises \u00e0 jour r\u00e9guli\u00e8res du th\u00e8me et faites appel \u00e0 l&rsquo;assistance d\u00e9di\u00e9e pour toute question. Acc\u00e9dez \u00e0 la documentation d\u00e9taill\u00e9e du th\u00e8me Bacola pour optimiser ses fonctionnalit\u00e9s et transformer votre pr\u00e9sence e-commerce d\u00e8s aujourd&rsquo;hui.<\/p>\n","protected":false},"featured_media":147455,"comment_status":"open","ping_status":"open","template":"","meta":[],"product_brand":[2433],"product_cat":[1516,1212,1213],"product_tag":[1366],"class_list":{"0":"post-147448","1":"product","2":"type-product","3":"status-publish","4":"has-post-thumbnail","6":"product_brand-themeforest","7":"product_cat-entreprise","8":"product_cat-themes","9":"product_cat-wordpress-themes","10":"product_tag-themeforest","11":"member-discount","12":"discount-restricted","14":"first","15":"instock","16":"sale","17":"downloadable","18":"virtual","19":"sold-individually","20":"purchasable","21":"product-type-simple"},"_links":{"self":[{"href":"https:\/\/gpl-love.com\/fr\/wp-json\/wp\/v2\/product\/147448","targetHints":{"allow":["GET"]}}],"collection":[{"href":"https:\/\/gpl-love.com\/fr\/wp-json\/wp\/v2\/product"}],"about":[{"href":"https:\/\/gpl-love.com\/fr\/wp-json\/wp\/v2\/types\/product"}],"replies":[{"embeddable":true,"href":"https:\/\/gpl-love.com\/fr\/wp-json\/wp\/v2\/comments?post=147448"}],"wp:featuredmedia":[{"embeddable":true,"href":"https:\/\/gpl-love.com\/fr\/wp-json\/wp\/v2\/media\/147455"}],"wp:attachment":[{"href":"https:\/\/gpl-love.com\/fr\/wp-json\/wp\/v2\/media?parent=147448"}],"wp:term":[{"taxonomy":"product_brand","embeddable":true,"href":"https:\/\/gpl-love.com\/fr\/wp-json\/wp\/v2\/product_brand?post=147448"},{"taxonomy":"product_cat","embeddable":true,"href":"https:\/\/gpl-love.com\/fr\/wp-json\/wp\/v2\/product_cat?post=147448"},{"taxonomy":"product_tag","embeddable":true,"href":"https:\/\/gpl-love.com\/fr\/wp-json\/wp\/v2\/product_tag?post=147448"}],"curies":[{"name":"wp","href":"https:\/\/api.w.org\/{rel}","templated":true}]}}