{"id":147446,"date":"2025-10-14T00:00:00","date_gmt":"2025-10-13T22:00:00","guid":{"rendered":"https:\/\/gpl-love.com\/fr\/produit\/bacola-1-5-1-6\/"},"modified":"2026-04-02T12:31:28","modified_gmt":"2026-04-02T10:31:28","slug":"bacola-1-5-1-6","status":"publish","type":"product","link":"https:\/\/gpl-love.com\/fr\/produit\/bacola-1-5-1-6\/","title":{"rendered":"Popup Maker 1.22.0"},"content":{"rendered":"<h3>Popup Maker Traits<\/h3>\n<p>Lib\u00e9rez le potentiel de votre site WordPress avec l&rsquo;extension Popup Maker. Ce guide complet vous guidera \u00e0 travers tous les aspects de la configuration de Popup Maker, de l&rsquo;installation \u00e0 la personnalisation, pour vous permettre d&rsquo;optimiser ses fonctionnalit\u00e9s. D\u00e9couvrez les fonctionnalit\u00e9s de Popup Maker qui optimisent l&rsquo;engagement utilisateur et explorez les meilleures pratiques pour cr\u00e9er des popups percutants.<\/p>\n<p>D\u00e9couvrez les tutoriels Popup Maker qui proposent des conseils et astuces pour une int\u00e9gration et une compatibilit\u00e9 optimales avec vos outils existants. Que vous cherchiez des solutions \u00e0 des probl\u00e8mes courants ou des alternatives \u00e0 Popup Maker, ce guide est fait pour vous. Apprenez \u00e0 optimiser les performances de votre site gr\u00e2ce aux strat\u00e9gies SEO de Popup Maker et explorez des exemples de Popup Maker qui ont fait leurs preuves.<\/p>\n<p>Envisagez la version gratuite de Popup Maker pour vos besoins de base, ou optez pour une version sup\u00e9rieure pour acc\u00e9der aux fonctionnalit\u00e9s premium de Popup Maker et b\u00e9n\u00e9ficier de fonctionnalit\u00e9s avanc\u00e9es. Une analyse compl\u00e8te de Popup Maker met en avant ses avantages et son prix, vous permettant de prendre une d\u00e9cision \u00e9clair\u00e9e. Profitez de la flexibilit\u00e9 de personnalisation de Popup Maker pour cr\u00e9er des exp\u00e9riences utilisateur sur mesure et originales.<\/p>\n<ul>\n<li>Interface conviviale pour une configuration et une gestion simplifi\u00e9es<\/li>\n<li>Pop-ups enti\u00e8rement personnalisables pour s&rsquo;adapter \u00e0 tous les sites web<\/li>\n<li>Options de ciblage avanc\u00e9es pour un engagement pr\u00e9cis de l&rsquo;audience<\/li>\n<li>Design adaptatif garantissant la compatibilit\u00e9 sur tous les appareils<\/li>\n<li>Int\u00e9gration aux plateformes d&rsquo;e-mailing et CRM les plus populaires<\/li>\n<li>Fonctionnalit\u00e9s de tests A\/B pour optimiser les performances des pop-ups<\/li>\n<li>Analyses et suivi pour mesurer l&rsquo;efficacit\u00e9<\/li>\n<li>Technologie d&rsquo;intention de sortie pour capter les visiteurs quittant le site<\/li>\n<li>Vaste biblioth\u00e8que de mod\u00e8les pr\u00e9d\u00e9finis<\/li>\n<li>Prise en charge de diff\u00e9rents types de pop-ups, notamment les lightbox et les slide-in<\/li>\n<\/ul>\n","protected":false},"excerpt":{"rendered":"<p>Exploitez tout le potentiel de votre site WordPress avec Popup Maker, l&rsquo;extension ultime pour cr\u00e9er des popups attrayantes. Ce tutoriel complet vous explique comment l&rsquo;installer et met en avant ses fonctionnalit\u00e9s cl\u00e9s, comme la personnalisation et l&rsquo;int\u00e9gration. D\u00e9couvrez les bonnes pratiques et les conseils pour am\u00e9liorer l&rsquo;exp\u00e9rience utilisateur et booster vos conversions. Que vous exploriez la version gratuite de Popup Maker ou que vous envisagiez les fonctionnalit\u00e9s premium, ce guide couvre tous les aspects, y compris l&rsquo;installation, le d\u00e9pannage et les avantages SEO de Popup Maker. Comparez les alternatives \u00e0 Popup Maker et consultez des avis pertinents pour prendre une d\u00e9cision \u00e9clair\u00e9e. Optimisez votre site gr\u00e2ce \u00e0 la compatibilit\u00e9 et \u00e0 l&rsquo;innovation in\u00e9gal\u00e9es de Popup Maker.<\/p>\n","protected":false},"featured_media":147453,"comment_status":"open","ping_status":"open","template":"","meta":[],"product_brand":[2839],"product_cat":[1207,1181,1186],"product_tag":[2840],"class_list":{"0":"post-147446","1":"product","2":"type-product","3":"status-publish","4":"has-post-thumbnail","6":"product_brand-popup-maker","7":"product_cat-commercialisation-wordpress-plugins","8":"product_cat-plugins","9":"product_cat-wordpress-plugins","10":"product_tag-popup-maker","11":"member-discount","12":"discount-restricted","14":"first","15":"instock","16":"sale","17":"downloadable","18":"virtual","19":"sold-individually","20":"purchasable","21":"product-type-simple"},"_links":{"self":[{"href":"https:\/\/gpl-love.com\/fr\/wp-json\/wp\/v2\/product\/147446","targetHints":{"allow":["GET"]}}],"collection":[{"href":"https:\/\/gpl-love.com\/fr\/wp-json\/wp\/v2\/product"}],"about":[{"href":"https:\/\/gpl-love.com\/fr\/wp-json\/wp\/v2\/types\/product"}],"replies":[{"embeddable":true,"href":"https:\/\/gpl-love.com\/fr\/wp-json\/wp\/v2\/comments?post=147446"}],"wp:featuredmedia":[{"embeddable":true,"href":"https:\/\/gpl-love.com\/fr\/wp-json\/wp\/v2\/media\/147453"}],"wp:attachment":[{"href":"https:\/\/gpl-love.com\/fr\/wp-json\/wp\/v2\/media?parent=147446"}],"wp:term":[{"taxonomy":"product_brand","embeddable":true,"href":"https:\/\/gpl-love.com\/fr\/wp-json\/wp\/v2\/product_brand?post=147446"},{"taxonomy":"product_cat","embeddable":true,"href":"https:\/\/gpl-love.com\/fr\/wp-json\/wp\/v2\/product_cat?post=147446"},{"taxonomy":"product_tag","embeddable":true,"href":"https:\/\/gpl-love.com\/fr\/wp-json\/wp\/v2\/product_tag?post=147446"}],"curies":[{"name":"wp","href":"https:\/\/api.w.org\/{rel}","templated":true}]}}