{"id":147444,"date":"2025-06-05T00:00:00","date_gmt":"2025-06-04T22:00:00","guid":{"rendered":"https:\/\/gpl-love.com\/fr\/?post_type=product&#038;p=147444"},"modified":"2026-03-21T00:07:00","modified_gmt":"2026-03-20T23:07:00","slug":"popup-maker","status":"publish","type":"product","link":"https:\/\/gpl-love.com\/fr\/produit\/popup-maker\/","title":{"rendered":"FacetWP Custom Hooks 1.0"},"content":{"rendered":"<h3>FacetWP Custom Hooks Traits<\/h3>\n<p>Exploitez tout le potentiel de votre site web gr\u00e2ce \u00e0 notre tutoriel complet sur les hooks personnalis\u00e9s FacetWP. D\u00e9couvrez comment utiliser les hooks personnalis\u00e9s FacetWP pour am\u00e9liorer les fonctionnalit\u00e9s et l&rsquo;exp\u00e9rience utilisateur de votre site. Ce guide pratique propose des instructions \u00e9tape par \u00e9tape, accessibles m\u00eame aux d\u00e9butants en d\u00e9veloppement.<\/p>\n<p>Explorez divers exemples de hooks personnalis\u00e9s FacetWP qui illustrent des applications pratiques et vous permettent de voir ces puissants outils en action. Pour les d\u00e9veloppeurs souhaitant int\u00e9grer les hooks personnalis\u00e9s FacetWP de mani\u00e8re fluide, ce tutoriel est une ressource pr\u00e9cieuse, d\u00e9taillant les bonnes pratiques et les conseils d&rsquo;experts pour une mise en \u0153uvre fluide.<\/p>\n<p>Que vous recherchiez un guide sur les hooks personnalis\u00e9s FacetWP pour naviguer dans des int\u00e9grations complexes ou des conseils pour optimiser les performances, cette ressource couvre tous les aspects. Ce tutoriel est con\u00e7u comme une solution compl\u00e8te pour tous ceux qui souhaitent ma\u00eetriser les hooks personnalis\u00e9s FacetWP, en fournissant un aper\u00e7u des techniques avanc\u00e9es et des pi\u00e8ges courants \u00e0 \u00e9viter.<\/p>\n<ul>\n<li>Int\u00e9gration transparente avec WordPress<\/li>\n<li>Options de personnalisation flexibles<\/li>\n<li>Filtrage am\u00e9lior\u00e9<\/li>\n<li>Syst\u00e8me de hooks convivial pour les d\u00e9veloppeurs<\/li>\n<li>Optimis\u00e9 pour les performances et la rapidit\u00e9<\/li>\n<li>Prise en charge de diverses sources de donn\u00e9es<\/li>\n<li>Compatible avec les th\u00e8mes et plugins populaires<\/li>\n<li>Interface intuitive pour une utilisation simplifi\u00e9e<\/li>\n<\/ul>\n","protected":false},"excerpt":{"rendered":"<p>Exploitez tout le potentiel de votre site WordPress gr\u00e2ce \u00e0 notre guide complet sur les hooks personnalis\u00e9s FacetWP. Id\u00e9al pour les d\u00e9veloppeurs souhaitant am\u00e9liorer les fonctionnalit\u00e9s, ce tutoriel \u00e9tape par \u00e9tape couvre tout, de l&rsquo;int\u00e9gration \u00e0 la mise en \u0153uvre. D\u00e9couvrez les meilleures pratiques et des exemples concrets pour ma\u00eetriser l&rsquo;utilisation efficace des hooks personnalis\u00e9s FacetWP. Gr\u00e2ce \u00e0 des conseils personnalis\u00e9s et des avis d&rsquo;experts, vous int\u00e9grerez facilement ces hooks \u00e0 vos projets et optimiserez les performances de votre site. Que vous souhaitiez perfectionner vos comp\u00e9tences ou explorer de nouvelles possibilit\u00e9s, notre ressource est la r\u00e9f\u00e9rence pour des solutions innovantes de hooks personnalis\u00e9s FacetWP.<\/p>\n","protected":false},"featured_media":146637,"comment_status":"open","ping_status":"open","template":"","meta":[],"product_brand":[2543],"product_cat":[1189,1181,1186],"product_tag":[1482],"class_list":{"0":"post-147444","1":"product","2":"type-product","3":"status-publish","4":"has-post-thumbnail","6":"product_brand-facetwp","7":"product_cat-personnalisation","8":"product_cat-plugins","9":"product_cat-wordpress-plugins","10":"product_tag-facetwp","11":"member-discount","12":"discount-restricted","14":"first","15":"instock","16":"sale","17":"downloadable","18":"virtual","19":"sold-individually","20":"purchasable","21":"product-type-simple"},"_links":{"self":[{"href":"https:\/\/gpl-love.com\/fr\/wp-json\/wp\/v2\/product\/147444","targetHints":{"allow":["GET"]}}],"collection":[{"href":"https:\/\/gpl-love.com\/fr\/wp-json\/wp\/v2\/product"}],"about":[{"href":"https:\/\/gpl-love.com\/fr\/wp-json\/wp\/v2\/types\/product"}],"replies":[{"embeddable":true,"href":"https:\/\/gpl-love.com\/fr\/wp-json\/wp\/v2\/comments?post=147444"}],"wp:featuredmedia":[{"embeddable":true,"href":"https:\/\/gpl-love.com\/fr\/wp-json\/wp\/v2\/media\/146637"}],"wp:attachment":[{"href":"https:\/\/gpl-love.com\/fr\/wp-json\/wp\/v2\/media?parent=147444"}],"wp:term":[{"taxonomy":"product_brand","embeddable":true,"href":"https:\/\/gpl-love.com\/fr\/wp-json\/wp\/v2\/product_brand?post=147444"},{"taxonomy":"product_cat","embeddable":true,"href":"https:\/\/gpl-love.com\/fr\/wp-json\/wp\/v2\/product_cat?post=147444"},{"taxonomy":"product_tag","embeddable":true,"href":"https:\/\/gpl-love.com\/fr\/wp-json\/wp\/v2\/product_tag?post=147444"}],"curies":[{"name":"wp","href":"https:\/\/api.w.org\/{rel}","templated":true}]}}