{"id":147426,"date":"2026-03-25T00:00:00","date_gmt":"2026-03-24T23:00:00","guid":{"rendered":"https:\/\/gpl-love.com\/fr\/?post_type=product&#038;p=147426"},"modified":"2026-03-25T23:32:20","modified_gmt":"2026-03-25T22:32:20","slug":"facetwp-bricks-builder","status":"publish","type":"product","link":"https:\/\/gpl-love.com\/fr\/produit\/facetwp-bricks-builder\/","title":{"rendered":"FacetWP Flyout 0.8.4"},"content":{"rendered":"<h3>FacetWP Flyout Traits<\/h3>\n<p>Exploitez tout le potentiel de votre site web avec le plugin FacetWP Flyout. Ce guide complet de FacetWP Flyout vous guidera pas \u00e0 pas dans la configuration et l&rsquo;installation de FacetWP Flyout. D\u00e9couvrez les puissantes fonctionnalit\u00e9s de FacetWP Flyout qui rendent cet outil indispensable pour am\u00e9liorer l&rsquo;exp\u00e9rience utilisateur et booster l&rsquo;engagement.<\/p>\n<p>Explorez les bonnes pratiques et les conseils SEO de FacetWP Flyout pour optimiser la visibilit\u00e9 et les performances de votre site web. Que vous soyez novice ou exp\u00e9riment\u00e9, le tutoriel FacetWP Flyout fournit des instructions claires et concises pour une int\u00e9gration fluide. Explorez les options de personnalisation de FacetWP Flyout pour adapter le plugin \u00e0 vos besoins sp\u00e9cifiques.<\/p>\n<p>Envie de d\u00e9couvrir comment d&rsquo;autres l&rsquo;utilisent\u00a0? Consultez des exemples de FacetWP Flyout et d\u00e9couvrez des avis d\u00e9taill\u00e9s sur FacetWP Flyout. Vous rencontrez des probl\u00e8mes\u00a0? La section D\u00e9pannage de FacetWP Flyout propose des solutions aux probl\u00e8mes courants, garantissant un fonctionnement optimal.<\/p>\n<ul>\n<li>Int\u00e9gration transparente avec WordPress pour des fonctionnalit\u00e9s am\u00e9lior\u00e9es<\/li>\n<li>Interface conviviale pour une navigation simplifi\u00e9e<\/li>\n<li>Design de menu d\u00e9roulant personnalisable pour s&rsquo;adapter \u00e0 tous les th\u00e8mes de sites web<\/li>\n<li>Optimis\u00e9 pour la vitesse afin de garantir des temps de chargement rapides<\/li>\n<li>Mise en page responsive pour une compatibilit\u00e9 avec toutes les tailles d&rsquo;appareils<\/li>\n<li>Options de filtrage avanc\u00e9es pour une recherche plus pr\u00e9cise<\/li>\n<li>Interactions optimis\u00e9es par AJAX pour une exp\u00e9rience utilisateur fluide<\/li>\n<li>Convivial pour les d\u00e9veloppeurs gr\u00e2ce \u00e0 de nombreux filtres et hooks<\/li>\n<li>Compatible avec les th\u00e8mes et plugins populaires<\/li>\n<\/ul>\n","protected":false},"excerpt":{"rendered":"<p>D\u00e9couvrez la puissance du plugin FacetWP Flyout, con\u00e7u pour am\u00e9liorer facilement les fonctionnalit\u00e9s de votre site web. Que vous recherchiez un tutoriel complet sur FacetWP Flyout ou des conseils pour sa configuration et son installation, cet outil offre une int\u00e9gration fluide. D\u00e9couvrez ses fonctionnalit\u00e9s exceptionnelles et ses options de personnalisation dans notre guide d\u00e9taill\u00e9 sur FacetWP Flyout. B\u00e9n\u00e9ficiez des meilleures pratiques et des conseils SEO pour optimiser vos performances, tandis que nos conseils de d\u00e9pannage garantissent un fonctionnement fluide. Plongez dans des cas d&rsquo;utilisation et des exemples concrets pour voir FacetWP Flyout en action et am\u00e9liorer l&rsquo;exp\u00e9rience utilisateur de votre site sans effort. Transformez votre site web d\u00e8s aujourd&rsquo;hui gr\u00e2ce \u00e0 cet outil essentiel.<\/p>\n","protected":false},"featured_media":147424,"comment_status":"open","ping_status":"open","template":"","meta":[],"product_brand":[2543],"product_cat":[1189,1181,1186],"product_tag":[1482],"class_list":{"0":"post-147426","1":"product","2":"type-product","3":"status-publish","4":"has-post-thumbnail","6":"product_brand-facetwp","7":"product_cat-personnalisation","8":"product_cat-plugins","9":"product_cat-wordpress-plugins","10":"product_tag-facetwp","11":"member-discount","12":"discount-restricted","14":"first","15":"instock","16":"sale","17":"downloadable","18":"virtual","19":"sold-individually","20":"purchasable","21":"product-type-simple"},"_links":{"self":[{"href":"https:\/\/gpl-love.com\/fr\/wp-json\/wp\/v2\/product\/147426","targetHints":{"allow":["GET"]}}],"collection":[{"href":"https:\/\/gpl-love.com\/fr\/wp-json\/wp\/v2\/product"}],"about":[{"href":"https:\/\/gpl-love.com\/fr\/wp-json\/wp\/v2\/types\/product"}],"replies":[{"embeddable":true,"href":"https:\/\/gpl-love.com\/fr\/wp-json\/wp\/v2\/comments?post=147426"}],"wp:featuredmedia":[{"embeddable":true,"href":"https:\/\/gpl-love.com\/fr\/wp-json\/wp\/v2\/media\/147424"}],"wp:attachment":[{"href":"https:\/\/gpl-love.com\/fr\/wp-json\/wp\/v2\/media?parent=147426"}],"wp:term":[{"taxonomy":"product_brand","embeddable":true,"href":"https:\/\/gpl-love.com\/fr\/wp-json\/wp\/v2\/product_brand?post=147426"},{"taxonomy":"product_cat","embeddable":true,"href":"https:\/\/gpl-love.com\/fr\/wp-json\/wp\/v2\/product_cat?post=147426"},{"taxonomy":"product_tag","embeddable":true,"href":"https:\/\/gpl-love.com\/fr\/wp-json\/wp\/v2\/product_tag?post=147426"}],"curies":[{"name":"wp","href":"https:\/\/api.w.org\/{rel}","templated":true}]}}