{"id":147425,"date":"2025-06-03T00:00:00","date_gmt":"2025-06-02T22:00:00","guid":{"rendered":"https:\/\/gpl-love.com\/fr\/?post_type=product&#038;p=147425"},"modified":"2026-03-21T00:06:58","modified_gmt":"2026-03-20T23:06:58","slug":"facetwp-custom-hooks","status":"publish","type":"product","link":"https:\/\/gpl-love.com\/fr\/produit\/facetwp-custom-hooks\/","title":{"rendered":"FacetWP Load More 0.5"},"content":{"rendered":"<h3>FacetWP Load More Traits<\/h3>\n<p>D\u00e9couvrez la puissance du plugin FacetWP Load More, con\u00e7u pour am\u00e9liorer les performances de votre site web gr\u00e2ce \u00e0 un chargement de contenu fluide. Que vous soyez novice ou \u00e0 la recherche de conseils avanc\u00e9s, notre guide et tutoriel de configuration FacetWP Load More vous guidera pas \u00e0 pas. D\u00e9couvrez comment utiliser FacetWP Load More pour am\u00e9liorer l&rsquo;exp\u00e9rience utilisateur en l&rsquo;int\u00e9grant facilement \u00e0 votre site.<\/p>\n<p>Consultez un exemple de FacetWP Load More pour d\u00e9couvrir ses fonctionnalit\u00e9s en action. Gr\u00e2ce \u00e0 son excellente compatibilit\u00e9 avec FacetWP Load More, il fonctionne parfaitement avec divers th\u00e8mes et plugins, garantissant une exp\u00e9rience fluide. Besoin d&rsquo;aide\u00a0? L&rsquo;assistance FacetWP Load More est l\u00e0 pour r\u00e9pondre \u00e0 toutes vos questions.<\/p>\n<p>Optimisez votre configuration gr\u00e2ce aux conseils et aux bonnes pratiques de configuration de FacetWP Load More pour tirer le meilleur parti de votre plugin. Gardez une longueur d&rsquo;avance gr\u00e2ce aux mises \u00e0 jour de FacetWP Load More, qui proposent de nouvelles fonctionnalit\u00e9s et des am\u00e9liorations pour un fonctionnement optimal de votre site.<\/p>\n<ul>\n<li>Int\u00e9gration transparente avec FacetWP pour une exp\u00e9rience utilisateur am\u00e9lior\u00e9e<\/li>\n<li>Fonctionnalit\u00e9s Ajax pour un chargement fluide du contenu<\/li>\n<li>Boutons personnalisables pour s&rsquo;adapter \u00e0 l&rsquo;esth\u00e9tique du site<\/li>\n<li>Compatible avec divers th\u00e8mes et plugins<\/li>\n<li>Prise en charge des options de d\u00e9filement infini<\/li>\n<li>L\u00e9ger et optimis\u00e9 pour les performances<\/li>\n<li>Installation facile gr\u00e2ce \u00e0 des options de configuration simples<\/li>\n<li>Adapt\u00e9 aux mobiles pour une utilisation sur tous les appareils<\/li>\n<li>Adapt\u00e9 aux d\u00e9veloppeurs gr\u00e2ce \u00e0 des hooks et des filtres<\/li>\n<li>Augmente l&rsquo;engagement utilisateur en r\u00e9duisant les rechargements de page<\/li>\n<\/ul>\n","protected":false},"excerpt":{"rendered":"<p>B\u00e9n\u00e9ficiez d&rsquo;une navigation fluide avec le plugin FacetWP Load More, con\u00e7u pour optimiser les performances de votre site. D\u00e9couvrez comment utiliser FacetWP Load More gr\u00e2ce \u00e0 notre tutoriel complet et notre guide d&rsquo;installation, qui vous offrent des conseils clairs et les meilleures pratiques. B\u00e9n\u00e9ficiez d&rsquo;une int\u00e9gration fluide de FacetWP Load More et d&rsquo;une compatibilit\u00e9 avec vos syst\u00e8mes existants, avec un support fiable. Explorez des exemples concrets de FacetWP Load More et restez inform\u00e9 des derni\u00e8res am\u00e9liorations de performances. Le d\u00e9pannage est simple, garantissant le parfait fonctionnement de votre site. Optimisez les fonctionnalit\u00e9s de votre site gr\u00e2ce \u00e0 cet outil essentiel, qui optimise l&rsquo;engagement et la satisfaction des utilisateurs sans effort.<\/p>\n","protected":false},"featured_media":147422,"comment_status":"open","ping_status":"open","template":"","meta":[],"product_brand":[2543],"product_cat":[1189,1181,1186],"product_tag":[1482],"class_list":{"0":"post-147425","1":"product","2":"type-product","3":"status-publish","4":"has-post-thumbnail","6":"product_brand-facetwp","7":"product_cat-personnalisation","8":"product_cat-plugins","9":"product_cat-wordpress-plugins","10":"product_tag-facetwp","11":"member-discount","12":"discount-restricted","14":"first","15":"instock","16":"sale","17":"downloadable","18":"virtual","19":"sold-individually","20":"purchasable","21":"product-type-simple"},"_links":{"self":[{"href":"https:\/\/gpl-love.com\/fr\/wp-json\/wp\/v2\/product\/147425","targetHints":{"allow":["GET"]}}],"collection":[{"href":"https:\/\/gpl-love.com\/fr\/wp-json\/wp\/v2\/product"}],"about":[{"href":"https:\/\/gpl-love.com\/fr\/wp-json\/wp\/v2\/types\/product"}],"replies":[{"embeddable":true,"href":"https:\/\/gpl-love.com\/fr\/wp-json\/wp\/v2\/comments?post=147425"}],"wp:featuredmedia":[{"embeddable":true,"href":"https:\/\/gpl-love.com\/fr\/wp-json\/wp\/v2\/media\/147422"}],"wp:attachment":[{"href":"https:\/\/gpl-love.com\/fr\/wp-json\/wp\/v2\/media?parent=147425"}],"wp:term":[{"taxonomy":"product_brand","embeddable":true,"href":"https:\/\/gpl-love.com\/fr\/wp-json\/wp\/v2\/product_brand?post=147425"},{"taxonomy":"product_cat","embeddable":true,"href":"https:\/\/gpl-love.com\/fr\/wp-json\/wp\/v2\/product_cat?post=147425"},{"taxonomy":"product_tag","embeddable":true,"href":"https:\/\/gpl-love.com\/fr\/wp-json\/wp\/v2\/product_tag?post=147425"}],"curies":[{"name":"wp","href":"https:\/\/api.w.org\/{rel}","templated":true}]}}