{"id":147423,"date":"2025-06-02T00:00:00","date_gmt":"2025-06-01T22:00:00","guid":{"rendered":"https:\/\/gpl-love.com\/fr\/?post_type=product&#038;p=147423"},"modified":"2026-03-21T00:06:57","modified_gmt":"2026-03-20T23:06:57","slug":"facetwp-flyout","status":"publish","type":"product","link":"https:\/\/gpl-love.com\/fr\/produit\/facetwp-flyout\/","title":{"rendered":"FacetWP Polylang 1.2.2"},"content":{"rendered":"<h3>FacetWP Polylang Traits<\/h3>\n<p>Exploitez tout le potentiel de votre site WordPress multilingue gr\u00e2ce \u00e0 l&rsquo;int\u00e9gration FacetWP Polylang. Ce guide d&rsquo;installation simplifi\u00e9 vous guide pas \u00e0 pas, garantissant une compatibilit\u00e9 parfaite et une prise en charge multilingue optimis\u00e9e. Plongez dans le tutoriel complet de FacetWP Polylang pour ma\u00eetriser l&rsquo;utilisation efficace de FacetWP avec Polylang. D\u00e9couvrez les fonctionnalit\u00e9s de l&rsquo;extension qui font de FacetWP Polylang un choix id\u00e9al pour les champs personnalis\u00e9s et les param\u00e8tres de traduction.<\/p>\n<p>L&rsquo;installation de FacetWP Polylang est simple et le guide d&rsquo;utilisation d\u00e9taill\u00e9 vous fournit tout le n\u00e9cessaire pour une exp\u00e9rience optimale. Avec la documentation FacetWP Polylang \u00e0 port\u00e9e de main, configurer les param\u00e8tres de traduction devient un jeu d&rsquo;enfant. Optimisez votre site pour les moteurs de recherche gr\u00e2ce aux conseils SEO de FacetWP Polylang.<\/p>\n<ul>\n<li>Int\u00e9gration transparente avec Polylang pour une prise en charge multilingue.<\/li>\n<li>Permet aux filtres FacetWP de fonctionner dans diff\u00e9rentes langues.<\/li>\n<li>Offre une exp\u00e9rience utilisateur coh\u00e9rente pour un public international.<\/li>\n<li>Optimis\u00e9 pour les performances avec un impact minimal sur la vitesse du site.<\/li>\n<li>Compatible avec les types de publication et les taxonomies personnalis\u00e9s.<\/li>\n<li>Facilement configurable via l&rsquo;interface d&rsquo;administration WordPress.<\/li>\n<li>Prend en charge la traduction des libell\u00e9s et des options des facettes.<\/li>\n<li>Compatible avec les th\u00e8mes et extensions WordPress populaires.<\/li>\n<li>Mises \u00e0 jour r\u00e9guli\u00e8res pour garantir la compatibilit\u00e9 avec FacetWP et Polylang.<\/li>\n<\/ul>\n","protected":false},"excerpt":{"rendered":"<p>Exploitez tout le potentiel de votre site WordPress multilingue gr\u00e2ce \u00e0 l&rsquo;int\u00e9gration compl\u00e8te de FacetWP Polylang. Cette solution performante offre une compatibilit\u00e9 optimale et un support multilingue, vous permettant d&rsquo;atteindre un public international plus facilement que jamais. Suivez le guide d&rsquo;installation d\u00e9taill\u00e9 et la documentation utilisateur de FacetWP Polylang pour une installation fluide et des performances optimales. D\u00e9couvrez comment utiliser FacetWP avec Polylang gr\u00e2ce \u00e0 des tutoriels pas \u00e0 pas et explorez les fonctionnalit\u00e9s avanc\u00e9es des plugins, telles que les champs personnalis\u00e9s et les param\u00e8tres de traduction. Am\u00e9liorez la visibilit\u00e9 de votre site gr\u00e2ce aux conseils SEO de FacetWP Polylang et transformez votre strat\u00e9gie de contenu gr\u00e2ce \u00e0 cet outil essentiel pour WordPress.<\/p>\n","protected":false},"featured_media":147420,"comment_status":"open","ping_status":"open","template":"","meta":[],"product_brand":[2543],"product_cat":[1189,1181,1186],"product_tag":[1482],"class_list":{"0":"post-147423","1":"product","2":"type-product","3":"status-publish","4":"has-post-thumbnail","6":"product_brand-facetwp","7":"product_cat-personnalisation","8":"product_cat-plugins","9":"product_cat-wordpress-plugins","10":"product_tag-facetwp","11":"member-discount","12":"discount-restricted","14":"first","15":"instock","16":"sale","17":"downloadable","18":"virtual","19":"sold-individually","20":"purchasable","21":"product-type-simple"},"_links":{"self":[{"href":"https:\/\/gpl-love.com\/fr\/wp-json\/wp\/v2\/product\/147423","targetHints":{"allow":["GET"]}}],"collection":[{"href":"https:\/\/gpl-love.com\/fr\/wp-json\/wp\/v2\/product"}],"about":[{"href":"https:\/\/gpl-love.com\/fr\/wp-json\/wp\/v2\/types\/product"}],"replies":[{"embeddable":true,"href":"https:\/\/gpl-love.com\/fr\/wp-json\/wp\/v2\/comments?post=147423"}],"wp:featuredmedia":[{"embeddable":true,"href":"https:\/\/gpl-love.com\/fr\/wp-json\/wp\/v2\/media\/147420"}],"wp:attachment":[{"href":"https:\/\/gpl-love.com\/fr\/wp-json\/wp\/v2\/media?parent=147423"}],"wp:term":[{"taxonomy":"product_brand","embeddable":true,"href":"https:\/\/gpl-love.com\/fr\/wp-json\/wp\/v2\/product_brand?post=147423"},{"taxonomy":"product_cat","embeddable":true,"href":"https:\/\/gpl-love.com\/fr\/wp-json\/wp\/v2\/product_cat?post=147423"},{"taxonomy":"product_tag","embeddable":true,"href":"https:\/\/gpl-love.com\/fr\/wp-json\/wp\/v2\/product_tag?post=147423"}],"curies":[{"name":"wp","href":"https:\/\/api.w.org\/{rel}","templated":true}]}}