{"id":147421,"date":"2025-06-01T00:00:00","date_gmt":"2025-05-31T22:00:00","guid":{"rendered":"https:\/\/gpl-love.com\/fr\/?post_type=product&#038;p=147421"},"modified":"2026-03-21T00:06:56","modified_gmt":"2026-03-20T23:06:56","slug":"facetwp-load-more","status":"publish","type":"product","link":"https:\/\/gpl-love.com\/fr\/produit\/facetwp-load-more\/","title":{"rendered":"FacetWP Schedule Indexer 1.1"},"content":{"rendered":"<h3>FacetWP Schedule Indexer Traits<\/h3>\n<p>Exploitez tout le potentiel de votre site web avec FacetWP Schedule Indexer. Parfait pour les d\u00e9butants comme pour les utilisateurs exp\u00e9riment\u00e9s, cet outil puissant optimise facilement les performances de votre site. D\u00e9couvrez le tutoriel complet et le guide d&rsquo;installation de FacetWP Schedule Indexer pour int\u00e9grer l&rsquo;indexeur en toute simplicit\u00e9 \u00e0 votre flux de travail.<\/p>\n<p>D\u00e9couvrez les meilleures pratiques d&rsquo;optimisation SEO et assurez-vous que votre contenu soit toujours en t\u00eate des r\u00e9sultats des moteurs de recherche. Gr\u00e2ce \u00e0 ses fonctionnalit\u00e9s avanc\u00e9es et \u00e0 ses conseils de configuration, FacetWP Schedule Indexer est con\u00e7u pour s&rsquo;adapter \u00e0 vos besoins sp\u00e9cifiques. Que vous d\u00e9butiez ou que vous souhaitiez perfectionner vos comp\u00e9tences, le manuel d&rsquo;utilisation vous guide pas \u00e0 pas pour ma\u00eetriser l&rsquo;indexeur.<\/p>\n<p>Vous rencontrez des probl\u00e8mes\u00a0? La section \u00ab\u00a0D\u00e9pannage\u00a0\u00bb propose des solutions claires aux probl\u00e8mes courants, garantissant ainsi le bon fonctionnement de votre site. Apprenez \u00e0 utiliser FacetWP Schedule Indexer efficacement gr\u00e2ce \u00e0 des informations sur ses puissantes fonctionnalit\u00e9s et son efficacit\u00e9.<\/p>\n<ul>\n<li>Automatise l&rsquo;indexation des mises \u00e0 jour de contenu programm\u00e9es.<\/li>\n<li>S&rsquo;int\u00e8gre parfaitement \u00e0 FacetWP pour une exp\u00e9rience de recherche optimis\u00e9e.<\/li>\n<li>Prend en charge les types de publication et les taxonomies personnalis\u00e9s.<\/li>\n<li>R\u00e9duit la charge du serveur en optimisant les temps d&rsquo;indexation.<\/li>\n<li>Compatible avec WordPress Cron pour les t\u00e2ches planifi\u00e9es.<\/li>\n<li>Offre des intervalles d&rsquo;indexation flexibles pour r\u00e9pondre \u00e0 diff\u00e9rents besoins.<\/li>\n<li>Am\u00e9liore les performances du site gr\u00e2ce \u00e0 une gestion efficace des donn\u00e9es.<\/li>\n<li>Fournit une journalisation d\u00e9taill\u00e9e pour le suivi des activit\u00e9s d&rsquo;indexation.<\/li>\n<li>Installation et configuration faciles dans le tableau de bord WordPress.<\/li>\n<li>Garantit des r\u00e9sultats de recherche \u00e0 jour pour les modifications de contenu programm\u00e9es.<\/li>\n<\/ul>\n","protected":false},"excerpt":{"rendered":"<p>D\u00e9couvrez la puissance de FacetWP Schedule Indexer, une solution r\u00e9volutionnaire pour une gestion efficace de votre site web. Parfaits pour les d\u00e9butants comme pour les utilisateurs exp\u00e9riment\u00e9s, notre guide d&rsquo;installation complet et notre manuel d&rsquo;utilisation vous guident pas \u00e0 pas. D\u00e9couvrez les meilleures pratiques pour une optimisation SEO fluide et explorez des fonctionnalit\u00e9s avanc\u00e9es qui optimisent les performances de votre site. Gr\u00e2ce \u00e0 des conseils de configuration et de d\u00e9pannage, FacetWP Schedule Indexer garantit un fonctionnement fluide. Que vous recherchiez un tutoriel d\u00e9taill\u00e9 ou un guide de d\u00e9marrage rapide, apprenez \u00e0 exploiter pleinement le potentiel de cet outil pour une indexation plus efficace et \u00e9volutive.<\/p>\n","protected":false},"featured_media":147418,"comment_status":"open","ping_status":"open","template":"","meta":[],"product_brand":[2543],"product_cat":[1189,1181,1186],"product_tag":[1482],"class_list":{"0":"post-147421","1":"product","2":"type-product","3":"status-publish","4":"has-post-thumbnail","6":"product_brand-facetwp","7":"product_cat-personnalisation","8":"product_cat-plugins","9":"product_cat-wordpress-plugins","10":"product_tag-facetwp","11":"member-discount","12":"discount-restricted","14":"first","15":"instock","16":"sale","17":"downloadable","18":"virtual","19":"sold-individually","20":"purchasable","21":"product-type-simple"},"_links":{"self":[{"href":"https:\/\/gpl-love.com\/fr\/wp-json\/wp\/v2\/product\/147421","targetHints":{"allow":["GET"]}}],"collection":[{"href":"https:\/\/gpl-love.com\/fr\/wp-json\/wp\/v2\/product"}],"about":[{"href":"https:\/\/gpl-love.com\/fr\/wp-json\/wp\/v2\/types\/product"}],"replies":[{"embeddable":true,"href":"https:\/\/gpl-love.com\/fr\/wp-json\/wp\/v2\/comments?post=147421"}],"wp:featuredmedia":[{"embeddable":true,"href":"https:\/\/gpl-love.com\/fr\/wp-json\/wp\/v2\/media\/147418"}],"wp:attachment":[{"href":"https:\/\/gpl-love.com\/fr\/wp-json\/wp\/v2\/media?parent=147421"}],"wp:term":[{"taxonomy":"product_brand","embeddable":true,"href":"https:\/\/gpl-love.com\/fr\/wp-json\/wp\/v2\/product_brand?post=147421"},{"taxonomy":"product_cat","embeddable":true,"href":"https:\/\/gpl-love.com\/fr\/wp-json\/wp\/v2\/product_cat?post=147421"},{"taxonomy":"product_tag","embeddable":true,"href":"https:\/\/gpl-love.com\/fr\/wp-json\/wp\/v2\/product_tag?post=147421"}],"curies":[{"name":"wp","href":"https:\/\/api.w.org\/{rel}","templated":true}]}}