{"id":147417,"date":"2025-05-30T00:00:00","date_gmt":"2025-05-29T22:00:00","guid":{"rendered":"https:\/\/gpl-love.com\/fr\/?post_type=product&#038;p=147417"},"modified":"2026-03-21T00:06:55","modified_gmt":"2026-03-20T23:06:55","slug":"facetwp-schedule-indexer","status":"publish","type":"product","link":"https:\/\/gpl-love.com\/fr\/produit\/facetwp-schedule-indexer\/","title":{"rendered":"FacetWP Star Rating 1.0.4"},"content":{"rendered":"<h3>FacetWP Star Rating Traits<\/h3>\n<p>Optimisez votre site WordPress avec le puissant plugin FacetWP Star Rating. Cet outil polyvalent permet aux utilisateurs de laisser facilement leur avis gr\u00e2ce \u00e0 des \u00e9valuations intuitives. D\u00e9couvrez l&rsquo;impressionnante gamme de fonctionnalit\u00e9s de FacetWP Star Rating, con\u00e7ues pour optimiser l&rsquo;engagement des utilisateurs et sublimer votre contenu. Si vous vous demandez comment utiliser FacetWP Star Rating, notre tutoriel complet vous guide pas \u00e0 pas pour une int\u00e9gration fluide de FacetWP Star Rating.<\/p>\n<p>Exploitez le potentiel de votre site web gr\u00e2ce \u00e0 notre guide d&rsquo;installation d\u00e9taill\u00e9 de FacetWP Star Rating, garantissant une installation fluide. D\u00e9couvrez les meilleures pratiques de FacetWP Star Rating pour maximiser vos b\u00e9n\u00e9fices SEO et booster la visibilit\u00e9 de votre site. Personnalisez votre exp\u00e9rience avec les options de personnalisation de FacetWP Star Rating, pour une exp\u00e9rience parfaitement adapt\u00e9e \u00e0 vos besoins.<\/p>\n<ul>\n<li>Affiche les notes par \u00e9toiles g\u00e9n\u00e9r\u00e9es par les utilisateurs<\/li>\n<li>Compatible avec le syst\u00e8me de filtrage FacetWP<\/li>\n<li>Prend en charge les types de publication et les taxonomies personnalis\u00e9s<\/li>\n<li>Optimis\u00e9 par AJAX pour des mises \u00e0 jour fluides<\/li>\n<li>Offre des ic\u00f4nes et des couleurs d&rsquo;\u00e9toiles personnalisables<\/li>\n<li>Permet aux utilisateurs de soumettre des notes sans recharger la page<\/li>\n<li>S&rsquo;int\u00e8gre facilement aux th\u00e8mes WordPress<\/li>\n<li>Fournit des calculs de notes moyennes<\/li>\n<li>Design adapt\u00e9 aux mobiles et responsive<\/li>\n<li>Facile \u00e0 impl\u00e9menter avec des shortcodes ou des widgets<\/li>\n<\/ul>\n","protected":false},"excerpt":{"rendered":"<p>D\u00e9couvrez la puissance du plugin FacetWP Star Rating, con\u00e7u pour optimiser votre site WordPress gr\u00e2ce \u00e0 une int\u00e9gration et une personnalisation fluides. Explorez les fonctionnalit\u00e9s de FacetWP Star Rating et apprenez \u00e0 les utiliser gr\u00e2ce \u00e0 notre tutoriel complet. B\u00e9n\u00e9ficiez des avantages SEO et am\u00e9liorez l&rsquo;engagement utilisateur gr\u00e2ce \u00e0 des \u00e9valuations FacetWP Star Rating efficaces. Notre guide d&rsquo;installation et nos bonnes pratiques pour FacetWP Star Rating garantissent des performances optimales, tandis que le guide d&rsquo;utilisation et les conseils de d\u00e9pannage vous offrent une assistance continue. Comparez les alternatives \u00e0 FacetWP Star Rating et trouvez celle qui r\u00e9pond parfaitement \u00e0 vos besoins. Acc\u00e9dez \u00e0 un niveau d&rsquo;interaction sup\u00e9rieur avec FacetWP Star Rating pour WordPress.<\/p>\n","protected":false},"featured_media":147414,"comment_status":"open","ping_status":"open","template":"","meta":[],"product_brand":[2543],"product_cat":[1189,1181,1186],"product_tag":[1482],"class_list":{"0":"post-147417","1":"product","2":"type-product","3":"status-publish","4":"has-post-thumbnail","6":"product_brand-facetwp","7":"product_cat-personnalisation","8":"product_cat-plugins","9":"product_cat-wordpress-plugins","10":"product_tag-facetwp","11":"member-discount","12":"discount-restricted","14":"first","15":"instock","16":"sale","17":"downloadable","18":"virtual","19":"sold-individually","20":"purchasable","21":"product-type-simple"},"_links":{"self":[{"href":"https:\/\/gpl-love.com\/fr\/wp-json\/wp\/v2\/product\/147417","targetHints":{"allow":["GET"]}}],"collection":[{"href":"https:\/\/gpl-love.com\/fr\/wp-json\/wp\/v2\/product"}],"about":[{"href":"https:\/\/gpl-love.com\/fr\/wp-json\/wp\/v2\/types\/product"}],"replies":[{"embeddable":true,"href":"https:\/\/gpl-love.com\/fr\/wp-json\/wp\/v2\/comments?post=147417"}],"wp:featuredmedia":[{"embeddable":true,"href":"https:\/\/gpl-love.com\/fr\/wp-json\/wp\/v2\/media\/147414"}],"wp:attachment":[{"href":"https:\/\/gpl-love.com\/fr\/wp-json\/wp\/v2\/media?parent=147417"}],"wp:term":[{"taxonomy":"product_brand","embeddable":true,"href":"https:\/\/gpl-love.com\/fr\/wp-json\/wp\/v2\/product_brand?post=147417"},{"taxonomy":"product_cat","embeddable":true,"href":"https:\/\/gpl-love.com\/fr\/wp-json\/wp\/v2\/product_cat?post=147417"},{"taxonomy":"product_tag","embeddable":true,"href":"https:\/\/gpl-love.com\/fr\/wp-json\/wp\/v2\/product_tag?post=147417"}],"curies":[{"name":"wp","href":"https:\/\/api.w.org\/{rel}","templated":true}]}}