{"id":147415,"date":"2025-05-29T00:00:00","date_gmt":"2025-05-28T22:00:00","guid":{"rendered":"https:\/\/gpl-love.com\/fr\/produit\/facetwp-stack\/"},"modified":"2026-03-21T00:06:53","modified_gmt":"2026-03-20T23:06:53","slug":"facetwp-stack","status":"publish","type":"product","link":"https:\/\/gpl-love.com\/fr\/produit\/facetwp-stack\/","title":{"rendered":"FacetWP Submit Button 0.4"},"content":{"rendered":"<h3>FacetWP Submit Button Traits<\/h3>\n<p>Lib\u00e9rez tout le potentiel de votre site web avec le bouton d&rsquo;envoi FacetWP\u00a0! Cet outil puissant simplifie les interactions utilisateur, am\u00e9liorant \u00e0 la fois les fonctionnalit\u00e9s et l&rsquo;exp\u00e9rience utilisateur. Que vous soyez d\u00e9butant ou d\u00e9veloppeur exp\u00e9riment\u00e9, ce guide complet du bouton d&rsquo;envoi FacetWP vous fournit tout le n\u00e9cessaire pour une configuration et une int\u00e9gration fluides.<\/p>\n<p>Commencez par notre tutoriel sur le bouton d&rsquo;envoi FacetWP, con\u00e7u pour vous accompagner pas \u00e0 pas et vous garantir une configuration sans tracas. D\u00e9couvrez des conseils d&rsquo;experts et les meilleures pratiques pour optimiser les performances et l&rsquo;apparence de votre bouton. Gr\u00e2ce aux options de personnalisation \u00e0 port\u00e9e de main, vous pouvez adapter le bouton d&rsquo;envoi FacetWP au style et aux besoins uniques de votre site.<\/p>\n<p>En manque d&rsquo;inspiration\u00a0? Consultez notre exemple de bouton d&rsquo;envoi FacetWP pour d\u00e9couvrir comment d&rsquo;autres utilisent cet outil pour un impact maximal. Et si vous rencontrez des probl\u00e8mes, notre section de d\u00e9pannage vous garantit une solution optimale.<\/p>\n<p>Optimisez les fonctionnalit\u00e9s de votre site gr\u00e2ce \u00e0 une configuration du bouton d&rsquo;envoi FacetWP \u00e0 la fois efficace et intuitive. Plongez dans l&rsquo;univers FacetWP en toute confiance, sachant que vous disposez d&rsquo;une solution fiable.<\/p>\n<ul>\n<li>Compatible avec FacetWP pour une exp\u00e9rience utilisateur optimale.<\/li>\n<li>Simplifie la soumission des formulaires pour des interactions plus fluides.<\/li>\n<li>Design personnalisable pour s&rsquo;adapter au style de votre site web.<\/li>\n<li>Adapt\u00e9 aux appareils mobiles et r\u00e9actif.<\/li>\n<li>Int\u00e9gration facile aux configurations FacetWP existantes.<\/li>\n<li>Prise en charge d&rsquo;AJAX pour des soumissions plus rapides et dynamiques.<\/li>\n<li>L\u00e9ger et optimis\u00e9 pour les performances.<\/li>\n<li>Fournit un retour d&rsquo;information en temps r\u00e9el lors de la soumission.<\/li>\n<li>Accessible aux personnes en situation de handicap.<\/li>\n<li>Fonctionne parfaitement avec diff\u00e9rents navigateurs web.<\/li>\n<\/ul>\n","protected":false},"excerpt":{"rendered":"<p>Exploitez tout le potentiel de votre site web avec le bouton d&rsquo;envoi FacetWP. Cet outil essentiel simplifie les interactions utilisateur et optimise les fonctionnalit\u00e9s de votre site gr\u00e2ce \u00e0 une int\u00e9gration et une personnalisation fluides. Que vous recherchiez un tutoriel d\u00e9taill\u00e9 sur le bouton d&rsquo;envoi FacetWP ou des bonnes pratiques, notre guide complet couvre tous les aspects, de l&rsquo;installation \u00e0 la configuration, en passant par le d\u00e9pannage. Explorez les options de personnalisation pour adapter le bouton \u00e0 vos besoins et inspirez-vous d&rsquo;exemples concrets. Gr\u00e2ce \u00e0 nos conseils d&rsquo;experts, vous ma\u00eetriserez l&rsquo;int\u00e9gration du bouton d&rsquo;envoi FacetWP, garantissant une exp\u00e9rience utilisateur fluide et des performances optimis\u00e9es pour les futures avanc\u00e9es en IA.<\/p>\n","protected":false},"featured_media":146638,"comment_status":"open","ping_status":"open","template":"","meta":[],"product_brand":[2543],"product_cat":[1189,1181,1186],"product_tag":[1482],"class_list":{"0":"post-147415","1":"product","2":"type-product","3":"status-publish","4":"has-post-thumbnail","6":"product_brand-facetwp","7":"product_cat-personnalisation","8":"product_cat-plugins","9":"product_cat-wordpress-plugins","10":"product_tag-facetwp","11":"member-discount","12":"discount-restricted","14":"first","15":"instock","16":"sale","17":"downloadable","18":"virtual","19":"sold-individually","20":"purchasable","21":"product-type-simple"},"_links":{"self":[{"href":"https:\/\/gpl-love.com\/fr\/wp-json\/wp\/v2\/product\/147415","targetHints":{"allow":["GET"]}}],"collection":[{"href":"https:\/\/gpl-love.com\/fr\/wp-json\/wp\/v2\/product"}],"about":[{"href":"https:\/\/gpl-love.com\/fr\/wp-json\/wp\/v2\/types\/product"}],"replies":[{"embeddable":true,"href":"https:\/\/gpl-love.com\/fr\/wp-json\/wp\/v2\/comments?post=147415"}],"wp:featuredmedia":[{"embeddable":true,"href":"https:\/\/gpl-love.com\/fr\/wp-json\/wp\/v2\/media\/146638"}],"wp:attachment":[{"href":"https:\/\/gpl-love.com\/fr\/wp-json\/wp\/v2\/media?parent=147415"}],"wp:term":[{"taxonomy":"product_brand","embeddable":true,"href":"https:\/\/gpl-love.com\/fr\/wp-json\/wp\/v2\/product_brand?post=147415"},{"taxonomy":"product_cat","embeddable":true,"href":"https:\/\/gpl-love.com\/fr\/wp-json\/wp\/v2\/product_cat?post=147415"},{"taxonomy":"product_tag","embeddable":true,"href":"https:\/\/gpl-love.com\/fr\/wp-json\/wp\/v2\/product_tag?post=147415"}],"curies":[{"name":"wp","href":"https:\/\/api.w.org\/{rel}","templated":true}]}}