{"id":147413,"date":"2025-05-29T00:00:00","date_gmt":"2025-05-28T22:00:00","guid":{"rendered":"https:\/\/gpl-love.com\/fr\/produit\/facetwp-star-rating\/"},"modified":"2026-03-21T00:06:52","modified_gmt":"2026-03-20T23:06:52","slug":"facetwp-star-rating","status":"publish","type":"product","link":"https:\/\/gpl-love.com\/fr\/produit\/facetwp-star-rating\/","title":{"rendered":"FacetWP WPML 1.3.0"},"content":{"rendered":"<h3>FacetWP WPML Traits<\/h3>\n<p>Exploitez tout le potentiel de votre site WordPress multilingue gr\u00e2ce \u00e0 l&rsquo;int\u00e9gration fluide de FacetWP et WPML. Cette puissante combinaison garantit \u00e0 vos utilisateurs une navigation fluide et intuitive dans toutes les langues. Gr\u00e2ce \u00e0 la compatibilit\u00e9 FacetWP et WPML, votre site s&rsquo;adresse facilement \u00e0 un public international, am\u00e9liorant ainsi l&rsquo;engagement et la satisfaction des utilisateurs.<\/p>\n<p>Consultez le guide et le tutoriel complets d&rsquo;installation de FacetWP et WPML pour configurer votre site en toute simplicit\u00e9. La documentation d\u00e9taill\u00e9e de FacetWP et WPML fournit des instructions \u00e9tape par \u00e9tape pour une installation simplifi\u00e9e. D\u00e9couvrez les avantages de la prise en charge multilingue de FacetWP et WPML, permettant \u00e0 votre contenu de toucher un public plus large, sans barri\u00e8res linguistiques.<\/p>\n<p>Optimisez votre r\u00e9f\u00e9rencement FacetWP et WPML en optimisant la visibilit\u00e9 de votre site dans plusieurs langues, augmentant ainsi votre port\u00e9e et votre classement dans les moteurs de recherche. Le plugin FacetWP et WPML offre des fonctionnalit\u00e9s de traduction performantes, garantissant une repr\u00e9sentation pr\u00e9cise de chaque aspect de votre site dans les langues cibles.<\/p>\n<ul>\n<li>Int\u00e9gration transparente avec WPML pour les sites multilingues<\/li>\n<li>Filtrage dynamique pour le contenu multilingue<\/li>\n<li>Compatibilit\u00e9 avec les types de publication et les champs personnalis\u00e9s<\/li>\n<li>Filtrage AJAX pour une exp\u00e9rience utilisateur rapide et fluide<\/li>\n<li>Prise en charge de diff\u00e9rents types de champs, tels que les cases \u00e0 cocher, les listes d\u00e9roulantes et les plages de dates<\/li>\n<li>Installation et configuration faciles gr\u00e2ce \u00e0 une interface intuitive<\/li>\n<li>Possibilit\u00e9 de cr\u00e9er des options de recherche et de filtrage avanc\u00e9es<\/li>\n<li>Fonctionne avec les th\u00e8mes et extensions WordPress populaires<\/li>\n<li>Optimis\u00e9 pour les performances et l&rsquo;\u00e9volutivit\u00e9<\/li>\n<\/ul>\n","protected":false},"excerpt":{"rendered":"<p>B\u00e9n\u00e9ficiez de fonctionnalit\u00e9s multilingues fluides gr\u00e2ce \u00e0 l&rsquo;int\u00e9gration FacetWP WPML. B\u00e9n\u00e9ficiez d&rsquo;une compatibilit\u00e9 FacetWP WPML in\u00e9gal\u00e9e et assurez-vous que votre site s&rsquo;adresse \u00e0 un public international. Acc\u00e9dez \u00e0 notre guide d&rsquo;installation FacetWP WPML complet et \u00e0 notre tutoriel FacetWP WPML pour une installation facile. Am\u00e9liorez la visibilit\u00e9 de votre site gr\u00e2ce aux fonctionnalit\u00e9s SEO de FacetWP WPML et optimisez votre port\u00e9e. Le plugin FacetWP WPML offre des solutions de traduction performantes, soutenues par un forum d&rsquo;assistance FacetWP WPML actif et une documentation FacetWP WPML d\u00e9taill\u00e9e. Optimisez les performances multilingues de votre site web gr\u00e2ce \u00e0 la prise en charge multilingue fiable de FacetWP WPML, garantissant une exp\u00e9rience utilisateur optimale dans toutes les langues.<\/p>\n","protected":false},"featured_media":147411,"comment_status":"open","ping_status":"open","template":"","meta":[],"product_brand":[2543],"product_cat":[1189,1181,1186],"product_tag":[1482],"class_list":{"0":"post-147413","1":"product","2":"type-product","3":"status-publish","4":"has-post-thumbnail","6":"product_brand-facetwp","7":"product_cat-personnalisation","8":"product_cat-plugins","9":"product_cat-wordpress-plugins","10":"product_tag-facetwp","11":"member-discount","12":"discount-restricted","14":"first","15":"instock","16":"sale","17":"downloadable","18":"virtual","19":"sold-individually","20":"purchasable","21":"product-type-simple"},"_links":{"self":[{"href":"https:\/\/gpl-love.com\/fr\/wp-json\/wp\/v2\/product\/147413","targetHints":{"allow":["GET"]}}],"collection":[{"href":"https:\/\/gpl-love.com\/fr\/wp-json\/wp\/v2\/product"}],"about":[{"href":"https:\/\/gpl-love.com\/fr\/wp-json\/wp\/v2\/types\/product"}],"replies":[{"embeddable":true,"href":"https:\/\/gpl-love.com\/fr\/wp-json\/wp\/v2\/comments?post=147413"}],"wp:featuredmedia":[{"embeddable":true,"href":"https:\/\/gpl-love.com\/fr\/wp-json\/wp\/v2\/media\/147411"}],"wp:attachment":[{"href":"https:\/\/gpl-love.com\/fr\/wp-json\/wp\/v2\/media?parent=147413"}],"wp:term":[{"taxonomy":"product_brand","embeddable":true,"href":"https:\/\/gpl-love.com\/fr\/wp-json\/wp\/v2\/product_brand?post=147413"},{"taxonomy":"product_cat","embeddable":true,"href":"https:\/\/gpl-love.com\/fr\/wp-json\/wp\/v2\/product_cat?post=147413"},{"taxonomy":"product_tag","embeddable":true,"href":"https:\/\/gpl-love.com\/fr\/wp-json\/wp\/v2\/product_tag?post=147413"}],"curies":[{"name":"wp","href":"https:\/\/api.w.org\/{rel}","templated":true}]}}