{"id":147412,"date":"2025-06-30T00:00:00","date_gmt":"2025-06-29T22:00:00","guid":{"rendered":"https:\/\/gpl-love.com\/fr\/?post_type=product&#038;p=147412"},"modified":"2026-03-21T00:06:51","modified_gmt":"2026-03-20T23:06:51","slug":"facetwp-submit-button","status":"publish","type":"product","link":"https:\/\/gpl-love.com\/fr\/produit\/facetwp-submit-button\/","title":{"rendered":"VisualBlocks Pro 1.0.0"},"content":{"rendered":"<h3>VisualBlocks Pro Traits<\/h3>\n<p>Exploitez tout le potentiel de votre site WordPress avec WP Enjoy VisualBlocks Pro\u00a0! Cet outil puissant transforme votre processus de conception web et simplifie plus que jamais la cr\u00e9ation de mises en page \u00e9poustouflantes. D\u00e9couvrez les fonctionnalit\u00e9s exceptionnelles de WP Enjoy VisualBlocks Pro qui optimisent votre flux de travail et am\u00e9liorent votre productivit\u00e9. Envie de conna\u00eetre l&rsquo;avis des autres\u00a0? Consultez un test de WP Enjoy VisualBlocks Pro pour comparer ses performances \u00e0 celles de ses concurrents.<\/p>\n<p>Gr\u00e2ce \u00e0 ses options tarifaires flexibles, WP Enjoy VisualBlocks Pro propose une formule pour tous, des d\u00e9butants aux d\u00e9veloppeurs exp\u00e9riment\u00e9s. D\u00e9couvrez notre tutoriel complet sur WP Enjoy VisualBlocks Pro pour apprendre \u00e0 l&rsquo;utiliser efficacement. Profitez des nombreux avantages de WP Enjoy VisualBlocks Pro, notamment une int\u00e9gration fluide et une vaste biblioth\u00e8que de mod\u00e8les.<\/p>\n<ul>\n<li>\u00c9diteur de blocs avanc\u00e9\u00a0: Offre des fonctionnalit\u00e9s d\u2019\u00e9dition visuelle am\u00e9lior\u00e9es pour une exp\u00e9rience de cr\u00e9ation de contenu simplifi\u00e9e.<\/li>\n<li>Biblioth\u00e8que de blocs personnalisable\u00a0: Acc\u00e9dez \u00e0 une large gamme de blocs pour personnaliser votre site web selon vos besoins sp\u00e9cifiques.<\/li>\n<li>Interface conviviale\u00a0: Son design intuitif facilite la cr\u00e9ation et la gestion de contenu pour tous les utilisateurs, quel que soit leur niveau.<\/li>\n<li>Support du responsive design\u00a0: Garantit que tous les blocs sont optimis\u00e9s pour un affichage sur tous les appareils, am\u00e9liorant ainsi l\u2019exp\u00e9rience utilisateur.<\/li>\n<li>Fonctionnalit\u00e9 glisser-d\u00e9poser\u00a0: Simplifie la personnalisation de la mise en page gr\u00e2ce \u00e0 un simple glisser-d\u00e9poser.<\/li>\n<li>Options d\u2019int\u00e9gration\u00a0: S\u2019int\u00e8gre parfaitement aux plugins et th\u00e8mes WordPress populaires pour des fonctionnalit\u00e9s \u00e9tendues.<\/li>\n<li>\u00c9dition en temps r\u00e9el\u00a0: Permet un retour visuel imm\u00e9diat pendant l\u2019\u00e9dition, r\u00e9duisant ainsi le besoin d\u2019aper\u00e7us.<\/li>\n<li>Optimisation des performances\u00a0: Con\u00e7u pour des temps de chargement rapides afin d\u2019am\u00e9liorer la vitesse du site web et la satisfaction des utilisateurs.<\/li>\n<\/ul>\n","protected":false},"excerpt":{"rendered":"<p>D\u00e9couvrez la puissance de WP Enjoy VisualBlocks Pro\u00a0: la solution ultime pour cr\u00e9er facilement de superbes sites web. Cet outil intuitif offre des fonctionnalit\u00e9s in\u00e9gal\u00e9es, notamment des mod\u00e8les personnalisables et une compatibilit\u00e9 parfaite avec les plateformes les plus populaires. Que vous soyez d\u00e9butant ou expert, notre tutoriel d\u00e9taill\u00e9 sur WP Enjoy VisualBlocks Pro vous guidera pas \u00e0 pas. D\u00e9couvrez ses avantages gr\u00e2ce \u00e0 notre d\u00e9mo et d\u00e9couvrez ses tarifs comp\u00e9titifs. Restez inform\u00e9 gr\u00e2ce aux mises \u00e0 jour r\u00e9guli\u00e8res de WP Enjoy VisualBlocks Pro et b\u00e9n\u00e9ficiez d&rsquo;une assistance de premier ordre. Comparez les alternatives \u00e0 WP Enjoy VisualBlocks Pro et t\u00e9l\u00e9chargez-la d\u00e8s aujourd&rsquo;hui pour transformer votre approche web\u00a0!<\/p>\n","protected":false},"featured_media":147409,"comment_status":"open","ping_status":"open","template":"","meta":[],"product_brand":[2757],"product_cat":[1220,1212,1213],"product_tag":[2335],"class_list":{"0":"post-147412","1":"product","2":"type-product","3":"status-publish","4":"has-post-thumbnail","6":"product_brand-wp-enjoy","7":"product_cat-blog-magazine","8":"product_cat-themes","9":"product_cat-wordpress-themes","10":"product_tag-wp-enjoy","11":"member-discount","12":"discount-restricted","14":"first","15":"instock","16":"sale","17":"downloadable","18":"virtual","19":"sold-individually","20":"purchasable","21":"product-type-simple"},"_links":{"self":[{"href":"https:\/\/gpl-love.com\/fr\/wp-json\/wp\/v2\/product\/147412","targetHints":{"allow":["GET"]}}],"collection":[{"href":"https:\/\/gpl-love.com\/fr\/wp-json\/wp\/v2\/product"}],"about":[{"href":"https:\/\/gpl-love.com\/fr\/wp-json\/wp\/v2\/types\/product"}],"replies":[{"embeddable":true,"href":"https:\/\/gpl-love.com\/fr\/wp-json\/wp\/v2\/comments?post=147412"}],"wp:featuredmedia":[{"embeddable":true,"href":"https:\/\/gpl-love.com\/fr\/wp-json\/wp\/v2\/media\/147409"}],"wp:attachment":[{"href":"https:\/\/gpl-love.com\/fr\/wp-json\/wp\/v2\/media?parent=147412"}],"wp:term":[{"taxonomy":"product_brand","embeddable":true,"href":"https:\/\/gpl-love.com\/fr\/wp-json\/wp\/v2\/product_brand?post=147412"},{"taxonomy":"product_cat","embeddable":true,"href":"https:\/\/gpl-love.com\/fr\/wp-json\/wp\/v2\/product_cat?post=147412"},{"taxonomy":"product_tag","embeddable":true,"href":"https:\/\/gpl-love.com\/fr\/wp-json\/wp\/v2\/product_tag?post=147412"}],"curies":[{"name":"wp","href":"https:\/\/api.w.org\/{rel}","templated":true}]}}