{"id":147408,"date":"2025-06-28T00:00:00","date_gmt":"2025-06-27T22:00:00","guid":{"rendered":"https:\/\/gpl-love.com\/fr\/?post_type=product&#038;p=147408"},"modified":"2026-03-21T00:06:50","modified_gmt":"2026-03-20T23:06:50","slug":"visualblocks-pro","status":"publish","type":"product","link":"https:\/\/gpl-love.com\/fr\/produit\/visualblocks-pro\/","title":{"rendered":"MySupplier 1.0.0"},"content":{"rendered":"<h3>MySupplier Traits<\/h3>\n<p>D\u00e9couvrez la solution ultime pour une gestion fluide de vos fournisseurs avec WP Enjoy MySupplier. Cet outil innovant est con\u00e7u pour optimiser vos op\u00e9rations et vous offre des fonctionnalit\u00e9s haut de gamme, \u00e0 la fois conviviales et efficaces. Que vous soyez novice ou exp\u00e9riment\u00e9, notre **tutoriel WP Enjoy MySupplier** vous guidera facilement \u00e0 chaque \u00e9tape.<\/p>\n<p>Envie de conna\u00eetre l&rsquo;avis des autres utilisateurs\u00a0? Consultez les avis \u00e9logieux sur WP Enjoy MySupplier, r\u00e9dig\u00e9s par des utilisateurs satisfaits qui ont transform\u00e9 leur flux de travail. Gr\u00e2ce \u00e0 ses tarifs comp\u00e9titifs, optimiser vos processus m\u00e9tier n&rsquo;a jamais \u00e9t\u00e9 aussi abordable.<\/p>\n<p>D\u00e9couvrez les fonctionnalit\u00e9s uniques de WP Enjoy MySupplier qui le distinguent. Si vous envisagez vos options, notre **comparaison de WP Enjoy MySupplier** avec d&rsquo;autres outils vous montrera pourquoi il s&rsquo;agit du meilleur choix. Si vous cherchez des alternatives, vous constaterez que les avantages de WP Enjoy MySupplier sont incomparables.<\/p>\n<ul>\n<li>Int\u00e9gration transparente avec la plateforme MySupplier<\/li>\n<li>Interface conviviale pour une gestion simplifi\u00e9e<\/li>\n<li>Mises \u00e0 jour et notifications en temps r\u00e9el<\/li>\n<li>Traitement et cryptage s\u00e9curis\u00e9s des donn\u00e9es<\/li>\n<li>Tableau de bord et outils de reporting personnalisables<\/li>\n<li>Support multi-utilisateurs avec acc\u00e8s bas\u00e9 sur les r\u00f4les<\/li>\n<li>Conception mobile optimis\u00e9e pour un acc\u00e8s mobile<\/li>\n<li>Analyses et informations compl\u00e8tes<\/li>\n<li>Solutions \u00e9volutives pour les entreprises en croissance<\/li>\n<\/ul>\n","protected":false},"excerpt":{"rendered":"<p>D\u00e9couvrez la puissance de WP Enjoy MySupplier, la solution ultime pour g\u00e9rer vos relations fournisseurs. Dot\u00e9 de fonctionnalit\u00e9s exceptionnelles con\u00e7ues pour optimiser vos op\u00e9rations, cet outil r\u00e9volutionne les entreprises en qu\u00eate d&rsquo;efficacit\u00e9. Consultez les avis sur WP Enjoy MySupplier pour comparer ses performances avec d&rsquo;autres solutions. Vous envisagez un achat\u00a0? Comparez les tarifs et les avantages de WP Enjoy MySupplier pour trouver la solution la plus adapt\u00e9e \u00e0 vos besoins. D\u00e9couvrez notre tutoriel complet sur WP Enjoy MySupplier pour une configuration facile et optimisez votre potentiel gr\u00e2ce \u00e0 une assistance d\u00e9di\u00e9e. Choisissez WP Enjoy MySupplier d\u00e8s aujourd&rsquo;hui et r\u00e9volutionnez votre strat\u00e9gie de gestion des fournisseurs.<\/p>\n","protected":false},"featured_media":147405,"comment_status":"open","ping_status":"open","template":"","meta":[],"product_brand":[2757],"product_cat":[1220,1212,1213],"product_tag":[2335],"class_list":{"0":"post-147408","1":"product","2":"type-product","3":"status-publish","4":"has-post-thumbnail","6":"product_brand-wp-enjoy","7":"product_cat-blog-magazine","8":"product_cat-themes","9":"product_cat-wordpress-themes","10":"product_tag-wp-enjoy","11":"member-discount","12":"discount-restricted","14":"first","15":"instock","16":"sale","17":"downloadable","18":"virtual","19":"sold-individually","20":"purchasable","21":"product-type-simple"},"_links":{"self":[{"href":"https:\/\/gpl-love.com\/fr\/wp-json\/wp\/v2\/product\/147408","targetHints":{"allow":["GET"]}}],"collection":[{"href":"https:\/\/gpl-love.com\/fr\/wp-json\/wp\/v2\/product"}],"about":[{"href":"https:\/\/gpl-love.com\/fr\/wp-json\/wp\/v2\/types\/product"}],"replies":[{"embeddable":true,"href":"https:\/\/gpl-love.com\/fr\/wp-json\/wp\/v2\/comments?post=147408"}],"wp:featuredmedia":[{"embeddable":true,"href":"https:\/\/gpl-love.com\/fr\/wp-json\/wp\/v2\/media\/147405"}],"wp:attachment":[{"href":"https:\/\/gpl-love.com\/fr\/wp-json\/wp\/v2\/media?parent=147408"}],"wp:term":[{"taxonomy":"product_brand","embeddable":true,"href":"https:\/\/gpl-love.com\/fr\/wp-json\/wp\/v2\/product_brand?post=147408"},{"taxonomy":"product_cat","embeddable":true,"href":"https:\/\/gpl-love.com\/fr\/wp-json\/wp\/v2\/product_cat?post=147408"},{"taxonomy":"product_tag","embeddable":true,"href":"https:\/\/gpl-love.com\/fr\/wp-json\/wp\/v2\/product_tag?post=147408"}],"curies":[{"name":"wp","href":"https:\/\/api.w.org\/{rel}","templated":true}]}}