{"id":147402,"date":"2025-06-25T00:00:00","date_gmt":"2025-06-24T22:00:00","guid":{"rendered":"https:\/\/gpl-love.com\/fr\/?post_type=product&#038;p=147402"},"modified":"2026-03-21T00:06:47","modified_gmt":"2026-03-20T23:06:47","slug":"landingsite","status":"publish","type":"product","link":"https:\/\/gpl-love.com\/fr\/produit\/landingsite\/","title":{"rendered":"BlackVideo Pro 1.0.4"},"content":{"rendered":"<h3>BlackVideo Pro Traits<\/h3>\n<p>D\u00e9couvrez la puissance de la vid\u00e9o avec WP Enjoy BlackVideo Pro, l&rsquo;outil ultime pour am\u00e9liorer votre pr\u00e9sence en ligne. Que vous soyez d\u00e9butant ou expert, notre tutoriel et notre guide d&rsquo;utilisation complet vous guideront pas \u00e0 pas, simplifiant ainsi l&rsquo;installation et la configuration.<\/p>\n<p>Envie de d\u00e9couvrir ses fonctionnalit\u00e9s et ses avantages\u00a0? WP Enjoy BlackVideo Pro offre une technologie de pointe qui le distingue de ses concurrents. Notre guide comparatif d\u00e9taill\u00e9 explique pourquoi il est le choix id\u00e9al des passionn\u00e9s de vid\u00e9o. De plus, gr\u00e2ce \u00e0 des conseils avanc\u00e9s, m\u00eame les utilisateurs exp\u00e9riment\u00e9s peuvent donner une nouvelle dimension \u00e0 leurs projets.<\/p>\n<p>Vous envisagez d&rsquo;acheter WP Enjoy BlackVideo Pro\u00a0? Consultez notre test et avis sur WP Enjoy BlackVideo Pro pour d\u00e9couvrir pourquoi les utilisateurs pl\u00e9biscitent ses performances. Nous proposons \u00e9galement des prix comp\u00e9titifs et des remises exclusives pour faciliter l&rsquo;achat de WP Enjoy BlackVideo Pro.<\/p>\n<ul>\n<li>Logiciel de montage vid\u00e9o avanc\u00e9<\/li>\n<li>Interface utilisateur intuitive<\/li>\n<li>Options d&rsquo;exportation vid\u00e9o haute qualit\u00e9<\/li>\n<li>Prise en charge de plusieurs formats vid\u00e9o<\/li>\n<li>Effets et filtres vid\u00e9o en temps r\u00e9el<\/li>\n<li>Int\u00e9gration transparente avec les plugins les plus populaires<\/li>\n<li>Mod\u00e8les et th\u00e8mes personnalisables<\/li>\n<li>Rendu et traitement rapides<\/li>\n<li>Fonctionnalit\u00e9s de montage multipiste<\/li>\n<\/ul>\n","protected":false},"excerpt":{"rendered":"<p>D\u00e9couvrez la solution vid\u00e9o ultime avec WP Enjoy BlackVideo Pro. Cet outil innovant offre des fonctionnalit\u00e9s et des avantages in\u00e9gal\u00e9s, ce qui en fait le choix id\u00e9al pour les passionn\u00e9s de vid\u00e9o comme pour les professionnels. Consultez notre test complet de WP Enjoy BlackVideo Pro pour comprendre ses fonctionnalit\u00e9s. Que vous souhaitiez acheter WP Enjoy BlackVideo Pro ou que vous ayez besoin de conseils, notre tutoriel et notre guide d&rsquo;installation sont l\u00e0 pour vous. Comparez WP Enjoy BlackVideo Pro \u00e0 ses concurrents et d\u00e9couvrez pourquoi il est leader de sa cat\u00e9gorie. Avec ses prix comp\u00e9titifs et ses r\u00e9ductions, il est parfait pour les d\u00e9butants comme pour les experts. Consultez les t\u00e9moignages d&rsquo;utilisateurs et des conseils avanc\u00e9s pour optimiser votre exp\u00e9rience d\u00e8s aujourd&rsquo;hui.<\/p>\n","protected":false},"featured_media":147399,"comment_status":"open","ping_status":"open","template":"","meta":[],"product_brand":[2757],"product_cat":[1220,1212,1213],"product_tag":[2335],"class_list":{"0":"post-147402","1":"product","2":"type-product","3":"status-publish","4":"has-post-thumbnail","6":"product_brand-wp-enjoy","7":"product_cat-blog-magazine","8":"product_cat-themes","9":"product_cat-wordpress-themes","10":"product_tag-wp-enjoy","11":"member-discount","12":"discount-restricted","14":"first","15":"instock","16":"sale","17":"downloadable","18":"virtual","19":"sold-individually","20":"purchasable","21":"product-type-simple"},"_links":{"self":[{"href":"https:\/\/gpl-love.com\/fr\/wp-json\/wp\/v2\/product\/147402","targetHints":{"allow":["GET"]}}],"collection":[{"href":"https:\/\/gpl-love.com\/fr\/wp-json\/wp\/v2\/product"}],"about":[{"href":"https:\/\/gpl-love.com\/fr\/wp-json\/wp\/v2\/types\/product"}],"replies":[{"embeddable":true,"href":"https:\/\/gpl-love.com\/fr\/wp-json\/wp\/v2\/comments?post=147402"}],"wp:featuredmedia":[{"embeddable":true,"href":"https:\/\/gpl-love.com\/fr\/wp-json\/wp\/v2\/media\/147399"}],"wp:attachment":[{"href":"https:\/\/gpl-love.com\/fr\/wp-json\/wp\/v2\/media?parent=147402"}],"wp:term":[{"taxonomy":"product_brand","embeddable":true,"href":"https:\/\/gpl-love.com\/fr\/wp-json\/wp\/v2\/product_brand?post=147402"},{"taxonomy":"product_cat","embeddable":true,"href":"https:\/\/gpl-love.com\/fr\/wp-json\/wp\/v2\/product_cat?post=147402"},{"taxonomy":"product_tag","embeddable":true,"href":"https:\/\/gpl-love.com\/fr\/wp-json\/wp\/v2\/product_tag?post=147402"}],"curies":[{"name":"wp","href":"https:\/\/api.w.org\/{rel}","templated":true}]}}