{"id":147394,"date":"2025-06-21T00:00:00","date_gmt":"2025-06-20T22:00:00","guid":{"rendered":"https:\/\/gpl-love.com\/fr\/?post_type=product&#038;p=147394"},"modified":"2026-03-21T00:06:43","modified_gmt":"2026-03-20T23:06:43","slug":"visualnews-pro","status":"publish","type":"product","link":"https:\/\/gpl-love.com\/fr\/produit\/visualnews-pro\/","title":{"rendered":"VisualCompany Pro 1.0.5"},"content":{"rendered":"<h3>VisualCompany Pro Traits<\/h3>\n<p>D\u00e9couvrez WP Enjoy VisualCompany Pro, l&rsquo;extension WordPress ultime con\u00e7ue pour transformer le site web de votre entreprise. Exploitez toute la puissance de la visualisation de donn\u00e9es gr\u00e2ce \u00e0 cet outil de pointe, id\u00e9al pour am\u00e9liorer l&rsquo;attrait et les fonctionnalit\u00e9s de votre site. Que vous soyez un d\u00e9veloppeur exp\u00e9riment\u00e9 ou un novice en WordPress, les fonctionnalit\u00e9s d&rsquo;Enjoy VisualCompany Pro facilitent la cr\u00e9ation de contenu visuel exceptionnel.<\/p>\n<p>Envie d&rsquo;en savoir plus sur l&rsquo;exp\u00e9rience utilisateur\u00a0? Consultez la section Avis sur WP Enjoy VisualCompany Pro, remplie de t\u00e9moignages clients \u00e9logieux qui soulignent son impact sur les sites web d&rsquo;entreprise. Si vous \u00eates pr\u00eat \u00e0 vous lancer, le guide d&rsquo;installation d&rsquo;Enjoy VisualCompany Pro offre une configuration fluide et vous permet de visualiser rapidement vos donn\u00e9es avec WP Enjoy VisualCompany Pro.<\/p>\n<p>Notre guide d&rsquo;utilisation complet d&rsquo;Enjoy VisualCompany Pro vous pr\u00e9sente chaque fonctionnalit\u00e9 et vous aide \u00e0 tirer le meilleur parti de cette puissante extension. D\u00e9couvrez les tarifs comp\u00e9titifs de WP Enjoy VisualCompany Pro, adapt\u00e9s \u00e0 tous les budgets, pour optimiser votre site web sans vous ruiner.<\/p>\n<ul>\n<li>Int\u00e9gration transparente avec les plateformes VisualCompany<\/li>\n<li>Interface conviviale pour une navigation simplifi\u00e9e<\/li>\n<li>Options de personnalisation avanc\u00e9es pour une utilisation personnalis\u00e9e<\/li>\n<li>Outils de collaboration en temps r\u00e9el pour une efficacit\u00e9 optimale des \u00e9quipes<\/li>\n<li>Protocoles de s\u00e9curit\u00e9 renforc\u00e9s pour la protection des donn\u00e9es<\/li>\n<li>Analyses compl\u00e8tes pour des rapports pertinents<\/li>\n<li>Prise en charge robuste du contenu multim\u00e9dia<\/li>\n<li>Optimis\u00e9 pour les ordinateurs de bureau et les appareils mobiles<\/li>\n<li>Mises \u00e0 jour r\u00e9guli\u00e8res avec de nouvelles fonctionnalit\u00e9s et am\u00e9liorations<\/li>\n<\/ul>\n","protected":false},"excerpt":{"rendered":"<p>D\u00e9couvrez WP Enjoy VisualCompany Pro, l&rsquo;extension WordPress id\u00e9ale pour les entreprises souhaitant optimiser leur site web gr\u00e2ce \u00e0 des fonctionnalit\u00e9s visuelles de pointe. Visualisez vos donn\u00e9es en toute fluidit\u00e9 et captivez votre audience gr\u00e2ce \u00e0 notre plateforme intuitive. Explorez le guide d&rsquo;installation et le guide d&rsquo;utilisation complets d&rsquo;Enjoy VisualCompany Pro pour exploiter tout son potentiel. Envie d&rsquo;en savoir plus sur son impact\u00a0? Consultez les t\u00e9moignages clients et les avis pertinents sur WP Enjoy VisualCompany Pro. Con\u00e7ue pour les sites web professionnels, notre extension propose des tarifs comp\u00e9titifs adapt\u00e9s \u00e0 tous les budgets. D\u00e9couvrez pourquoi WP Enjoy VisualCompany Pro est le choix privil\u00e9gi\u00e9 des professionnels souhaitant am\u00e9liorer leur pr\u00e9sence en ligne avec des fonctionnalit\u00e9s professionnelles d\u00e8s aujourd&rsquo;hui.<\/p>\n","protected":false},"featured_media":147391,"comment_status":"open","ping_status":"open","template":"","meta":[],"product_brand":[2757],"product_cat":[1220,1212,1213],"product_tag":[2335],"class_list":{"0":"post-147394","1":"product","2":"type-product","3":"status-publish","4":"has-post-thumbnail","6":"product_brand-wp-enjoy","7":"product_cat-blog-magazine","8":"product_cat-themes","9":"product_cat-wordpress-themes","10":"product_tag-wp-enjoy","11":"member-discount","12":"discount-restricted","14":"first","15":"instock","16":"sale","17":"downloadable","18":"virtual","19":"sold-individually","20":"purchasable","21":"product-type-simple"},"_links":{"self":[{"href":"https:\/\/gpl-love.com\/fr\/wp-json\/wp\/v2\/product\/147394","targetHints":{"allow":["GET"]}}],"collection":[{"href":"https:\/\/gpl-love.com\/fr\/wp-json\/wp\/v2\/product"}],"about":[{"href":"https:\/\/gpl-love.com\/fr\/wp-json\/wp\/v2\/types\/product"}],"replies":[{"embeddable":true,"href":"https:\/\/gpl-love.com\/fr\/wp-json\/wp\/v2\/comments?post=147394"}],"wp:featuredmedia":[{"embeddable":true,"href":"https:\/\/gpl-love.com\/fr\/wp-json\/wp\/v2\/media\/147391"}],"wp:attachment":[{"href":"https:\/\/gpl-love.com\/fr\/wp-json\/wp\/v2\/media?parent=147394"}],"wp:term":[{"taxonomy":"product_brand","embeddable":true,"href":"https:\/\/gpl-love.com\/fr\/wp-json\/wp\/v2\/product_brand?post=147394"},{"taxonomy":"product_cat","embeddable":true,"href":"https:\/\/gpl-love.com\/fr\/wp-json\/wp\/v2\/product_cat?post=147394"},{"taxonomy":"product_tag","embeddable":true,"href":"https:\/\/gpl-love.com\/fr\/wp-json\/wp\/v2\/product_tag?post=147394"}],"curies":[{"name":"wp","href":"https:\/\/api.w.org\/{rel}","templated":true}]}}