{"id":147390,"date":"2025-06-19T00:00:00","date_gmt":"2025-06-18T22:00:00","guid":{"rendered":"https:\/\/gpl-love.com\/fr\/?post_type=product&#038;p=147390"},"modified":"2026-03-21T00:06:42","modified_gmt":"2026-03-20T23:06:42","slug":"visualcompany-pro","status":"publish","type":"product","link":"https:\/\/gpl-love.com\/fr\/produit\/visualcompany-pro\/","title":{"rendered":"VisualBlog Pro 1.0.9"},"content":{"rendered":"<h3>VisualBlog Pro Traits<\/h3>\n<p>Exploitez tout le potentiel de votre site WordPress avec WP Enjoy VisualBlog Pro, l&rsquo;outil ultime pour les blogueurs et les cr\u00e9ateurs de contenu. D\u00e9couvrez les nombreuses fonctionnalit\u00e9s de WP Enjoy VisualBlog Pro qui simplifient la cr\u00e9ation de blogs \u00e9poustouflants. Que vous soyez d\u00e9butant ou expert, notre tutoriel et guide complets WP Enjoy VisualBlog Pro vous guideront pas \u00e0 pas, de la configuration \u00e0 la personnalisation.<\/p>\n<p>T\u00e9l\u00e9chargez WP Enjoy VisualBlog Pro d\u00e8s aujourd&rsquo;hui et d\u00e9couvrez la simplicit\u00e9 d&rsquo;utilisation pl\u00e9biscit\u00e9e par des milliers d&rsquo;utilisateurs dans leurs avis. Gr\u00e2ce aux th\u00e8mes et mod\u00e8les flexibles de WP Enjoy VisualBlog Pro, cr\u00e9ez un blog unique et attrayant en un minimum d&rsquo;effort. Notre outil est con\u00e7u pour une personnalisation intuitive de WP Enjoy VisualBlog Pro, garantissant ainsi la r\u00e9ussite de votre blog.<\/p>\n<p>Vous envisagez le prix de WP Enjoy VisualBlog Pro\u00a0? C&rsquo;est un investissement en termes de qualit\u00e9 et d&rsquo;efficacit\u00e9, soutenu par notre \u00e9quipe d&rsquo;assistance d\u00e9di\u00e9e. D\u00e9couvrez la d\u00e9mo de WP Enjoy VisualBlog Pro pour d\u00e9couvrir comment il peut transformer votre exp\u00e9rience de blogging.<\/p>\n<ul>\n<li>Outils d&rsquo;\u00e9dition visuelle avanc\u00e9s pour une cr\u00e9ation de contenu fluide<\/li>\n<li>Design enti\u00e8rement r\u00e9actif pour une visualisation optimale sur tous les appareils<\/li>\n<li>Th\u00e8mes et mises en page personnalisables pour s&rsquo;adapter \u00e0 votre marque<\/li>\n<li>Outils SEO int\u00e9gr\u00e9s pour une meilleure visibilit\u00e9 sur les moteurs de recherche<\/li>\n<li>Fonctionnalit\u00e9s de partage int\u00e9gr\u00e9es sur les r\u00e9seaux sociaux pour une port\u00e9e accrue<\/li>\n<li>Temps de chargement rapides pour une exp\u00e9rience utilisateur am\u00e9lior\u00e9e<\/li>\n<li>Support client fiable pour le d\u00e9pannage et l&rsquo;assistance<\/li>\n<li>Compatibilit\u00e9 avec les plugins populaires pour des fonctionnalit\u00e9s \u00e9tendues<\/li>\n<li>Mises \u00e0 jour r\u00e9guli\u00e8res pour garantir la s\u00e9curit\u00e9 et l&rsquo;am\u00e9lioration des fonctionnalit\u00e9s<\/li>\n<li>Interface conviviale avec fonction glisser-d\u00e9poser pour une utilisation simplifi\u00e9e<\/li>\n<\/ul>\n","protected":false},"excerpt":{"rendered":"<p>D\u00e9couvrez l&rsquo;exp\u00e9rience blogging ultime avec WP Enjoy VisualBlog Pro, l&rsquo;outil id\u00e9al pour cr\u00e9er des sites web \u00e9poustouflants. Cette plateforme performante offre une multitude de fonctionnalit\u00e9s, notamment des th\u00e8mes et mod\u00e8les personnalisables, pour booster votre pr\u00e9sence en ligne. Que vous soyez d\u00e9butant ou expert, notre tutoriel complet et notre guide d&rsquo;installation WP Enjoy VisualBlog Pro vous permettront d&rsquo;\u00eatre op\u00e9rationnel en un rien de temps. Consultez notre test d\u00e9taill\u00e9 et notre d\u00e9mo pour comprendre les avantages et les tarifs. Besoin d&rsquo;aide\u00a0? Notre \u00e9quipe d&rsquo;assistance d\u00e9di\u00e9e est toujours l\u00e0 pour vous aider. Choisissez WP Enjoy VisualBlog Pro pour une exp\u00e9rience blogging in\u00e9gal\u00e9e.<\/p>\n","protected":false},"featured_media":147387,"comment_status":"open","ping_status":"open","template":"","meta":[],"product_brand":[2757],"product_cat":[1220,1212,1213],"product_tag":[2335],"class_list":{"0":"post-147390","1":"product","2":"type-product","3":"status-publish","4":"has-post-thumbnail","6":"product_brand-wp-enjoy","7":"product_cat-blog-magazine","8":"product_cat-themes","9":"product_cat-wordpress-themes","10":"product_tag-wp-enjoy","11":"member-discount","12":"discount-restricted","14":"first","15":"instock","16":"sale","17":"downloadable","18":"virtual","19":"sold-individually","20":"purchasable","21":"product-type-simple"},"_links":{"self":[{"href":"https:\/\/gpl-love.com\/fr\/wp-json\/wp\/v2\/product\/147390","targetHints":{"allow":["GET"]}}],"collection":[{"href":"https:\/\/gpl-love.com\/fr\/wp-json\/wp\/v2\/product"}],"about":[{"href":"https:\/\/gpl-love.com\/fr\/wp-json\/wp\/v2\/types\/product"}],"replies":[{"embeddable":true,"href":"https:\/\/gpl-love.com\/fr\/wp-json\/wp\/v2\/comments?post=147390"}],"wp:featuredmedia":[{"embeddable":true,"href":"https:\/\/gpl-love.com\/fr\/wp-json\/wp\/v2\/media\/147387"}],"wp:attachment":[{"href":"https:\/\/gpl-love.com\/fr\/wp-json\/wp\/v2\/media?parent=147390"}],"wp:term":[{"taxonomy":"product_brand","embeddable":true,"href":"https:\/\/gpl-love.com\/fr\/wp-json\/wp\/v2\/product_brand?post=147390"},{"taxonomy":"product_cat","embeddable":true,"href":"https:\/\/gpl-love.com\/fr\/wp-json\/wp\/v2\/product_cat?post=147390"},{"taxonomy":"product_tag","embeddable":true,"href":"https:\/\/gpl-love.com\/fr\/wp-json\/wp\/v2\/product_tag?post=147390"}],"curies":[{"name":"wp","href":"https:\/\/api.w.org\/{rel}","templated":true}]}}