{"id":147388,"date":"2025-06-18T00:00:00","date_gmt":"2025-06-17T22:00:00","guid":{"rendered":"https:\/\/gpl-love.com\/fr\/?post_type=product&#038;p=147388"},"modified":"2026-03-21T00:06:41","modified_gmt":"2026-03-20T23:06:41","slug":"visualbusiness-pro","status":"publish","type":"product","link":"https:\/\/gpl-love.com\/fr\/produit\/visualbusiness-pro\/","title":{"rendered":"VideoShare Pro 1.0.6"},"content":{"rendered":"<h3>VideoShare Pro Traits<\/h3>\n<p>D\u00e9couvrez WP Enjoy VideoShare Pro, l&rsquo;extension de partage vid\u00e9o ultime pour les passionn\u00e9s de WordPress\u00a0! Con\u00e7u pour am\u00e9liorer l&rsquo;exp\u00e9rience multim\u00e9dia de votre site web, WP Enjoy VideoShare Pro propose une interface conviviale qui facilite l&rsquo;int\u00e9gration vid\u00e9o. Que vous soyez novice ou expert, notre guide d&rsquo;installation et d&rsquo;utilisation complet vous guidera pas \u00e0 pas.<\/p>\n<p>Envie de d\u00e9couvrir ce qui rend cette extension indispensable\u00a0? Consultez notre test de WP Enjoy VideoShare Pro pour d\u00e9couvrir en quoi elle se distingue des autres alternatives. Pour ceux qui souhaitent approfondir leurs connaissances, notre d\u00e9mo de WP Enjoy VideoShare Pro offre une exp\u00e9rience pratique, mettant en avant ses puissantes fonctionnalit\u00e9s et ses options de personnalisation.<\/p>\n<p>\u00c0 un prix abordable, WP Enjoy VideoShare Pro vous garantit des avantages premium sans vous ruiner. Et si vous avez besoin d&rsquo;aide, notre \u00e9quipe d&rsquo;assistance d\u00e9di\u00e9e \u00e0 WP Enjoy VideoShare Pro est l\u00e0 pour vous aider.<\/p>\n<ul>\n<li>Fonctionnalit\u00e9s de partage vid\u00e9o fluides<\/li>\n<li>Interface conviviale pour une navigation simplifi\u00e9e<\/li>\n<li>Prise en charge de plusieurs formats vid\u00e9o<\/li>\n<li>Lecture vid\u00e9o haute qualit\u00e9<\/li>\n<li>Conceptions de lecteurs vid\u00e9o personnalisables<\/li>\n<li>Int\u00e9gration aux r\u00e9seaux sociaux pour un partage simplifi\u00e9<\/li>\n<li>Outils d&rsquo;analyse et de reporting avanc\u00e9s<\/li>\n<li>Conception mobile pour un acc\u00e8s mobile<\/li>\n<li>Options d&rsquo;h\u00e9bergement s\u00e9curis\u00e9es pour prot\u00e9ger le contenu<\/li>\n<\/ul>\n","protected":false},"excerpt":{"rendered":"<p>D\u00e9couvrez WP Enjoy VideoShare Pro, l&rsquo;extension WordPress ultime pour un partage vid\u00e9o fluide. D\u00e9couvrez des fonctionnalit\u00e9s in\u00e9gal\u00e9es gr\u00e2ce \u00e0 notre tutoriel d\u00e9taill\u00e9 sur WP Enjoy VideoShare Pro et explorez les avis des utilisateurs gr\u00e2ce \u00e0 des \u00e9valuations compl\u00e8tes. Son prix comp\u00e9titif garantit l&rsquo;accessibilit\u00e9, tandis que ses guides de t\u00e9l\u00e9chargement et d&rsquo;installation faciles simplifient l&rsquo;int\u00e9gration. Optimisez votre site gr\u00e2ce aux avantages de WP Enjoy VideoShare Pro et profitez d&rsquo;options de personnalisation sur mesure. \u00c9valuez les alternatives \u00e0 WP Enjoy VideoShare Pro pour comprendre pourquoi notre extension se d\u00e9marque. D\u00e9couvrez les d\u00e9mos de WP Enjoy VideoShare Pro et b\u00e9n\u00e9ficiez d&rsquo;une assistance d\u00e9di\u00e9e pour des performances et une int\u00e9gration optimales. Transformez vos capacit\u00e9s de partage vid\u00e9o d\u00e8s aujourd&rsquo;hui\u00a0!<\/p>\n","protected":false},"featured_media":147385,"comment_status":"open","ping_status":"open","template":"","meta":[],"product_brand":[2757],"product_cat":[1220,1212,1213],"product_tag":[2335],"class_list":{"0":"post-147388","1":"product","2":"type-product","3":"status-publish","4":"has-post-thumbnail","6":"product_brand-wp-enjoy","7":"product_cat-blog-magazine","8":"product_cat-themes","9":"product_cat-wordpress-themes","10":"product_tag-wp-enjoy","11":"member-discount","12":"discount-restricted","14":"first","15":"instock","16":"sale","17":"downloadable","18":"virtual","19":"sold-individually","20":"purchasable","21":"product-type-simple"},"_links":{"self":[{"href":"https:\/\/gpl-love.com\/fr\/wp-json\/wp\/v2\/product\/147388","targetHints":{"allow":["GET"]}}],"collection":[{"href":"https:\/\/gpl-love.com\/fr\/wp-json\/wp\/v2\/product"}],"about":[{"href":"https:\/\/gpl-love.com\/fr\/wp-json\/wp\/v2\/types\/product"}],"replies":[{"embeddable":true,"href":"https:\/\/gpl-love.com\/fr\/wp-json\/wp\/v2\/comments?post=147388"}],"wp:featuredmedia":[{"embeddable":true,"href":"https:\/\/gpl-love.com\/fr\/wp-json\/wp\/v2\/media\/147385"}],"wp:attachment":[{"href":"https:\/\/gpl-love.com\/fr\/wp-json\/wp\/v2\/media?parent=147388"}],"wp:term":[{"taxonomy":"product_brand","embeddable":true,"href":"https:\/\/gpl-love.com\/fr\/wp-json\/wp\/v2\/product_brand?post=147388"},{"taxonomy":"product_cat","embeddable":true,"href":"https:\/\/gpl-love.com\/fr\/wp-json\/wp\/v2\/product_cat?post=147388"},{"taxonomy":"product_tag","embeddable":true,"href":"https:\/\/gpl-love.com\/fr\/wp-json\/wp\/v2\/product_tag?post=147388"}],"curies":[{"name":"wp","href":"https:\/\/api.w.org\/{rel}","templated":true}]}}