{"id":147386,"date":"2025-06-17T00:00:00","date_gmt":"2025-06-16T22:00:00","guid":{"rendered":"https:\/\/gpl-love.com\/fr\/?post_type=product&#038;p=147386"},"modified":"2026-03-21T00:06:40","modified_gmt":"2026-03-20T23:06:40","slug":"visualblog-pro","status":"publish","type":"product","link":"https:\/\/gpl-love.com\/fr\/produit\/visualblog-pro\/","title":{"rendered":"VideoLife Pro 1.0.8"},"content":{"rendered":"<h3>VideoLife Pro Traits<\/h3>\n<p>D\u00e9couvrez l&rsquo;exp\u00e9rience de montage vid\u00e9o ultime avec WP Enjoy VideoLife Pro ! Cet outil puissant est con\u00e7u pour sublimer vos projets vid\u00e9o en toute simplicit\u00e9. Curieux de d\u00e9couvrir ses fonctionnalit\u00e9s ? Consultez notre test complet de WP Enjoy VideoLife Pro pour d\u00e9couvrir ses fonctionnalit\u00e9s exceptionnelles. Que vous soyez d\u00e9butant ou expert, notre tutoriel WP Enjoy VideoLife Pro vous guidera \u00e0 chaque \u00e9tape du processus.<\/p>\n<p>Pr\u00eat \u00e0 acheter ? Achetez WP Enjoy VideoLife Pro d\u00e8s aujourd&rsquo;hui et d\u00e9couvrez un monde de possibilit\u00e9s cr\u00e9atives. Nos tarifs comp\u00e9titifs WP Enjoy VideoLife Pro vous garantissent le meilleur rapport qualit\u00e9-prix. Restez \u00e0 l&rsquo;aff\u00fbt des r\u00e9ductions exclusives WP Enjoy VideoLife Pro pour encore plus d&rsquo;\u00e9conomies.<\/p>\n<p>Une fois votre achat effectu\u00e9, le t\u00e9l\u00e9chargement et l&rsquo;installation de WP Enjoy VideoLife Pro sont simples et vous permettent de cr\u00e9er des vid\u00e9os \u00e9poustouflantes en un rien de temps. Besoin d&rsquo;aide ? Notre \u00e9quipe d&rsquo;assistance d\u00e9di\u00e9e WP Enjoy VideoLife Pro est l\u00e0 pour vous aider.<\/p>\n<ul>\n<li>Fonctionnalit\u00e9s de streaming vid\u00e9o haute d\u00e9finition<\/li>\n<li>Int\u00e9gration transparente avec les plateformes vid\u00e9o les plus populaires<\/li>\n<li>Interface conviviale pour une navigation simplifi\u00e9e<\/li>\n<li>Outils de montage vid\u00e9o avanc\u00e9s inclus<\/li>\n<li>Options de stockage cloud pour le contenu vid\u00e9o<\/li>\n<li>Compatibilit\u00e9 multi-appareils pour un acc\u00e8s mobile<\/li>\n<li>Listes de lecture et cat\u00e9gories vid\u00e9o personnalisables<\/li>\n<li>Fonctionnalit\u00e9s de s\u00e9curit\u00e9 renforc\u00e9es pour la protection vid\u00e9o<\/li>\n<li>Analyses en temps r\u00e9el et indicateurs d&rsquo;engagement des spectateurs<\/li>\n<\/ul>\n","protected":false},"excerpt":{"rendered":"<p>D\u00e9couvrez WP Enjoy VideoLife Pro, la solution ultime pour une int\u00e9gration vid\u00e9o fluide sur votre site WordPress. D\u00e9couvrez des fonctionnalit\u00e9s in\u00e9gal\u00e9es gr\u00e2ce \u00e0 notre tutoriel complet sur WP Enjoy VideoLife Pro, con\u00e7u pour vous guider dans l&rsquo;installation et optimiser votre exp\u00e9rience. Consultez notre test de WP Enjoy VideoLife Pro pour d\u00e9couvrir pourquoi les utilisateurs pl\u00e9biscitent ses performances et sa polyvalence. Pr\u00eat \u00e0 transformer votre site\u00a0? Achetez WP Enjoy VideoLife Pro d\u00e8s aujourd&rsquo;hui et profitez de tarifs et de r\u00e9ductions sp\u00e9ciaux. T\u00e9l\u00e9chargez et installez facilement WP Enjoy VideoLife Pro, avec une assistance d\u00e9di\u00e9e. Explorez les alternatives \u00e0 WP Enjoy VideoLife Pro, mais rien ne vaut cette plateforme puissante.<\/p>\n","protected":false},"featured_media":147383,"comment_status":"open","ping_status":"open","template":"","meta":[],"product_brand":[2757],"product_cat":[1220,1212,1213],"product_tag":[2335],"class_list":{"0":"post-147386","1":"product","2":"type-product","3":"status-publish","4":"has-post-thumbnail","6":"product_brand-wp-enjoy","7":"product_cat-blog-magazine","8":"product_cat-themes","9":"product_cat-wordpress-themes","10":"product_tag-wp-enjoy","11":"member-discount","12":"discount-restricted","14":"first","15":"instock","16":"sale","17":"downloadable","18":"virtual","19":"sold-individually","20":"purchasable","21":"product-type-simple"},"_links":{"self":[{"href":"https:\/\/gpl-love.com\/fr\/wp-json\/wp\/v2\/product\/147386","targetHints":{"allow":["GET"]}}],"collection":[{"href":"https:\/\/gpl-love.com\/fr\/wp-json\/wp\/v2\/product"}],"about":[{"href":"https:\/\/gpl-love.com\/fr\/wp-json\/wp\/v2\/types\/product"}],"replies":[{"embeddable":true,"href":"https:\/\/gpl-love.com\/fr\/wp-json\/wp\/v2\/comments?post=147386"}],"wp:featuredmedia":[{"embeddable":true,"href":"https:\/\/gpl-love.com\/fr\/wp-json\/wp\/v2\/media\/147383"}],"wp:attachment":[{"href":"https:\/\/gpl-love.com\/fr\/wp-json\/wp\/v2\/media?parent=147386"}],"wp:term":[{"taxonomy":"product_brand","embeddable":true,"href":"https:\/\/gpl-love.com\/fr\/wp-json\/wp\/v2\/product_brand?post=147386"},{"taxonomy":"product_cat","embeddable":true,"href":"https:\/\/gpl-love.com\/fr\/wp-json\/wp\/v2\/product_cat?post=147386"},{"taxonomy":"product_tag","embeddable":true,"href":"https:\/\/gpl-love.com\/fr\/wp-json\/wp\/v2\/product_tag?post=147386"}],"curies":[{"name":"wp","href":"https:\/\/api.w.org\/{rel}","templated":true}]}}