{"id":147384,"date":"2025-06-16T00:00:00","date_gmt":"2025-06-15T22:00:00","guid":{"rendered":"https:\/\/gpl-love.com\/fr\/?post_type=product&#038;p=147384"},"modified":"2026-03-21T00:06:39","modified_gmt":"2026-03-20T23:06:39","slug":"videoshare-pro","status":"publish","type":"product","link":"https:\/\/gpl-love.com\/fr\/produit\/videoshare-pro\/","title":{"rendered":"JustVideo Pro 1.1.0"},"content":{"rendered":"<h3>JustVideo Pro Traits<\/h3>\n<p>D\u00e9couvrez le plugin vid\u00e9o ultime avec WP Enjoy JustVideo Pro, con\u00e7u pour am\u00e9liorer votre exp\u00e9rience WordPress. Cet outil complet offre des fonctionnalit\u00e9s incroyables qui le distinguent de la concurrence. Si vous souhaitez d\u00e9couvrir ce qui distingue WP Enjoy JustVideo Pro, consultez notre test d\u00e9taill\u00e9 pour en savoir plus.<\/p>\n<p>Pr\u00eat \u00e0 franchir le pas\u00a0? Achetez WP Enjoy JustVideo Pro et d\u00e9couvrez une multitude d&rsquo;avantages. De l&rsquo;int\u00e9gration fluide \u00e0 la configuration intuitive, ce plugin offre une installation sans tracas. Besoin d&rsquo;aide\u00a0? Le tutoriel et le guide d&rsquo;installation de WP Enjoy JustVideo Pro vous aideront \u00e0 d\u00e9marrer en douceur.<\/p>\n<p>Explorez les fonctionnalit\u00e9s de WP Enjoy JustVideo Pro, notamment son support performant et ses tarifs comp\u00e9titifs. Comparez WP Enjoy JustVideo Pro \u00e0 ses concurrents pour d\u00e9couvrir pourquoi il est le choix privil\u00e9gi\u00e9 des utilisateurs WordPress. Envie d&rsquo;\u00e9conomiser\u00a0? Gardez un \u0153il sur les coupons WP Enjoy JustVideo Pro pour profiter de la meilleure offre.<\/p>\n<ul>\n<li>Streaming vid\u00e9o haute d\u00e9finition<\/li>\n<li>Interface conviviale<\/li>\n<li>Compatibilit\u00e9 multi-appareils<\/li>\n<li>Listes de lecture vid\u00e9o personnalisables<\/li>\n<li>Outils de montage vid\u00e9o avanc\u00e9s<\/li>\n<li>Int\u00e9gration fluide aux r\u00e9seaux sociaux<\/li>\n<li>Partage vid\u00e9o s\u00e9curis\u00e9 et priv\u00e9<\/li>\n<li>Stockage vid\u00e9o dans le cloud<\/li>\n<li>Vid\u00e9o sans publicit\u00e9<\/li>\n<\/ul>\n","protected":false},"excerpt":{"rendered":"<p>D\u00e9couvrez la puissance de WP Enjoy JustVideo Pro, l&rsquo;extension vid\u00e9o ultime pour les passionn\u00e9s de WordPress. Dans notre test complet de WP Enjoy JustVideo Pro, d\u00e9couvrez pourquoi cet outil se d\u00e9marque de la concurrence. Achetez WP Enjoy JustVideo Pro en toute simplicit\u00e9 et profitez de ses fonctionnalit\u00e9s innovantes, notamment une installation et une configuration faciles. Notre tutoriel et guide d\u00e9taill\u00e9s sur WP Enjoy JustVideo Pro vous garantissent une exp\u00e9rience fluide, tandis que la d\u00e9mo met en avant ses incroyables avantages. Profitez des tarifs comp\u00e9titifs de WP Enjoy JustVideo Pro et ne manquez pas nos coupons exclusifs. Gr\u00e2ce \u00e0 son support exceptionnel, WP Enjoy JustVideo Pro est la solution id\u00e9ale pour am\u00e9liorer vos contenus vid\u00e9o en toute simplicit\u00e9. T\u00e9l\u00e9chargez-le d\u00e8s aujourd&rsquo;hui\u00a0!<\/p>\n","protected":false},"featured_media":147381,"comment_status":"open","ping_status":"open","template":"","meta":[],"product_brand":[2757],"product_cat":[1220,1212,1213],"product_tag":[2335],"class_list":{"0":"post-147384","1":"product","2":"type-product","3":"status-publish","4":"has-post-thumbnail","6":"product_brand-wp-enjoy","7":"product_cat-blog-magazine","8":"product_cat-themes","9":"product_cat-wordpress-themes","10":"product_tag-wp-enjoy","11":"member-discount","12":"discount-restricted","14":"first","15":"instock","16":"sale","17":"downloadable","18":"virtual","19":"sold-individually","20":"purchasable","21":"product-type-simple"},"_links":{"self":[{"href":"https:\/\/gpl-love.com\/fr\/wp-json\/wp\/v2\/product\/147384","targetHints":{"allow":["GET"]}}],"collection":[{"href":"https:\/\/gpl-love.com\/fr\/wp-json\/wp\/v2\/product"}],"about":[{"href":"https:\/\/gpl-love.com\/fr\/wp-json\/wp\/v2\/types\/product"}],"replies":[{"embeddable":true,"href":"https:\/\/gpl-love.com\/fr\/wp-json\/wp\/v2\/comments?post=147384"}],"wp:featuredmedia":[{"embeddable":true,"href":"https:\/\/gpl-love.com\/fr\/wp-json\/wp\/v2\/media\/147381"}],"wp:attachment":[{"href":"https:\/\/gpl-love.com\/fr\/wp-json\/wp\/v2\/media?parent=147384"}],"wp:term":[{"taxonomy":"product_brand","embeddable":true,"href":"https:\/\/gpl-love.com\/fr\/wp-json\/wp\/v2\/product_brand?post=147384"},{"taxonomy":"product_cat","embeddable":true,"href":"https:\/\/gpl-love.com\/fr\/wp-json\/wp\/v2\/product_cat?post=147384"},{"taxonomy":"product_tag","embeddable":true,"href":"https:\/\/gpl-love.com\/fr\/wp-json\/wp\/v2\/product_tag?post=147384"}],"curies":[{"name":"wp","href":"https:\/\/api.w.org\/{rel}","templated":true}]}}