{"id":147370,"date":"2025-06-09T00:00:00","date_gmt":"2025-06-08T22:00:00","guid":{"rendered":"https:\/\/gpl-love.com\/fr\/?post_type=product&#038;p=147370"},"modified":"2026-03-21T00:06:32","modified_gmt":"2026-03-20T23:06:32","slug":"blogsite-pro","status":"publish","type":"product","link":"https:\/\/gpl-love.com\/fr\/produit\/blogsite-pro\/","title":{"rendered":"BlogRank Pro 1.0.3"},"content":{"rendered":"<h3>BlogRank Pro Traits<\/h3>\n<p>D\u00e9couvrez l&rsquo;outil ultime pour les blogueurs\u00a0: WP Enjoy BlogRank Pro. Cette plateforme puissante offre tout ce dont vous avez besoin pour am\u00e9liorer les performances de votre blog. Gr\u00e2ce aux fonctionnalit\u00e9s de WP Enjoy BlogRank Pro, comme des conseils SEO avanc\u00e9s et des tutoriels d\u00e9taill\u00e9s, vous ma\u00eetriserez l&rsquo;art du blogging en un rien de temps. Que vous soyez d\u00e9butant ou r\u00e9dacteur exp\u00e9riment\u00e9, le guide d&rsquo;installation de WP Enjoy BlogRank Pro vous garantit une prise en main fluide.<\/p>\n<p>Envie de conna\u00eetre les tarifs de WP Enjoy BlogRank Pro\u00a0? Profitez de tarifs comp\u00e9titifs et d&rsquo;un rapport qualit\u00e9-prix exceptionnel. Comparez les alternatives \u00e0 WP Enjoy BlogRank Pro et d\u00e9couvrez les avis \u00e9logieux de nos utilisateurs. T\u00e9l\u00e9chargez WP Enjoy BlogRank Pro d\u00e8s aujourd&rsquo;hui et rejoignez les nombreux blogueurs \u00e0 succ\u00e8s qui font confiance \u00e0 notre outil.<\/p>\n<p>Vous cherchez un tutoriel sur WP Enjoy BlogRank Pro\u00a0? Nos guides faciles \u00e0 suivre vous expliquent comment utiliser efficacement WP Enjoy BlogRank Pro. D\u00e9couvrez ses nombreux avantages, notamment un meilleur classement dans les moteurs de recherche et une augmentation du trafic. WP Enjoy BlogRank Pro pour blogueurs est con\u00e7u pour vous aider \u00e0 r\u00e9ussir.<\/p>\n<ul>\n<li>Outils avanc\u00e9s d&rsquo;optimisation SEO<\/li>\n<li>Tableau de bord d&rsquo;analyse int\u00e9gr\u00e9<\/li>\n<li>Mod\u00e8les de blog personnalisables<\/li>\n<li>Interface conviviale<\/li>\n<li>Suggestions de mots cl\u00e9s en temps r\u00e9el<\/li>\n<li>Int\u00e9gration aux r\u00e9seaux sociaux<\/li>\n<li>Planification automatique du contenu<\/li>\n<li>Conception adapt\u00e9e aux mobiles<\/li>\n<li>Cryptage s\u00e9curis\u00e9 des donn\u00e9es<\/li>\n<\/ul>\n","protected":false},"excerpt":{"rendered":"<p>D\u00e9couvrez la puissance de WP Enjoy BlogRank Pro, l&rsquo;outil SEO ultime pour les blogueurs. Avec des fonctionnalit\u00e9s qui am\u00e9liorent la visibilit\u00e9 de votre site, notre tutoriel d\u00e9taill\u00e9 et notre guide d&rsquo;installation WP Enjoy BlogRank Pro facilitent la prise en main. Consultez les avis sur WP Enjoy BlogRank Pro pour comprendre pourquoi les utilisateurs l&rsquo;appr\u00e9cient et comparez-le aux alternatives pour trouver la solution id\u00e9ale. Profitez de tarifs comp\u00e9titifs pour WP Enjoy BlogRank Pro et apprenez \u00e0 l&rsquo;utiliser efficacement gr\u00e2ce \u00e0 nos conseils d&rsquo;experts en SEO. T\u00e9l\u00e9chargez-le d\u00e8s aujourd&rsquo;hui pour profiter de tous ses avantages et d\u00e9couvrez les t\u00e9moignages de r\u00e9ussite de WP Enjoy BlogRank Pro pour vous inspirer.<\/p>\n","protected":false},"featured_media":147367,"comment_status":"open","ping_status":"open","template":"","meta":[],"product_brand":[2757],"product_cat":[1220,1212,1213],"product_tag":[2335],"class_list":{"0":"post-147370","1":"product","2":"type-product","3":"status-publish","4":"has-post-thumbnail","6":"product_brand-wp-enjoy","7":"product_cat-blog-magazine","8":"product_cat-themes","9":"product_cat-wordpress-themes","10":"product_tag-wp-enjoy","11":"member-discount","12":"discount-restricted","14":"first","15":"instock","16":"sale","17":"downloadable","18":"virtual","19":"sold-individually","20":"purchasable","21":"product-type-simple"},"_links":{"self":[{"href":"https:\/\/gpl-love.com\/fr\/wp-json\/wp\/v2\/product\/147370","targetHints":{"allow":["GET"]}}],"collection":[{"href":"https:\/\/gpl-love.com\/fr\/wp-json\/wp\/v2\/product"}],"about":[{"href":"https:\/\/gpl-love.com\/fr\/wp-json\/wp\/v2\/types\/product"}],"replies":[{"embeddable":true,"href":"https:\/\/gpl-love.com\/fr\/wp-json\/wp\/v2\/comments?post=147370"}],"wp:featuredmedia":[{"embeddable":true,"href":"https:\/\/gpl-love.com\/fr\/wp-json\/wp\/v2\/media\/147367"}],"wp:attachment":[{"href":"https:\/\/gpl-love.com\/fr\/wp-json\/wp\/v2\/media?parent=147370"}],"wp:term":[{"taxonomy":"product_brand","embeddable":true,"href":"https:\/\/gpl-love.com\/fr\/wp-json\/wp\/v2\/product_brand?post=147370"},{"taxonomy":"product_cat","embeddable":true,"href":"https:\/\/gpl-love.com\/fr\/wp-json\/wp\/v2\/product_cat?post=147370"},{"taxonomy":"product_tag","embeddable":true,"href":"https:\/\/gpl-love.com\/fr\/wp-json\/wp\/v2\/product_tag?post=147370"}],"curies":[{"name":"wp","href":"https:\/\/api.w.org\/{rel}","templated":true}]}}