{"id":147368,"date":"2025-07-19T00:00:00","date_gmt":"2025-07-18T22:00:00","guid":{"rendered":"https:\/\/gpl-love.com\/fr\/?post_type=product&#038;p=147368"},"modified":"2026-03-21T00:06:31","modified_gmt":"2026-03-20T23:06:31","slug":"blogshare-pro","status":"publish","type":"product","link":"https:\/\/gpl-love.com\/fr\/produit\/blogshare-pro\/","title":{"rendered":"Bookory Book Store WooCommerce Theme 2.2.6"},"content":{"rendered":"<h3>Bookory Book Store WooCommerce Theme Traits<\/h3>\n<p>D\u00e9couvrez le th\u00e8me WooCommerce Bookory Book Store\u00a0: la solution id\u00e9ale pour cr\u00e9er une librairie en ligne captivante. Parfaitement con\u00e7u pour WordPress, le th\u00e8me Bookory Book Store pour WordPress offre une exp\u00e9rience fluide, tant pour les libraires que pour les clients. Que vous cr\u00e9iez une petite librairie ou une grande boutique en ligne, le th\u00e8me WooCommerce Bookory pour librairies en ligne offre toutes les fonctionnalit\u00e9s n\u00e9cessaires pour pr\u00e9senter et vendre efficacement vos livres.<\/p>\n<p>Sp\u00e9cialement con\u00e7u pour les sites WordPress, le th\u00e8me Bookory Bookstore offre une interface conviviale et des options de personnalisation qui refl\u00e8tent l&rsquo;identit\u00e9 unique de votre marque. Le th\u00e8me WordPress Bookory pour librairies permet \u00e0 votre site de se d\u00e9marquer, permettant \u00e0 vos clients de trouver et d&rsquo;acheter facilement leurs titres pr\u00e9f\u00e9r\u00e9s.<\/p>\n<p>Avec le th\u00e8me e-commerce Bookory pour libraires, g\u00e9rer votre stock et traiter vos transactions n&rsquo;a jamais \u00e9t\u00e9 aussi simple. Ce th\u00e8me WooCommerce est id\u00e9al pour la vente de livres en ligne, offrant une exp\u00e9rience d&rsquo;achat fluide et fid\u00e9lisant les clients.<\/p>\n<ul>\n<li>Design r\u00e9actif pour une navigation fluide sur tous les appareils<\/li>\n<li>Enti\u00e8rement compatible avec WooCommerce pour une configuration facile de votre boutique en ligne<\/li>\n<li>Pages d&rsquo;accueil pr\u00e9con\u00e7ues pour une personnalisation rapide<\/li>\n<li>Syst\u00e8me int\u00e9gr\u00e9 de critiques et d&rsquo;\u00e9valuations de livres<\/li>\n<li>Options de recherche et de filtrage avanc\u00e9es pour les cat\u00e9gories de livres<\/li>\n<li>Section blog int\u00e9gr\u00e9e pour interagir avec les lecteurs et les clients<\/li>\n<li>En-t\u00eates et pieds de page personnalisables pour correspondre \u00e0 votre marque<\/li>\n<li>Cr\u00e9ateur de pages par glisser-d\u00e9poser facile \u00e0 utiliser<\/li>\n<li>Optimis\u00e9 pour le r\u00e9f\u00e9rencement pour une meilleure visibilit\u00e9 sur les moteurs de recherche<\/li>\n<li>Support multilingue pour les clients internationaux<\/li>\n<\/ul>\n","protected":false},"excerpt":{"rendered":"<p>D\u00e9couvrez la solution id\u00e9ale pour votre librairie en ligne avec le th\u00e8me WooCommerce Bookory Book Store. Parfaitement con\u00e7u pour WordPress, ce th\u00e8me polyvalent est sp\u00e9cialement con\u00e7u pour les librairies et les libraires souhaitant optimiser leur pr\u00e9sence num\u00e9rique. Gr\u00e2ce \u00e0 l&rsquo;int\u00e9gration fluide de Bookory, vous pouvez cr\u00e9er un site e-commerce exceptionnel, con\u00e7u pour la vente de livres en ligne. Son interface intuitive garantit une exp\u00e9rience d&rsquo;achat attrayante, tandis que ses fonctionnalit\u00e9s personnalisables vous permettent de personnaliser facilement le site web de votre librairie. Optimisez votre site WordPress avec le th\u00e8me Bookory Bookstore et transformez votre librairie en ligne en un lieu incontournable pour les passionn\u00e9s de livres.<\/p>\n","protected":false},"featured_media":147365,"comment_status":"open","ping_status":"open","template":"","meta":[],"product_brand":[2433],"product_cat":[1238,1851,1212],"product_tag":[1366],"class_list":{"0":"post-147368","1":"product","2":"type-product","3":"status-publish","4":"has-post-thumbnail","6":"product_brand-themeforest","7":"product_cat-commerce-electronique-themes","8":"product_cat-entreprise-commerce-electronique-themes","9":"product_cat-themes","10":"product_tag-themeforest","11":"member-discount","12":"discount-restricted","14":"first","15":"instock","16":"sale","17":"downloadable","18":"virtual","19":"sold-individually","20":"purchasable","21":"product-type-simple"},"_links":{"self":[{"href":"https:\/\/gpl-love.com\/fr\/wp-json\/wp\/v2\/product\/147368","targetHints":{"allow":["GET"]}}],"collection":[{"href":"https:\/\/gpl-love.com\/fr\/wp-json\/wp\/v2\/product"}],"about":[{"href":"https:\/\/gpl-love.com\/fr\/wp-json\/wp\/v2\/types\/product"}],"replies":[{"embeddable":true,"href":"https:\/\/gpl-love.com\/fr\/wp-json\/wp\/v2\/comments?post=147368"}],"wp:featuredmedia":[{"embeddable":true,"href":"https:\/\/gpl-love.com\/fr\/wp-json\/wp\/v2\/media\/147365"}],"wp:attachment":[{"href":"https:\/\/gpl-love.com\/fr\/wp-json\/wp\/v2\/media?parent=147368"}],"wp:term":[{"taxonomy":"product_brand","embeddable":true,"href":"https:\/\/gpl-love.com\/fr\/wp-json\/wp\/v2\/product_brand?post=147368"},{"taxonomy":"product_cat","embeddable":true,"href":"https:\/\/gpl-love.com\/fr\/wp-json\/wp\/v2\/product_cat?post=147368"},{"taxonomy":"product_tag","embeddable":true,"href":"https:\/\/gpl-love.com\/fr\/wp-json\/wp\/v2\/product_tag?post=147368"}],"curies":[{"name":"wp","href":"https:\/\/api.w.org\/{rel}","templated":true}]}}