{"id":147364,"date":"2025-06-06T00:00:00","date_gmt":"2025-06-05T22:00:00","guid":{"rendered":"https:\/\/gpl-love.com\/fr\/?post_type=product&#038;p=147364"},"modified":"2026-03-21T00:06:30","modified_gmt":"2026-03-20T23:06:30","slug":"bookory-book-store-woocommerce-theme","status":"publish","type":"product","link":"https:\/\/gpl-love.com\/fr\/produit\/bookory-book-store-woocommerce-theme\/","title":{"rendered":"Paid Memberships Pro Zapier 1.2.4"},"content":{"rendered":"<h3>Paid Memberships Pro Zapier Traits<\/h3>\n<p>Exploitez tout le potentiel de votre site d&rsquo;adh\u00e9sion gr\u00e2ce \u00e0 l&rsquo;int\u00e9gration fluide de Paid Memberships Pro et de Zapier. Notre int\u00e9gration compl\u00e8te de Paid Memberships Pro avec Zapier vous permet de connecter facilement Zapier \u00e0 Paid Memberships Pro, ce qui vous permet d&rsquo;automatiser efficacement vos op\u00e9rations et de gagner du temps. Que vous souhaitiez automatiser Paid Memberships Pro avec Zapier ou explorer les d\u00e9clencheurs Zapier pour Paid Memberships Pro, notre guide d\u00e9taill\u00e9 de Paid Memberships Pro avec Zapier vous accompagne.<\/p>\n<p>La configuration est un jeu d&rsquo;enfant gr\u00e2ce \u00e0 notre tutoriel d\u00e9taill\u00e9 sur Paid Memberships Pro avec Zapier, con\u00e7u pour simplifier l&rsquo;utilisation de Zapier avec Paid Memberships Pro. Gr\u00e2ce \u00e0 cette int\u00e9gration, vous pouvez facilement cr\u00e9er des workflows personnalis\u00e9s et garantir une gestion efficace de vos adh\u00e9sions. De l&rsquo;envoi d&rsquo;e-mails de bienvenue aux nouveaux membres \u00e0 la mise \u00e0 jour des donn\u00e9es d&rsquo;adh\u00e9sion dans des feuilles de calcul, l&rsquo;automatisation Zapier transforme la gestion de vos adh\u00e9sions.<\/p>\n<ul>\n<li>Int\u00e9gration transparente avec Zapier pour l&rsquo;automatisation<\/li>\n<li>Connecte Paid Memberships Pro \u00e0 plus de 3\u00a0000 applications<\/li>\n<li>Automatise les t\u00e2ches de gestion des membres<\/li>\n<li>D\u00e9clenche des actions en fonction des \u00e9v\u00e9nements d&rsquo;adh\u00e9sion<\/li>\n<li>Prend en charge les flux de travail personnalis\u00e9s pour les sites d&rsquo;adh\u00e9sion<\/li>\n<li>Configuration facile, sans codage<\/li>\n<li>Am\u00e9liore la productivit\u00e9 en r\u00e9duisant les t\u00e2ches manuelles<\/li>\n<li>Synchronisation des donn\u00e9es en temps r\u00e9el entre les plateformes<\/li>\n<li>D\u00e9clencheurs et actions personnalisables pour des besoins sp\u00e9cifiques<\/li>\n<li>Id\u00e9al pour optimiser les op\u00e9rations d&rsquo;adh\u00e9sion<\/li>\n<\/ul>\n","protected":false},"excerpt":{"rendered":"<p>Automatisez et optimisez la gestion de vos adh\u00e9sions gr\u00e2ce \u00e0 l&rsquo;int\u00e9gration Zapier de Paid Memberships Pro. Connectez Zapier \u00e0 Paid Memberships Pro en toute simplicit\u00e9 et rationalisez vos flux de travail. Notre guide et tutoriel complets vous guideront tout au long de la configuration de Paid Memberships Pro avec Zapier, pour une exp\u00e9rience fluide. D\u00e9couvrez la puissance de l&rsquo;automatisation de Paid Memberships Pro avec Zapier et explorez les diff\u00e9rents d\u00e9clencheurs Zapier con\u00e7us pour optimiser vos op\u00e9rations. Que vous utilisiez Zapier avec Paid Memberships Pro pour la premi\u00e8re fois ou que vous cherchiez \u00e0 optimiser vos processus existants, nos solutions sont adapt\u00e9es \u00e0 vos besoins et vous permettent de vous concentrer sur la croissance de votre entreprise.<\/p>\n","protected":false},"featured_media":147361,"comment_status":"open","ping_status":"open","template":"","meta":[],"product_brand":[2620],"product_cat":[1189,1181,1186],"product_tag":[2307],"class_list":{"0":"post-147364","1":"product","2":"type-product","3":"status-publish","4":"has-post-thumbnail","6":"product_brand-paid-memberships-pro","7":"product_cat-personnalisation","8":"product_cat-plugins","9":"product_cat-wordpress-plugins","10":"product_tag-paid-memberships-pro","11":"member-discount","12":"discount-restricted","14":"first","15":"instock","16":"sale","17":"downloadable","18":"virtual","19":"sold-individually","20":"purchasable","21":"product-type-simple"},"_links":{"self":[{"href":"https:\/\/gpl-love.com\/fr\/wp-json\/wp\/v2\/product\/147364","targetHints":{"allow":["GET"]}}],"collection":[{"href":"https:\/\/gpl-love.com\/fr\/wp-json\/wp\/v2\/product"}],"about":[{"href":"https:\/\/gpl-love.com\/fr\/wp-json\/wp\/v2\/types\/product"}],"replies":[{"embeddable":true,"href":"https:\/\/gpl-love.com\/fr\/wp-json\/wp\/v2\/comments?post=147364"}],"wp:featuredmedia":[{"embeddable":true,"href":"https:\/\/gpl-love.com\/fr\/wp-json\/wp\/v2\/media\/147361"}],"wp:attachment":[{"href":"https:\/\/gpl-love.com\/fr\/wp-json\/wp\/v2\/media?parent=147364"}],"wp:term":[{"taxonomy":"product_brand","embeddable":true,"href":"https:\/\/gpl-love.com\/fr\/wp-json\/wp\/v2\/product_brand?post=147364"},{"taxonomy":"product_cat","embeddable":true,"href":"https:\/\/gpl-love.com\/fr\/wp-json\/wp\/v2\/product_cat?post=147364"},{"taxonomy":"product_tag","embeddable":true,"href":"https:\/\/gpl-love.com\/fr\/wp-json\/wp\/v2\/product_tag?post=147364"}],"curies":[{"name":"wp","href":"https:\/\/api.w.org\/{rel}","templated":true}]}}