{"id":147360,"date":"2025-06-04T00:00:00","date_gmt":"2025-06-03T22:00:00","guid":{"rendered":"https:\/\/gpl-love.com\/fr\/?post_type=product&#038;p=147360"},"modified":"2026-03-21T00:06:28","modified_gmt":"2026-03-20T23:06:28","slug":"paid-memberships-pro-zapier","status":"publish","type":"product","link":"https:\/\/gpl-love.com\/fr\/produit\/paid-memberships-pro-zapier\/","title":{"rendered":"AffiliateWP Affiliate Product Rates 1.2.1"},"content":{"rendered":"<h3>AffiliateWP Affiliate Product Rates Traits<\/h3>\n<p>Exploitez tout le potentiel de votre programme d&rsquo;affiliation avec le plugin AffiliateWP Affiliate Product Rates. Cet outil puissant vous permet de personnaliser les taux de commission de chaque produit et ainsi d&rsquo;optimiser vos revenus. Que vous soyez novice en marketing d&rsquo;affiliation ou expert, notre guide AffiliateWP Affiliate Product Rates vous propose des instructions \u00e9tape par \u00e9tape pour une configuration simplifi\u00e9e.<\/p>\n<p>D\u00e9couvrez les fonctionnalit\u00e9s intuitives d&rsquo;AffiliateWP Affiliate Product Rates qui simplifient la gestion et l&rsquo;optimisation de vos campagnes d&rsquo;affiliation. Des tutoriels d\u00e9taill\u00e9s \u00e0 la documentation compl\u00e8te, vous b\u00e9n\u00e9ficierez de toute l&rsquo;assistance n\u00e9cessaire. Notre \u00e9quipe d\u00e9di\u00e9e est toujours l\u00e0 pour vous aider et vous assurer de tirer le meilleur parti de votre investissement.<\/p>\n<p>La transparence est essentielle\u00a0; c&rsquo;est pourquoi nos tarifs AffiliateWP Affiliate Product Rates sont simples et comp\u00e9titifs. B\u00e9n\u00e9ficiez d&rsquo;une int\u00e9gration transparente avec vos syst\u00e8mes existants et optimisez vos capacit\u00e9s de gestion d&rsquo;affiliation en toute simplicit\u00e9.<\/p>\n<ul>\n<li>Taux de commission personnalisables pour chaque produit<\/li>\n<li>Int\u00e9gration transparente avec WooCommerce et Easy Digital Downloads<\/li>\n<li>Possibilit\u00e9 de d\u00e9finir des taux uniques pour des affili\u00e9s sp\u00e9cifiques<\/li>\n<li>Prise en charge des commissions en pourcentage et \u00e0 taux fixe<\/li>\n<li>Permet des structures de commissions \u00e9chelonn\u00e9es pour diff\u00e9rents produits<\/li>\n<li>Compatible avec les produits d&rsquo;abonnement r\u00e9currents<\/li>\n<li>Interface conviviale pour d\u00e9finir et g\u00e9rer les taux<\/li>\n<li>Calcul et application automatiques des taux lors du paiement<\/li>\n<li>Rapports complets sur les revenus des affili\u00e9s par produit<\/li>\n<li>Modification group\u00e9e des taux des produits pour plus d&rsquo;efficacit\u00e9<\/li>\n<\/ul>\n","protected":false},"excerpt":{"rendered":"<p>D\u00e9couvrez AffiliateWP Affiliate Product Rates, l&rsquo;extension id\u00e9ale pour optimiser votre strat\u00e9gie d&rsquo;affiliation. Notre guide complet et notre tutoriel d&rsquo;installation facile simplifient la gestion et la personnalisation de vos tarifs. D\u00e9couvrez des fonctionnalit\u00e9s exceptionnelles dans notre analyse d\u00e9taill\u00e9e et explorez des options de tarification comp\u00e9titives adapt\u00e9es \u00e0 vos besoins. Int\u00e9grez-vous facilement \u00e0 vos syst\u00e8mes existants et b\u00e9n\u00e9ficiez d&rsquo;une assistance performante gr\u00e2ce \u00e0 notre documentation compl\u00e8te. Que vous installiez votre solution pour la premi\u00e8re fois ou que vous am\u00e9lioriez votre configuration actuelle, AffiliateWP Affiliate Product Rates vous offre les outils et les informations n\u00e9cessaires \u00e0 votre r\u00e9ussite. Adoptez l&rsquo;avenir du marketing d&rsquo;affiliation bas\u00e9 sur l&rsquo;IA avec confiance et pr\u00e9cision.<\/p>\n","protected":false},"featured_media":147357,"comment_status":"open","ping_status":"open","template":"","meta":[],"product_brand":[2453],"product_cat":[1189,1181,1186],"product_tag":[1202],"class_list":{"0":"post-147360","1":"product","2":"type-product","3":"status-publish","4":"has-post-thumbnail","6":"product_brand-affiliate-wp","7":"product_cat-personnalisation","8":"product_cat-plugins","9":"product_cat-wordpress-plugins","10":"product_tag-affiliate-wp","11":"member-discount","12":"discount-restricted","14":"first","15":"instock","16":"sale","17":"downloadable","18":"virtual","19":"sold-individually","20":"purchasable","21":"product-type-simple"},"_links":{"self":[{"href":"https:\/\/gpl-love.com\/fr\/wp-json\/wp\/v2\/product\/147360","targetHints":{"allow":["GET"]}}],"collection":[{"href":"https:\/\/gpl-love.com\/fr\/wp-json\/wp\/v2\/product"}],"about":[{"href":"https:\/\/gpl-love.com\/fr\/wp-json\/wp\/v2\/types\/product"}],"replies":[{"embeddable":true,"href":"https:\/\/gpl-love.com\/fr\/wp-json\/wp\/v2\/comments?post=147360"}],"wp:featuredmedia":[{"embeddable":true,"href":"https:\/\/gpl-love.com\/fr\/wp-json\/wp\/v2\/media\/147357"}],"wp:attachment":[{"href":"https:\/\/gpl-love.com\/fr\/wp-json\/wp\/v2\/media?parent=147360"}],"wp:term":[{"taxonomy":"product_brand","embeddable":true,"href":"https:\/\/gpl-love.com\/fr\/wp-json\/wp\/v2\/product_brand?post=147360"},{"taxonomy":"product_cat","embeddable":true,"href":"https:\/\/gpl-love.com\/fr\/wp-json\/wp\/v2\/product_cat?post=147360"},{"taxonomy":"product_tag","embeddable":true,"href":"https:\/\/gpl-love.com\/fr\/wp-json\/wp\/v2\/product_tag?post=147360"}],"curies":[{"name":"wp","href":"https:\/\/api.w.org\/{rel}","templated":true}]}}