{"id":147358,"date":"2025-06-03T00:00:00","date_gmt":"2025-06-02T22:00:00","guid":{"rendered":"https:\/\/gpl-love.com\/fr\/?post_type=product&#038;p=147358"},"modified":"2026-03-21T00:06:27","modified_gmt":"2026-03-20T23:06:27","slug":"wowstore-pro","status":"publish","type":"product","link":"https:\/\/gpl-love.com\/fr\/produit\/wowstore-pro\/","title":{"rendered":"Winger Aviation et Flight School Wordpress Theme 1.0.16"},"content":{"rendered":"<h3>Winger Aviation et Flight School Wordpress Theme Traits<\/h3>\n<p>D\u00e9couvrez la solution id\u00e9ale pour le site web de votre \u00e9cole d&rsquo;aviation et de pilotage avec le th\u00e8me WordPress Winger Aviation and Flight School. Sp\u00e9cialement con\u00e7u pour r\u00e9pondre aux besoins des \u00e9coles d&rsquo;aviation et des centres de formation au pilotage, ce th\u00e8me est l&rsquo;un des meilleurs th\u00e8mes WordPress disponibles. Que vous souhaitiez le t\u00e9l\u00e9charger et d\u00e9marrer rapidement ou explorer des options de personnalisation avanc\u00e9es, Winger est l\u00e0 pour vous.<\/p>\n<p>D\u00e9couvrez comment utiliser le th\u00e8me WordPress Winger Aviation and Flight School gr\u00e2ce \u00e0 nos tutoriels complets, pour une installation fluide. D\u00e9couvrez les fonctionnalit\u00e9s exceptionnelles du th\u00e8me WordPress Winger Aviation and Flight School, qui font de Winger un choix de choix pour les \u00e9coles, notamment son design \u00e9l\u00e9gant et son interface conviviale. Consultez les avis sur le th\u00e8me WordPress Winger Aviation and Flight School pour comprendre pourquoi les enseignants et les professionnels de l&rsquo;aviation lui font confiance pour leur pr\u00e9sence en ligne.<\/p>\n<p>Gr\u00e2ce \u00e0 ses options sur mesure, Winger permet une personnalisation facile pour s&rsquo;adapter \u00e0 votre marque. Engagez les \u00e9tudiants potentiels et pr\u00e9sentez efficacement vos programmes de formation avec ce th\u00e8me WordPress pour \u00e9coles d&rsquo;aviation.<\/p>\n<ul>\n<li>Design enti\u00e8rement r\u00e9actif et optimis\u00e9 pour tous les appareils<\/li>\n<li>Int\u00e9gration transparente avec les plugins WordPress les plus populaires<\/li>\n<li>Mod\u00e8les pr\u00e9con\u00e7us pour sites web d&rsquo;aviation et d&rsquo;\u00e9coles de pilotage<\/li>\n<li>Personnalisation facile gr\u00e2ce \u00e0 un outil de cr\u00e9ation de pages par glisser-d\u00e9poser<\/li>\n<li>Syst\u00e8me complet de r\u00e9servation et de planification<\/li>\n<li>Optimisation SEO avanc\u00e9e pour une meilleure visibilit\u00e9 sur les moteurs de recherche<\/li>\n<li>Support multilingue pour une port\u00e9e mondiale<\/li>\n<li>Plateforme de blog int\u00e9gr\u00e9e pour les actualit\u00e9s et les mises \u00e0 jour<\/li>\n<li>Galeries d&rsquo;images et vid\u00e9os de haute qualit\u00e9<\/li>\n<\/ul>\n","protected":false},"excerpt":{"rendered":"<p>D\u00e9couvrez le th\u00e8me WordPress Winger pour \u00e9coles d&rsquo;aviation et de pilotage, la solution id\u00e9ale pour les \u00e9coles d&rsquo;aviation \u00e0 la recherche d&rsquo;une pr\u00e9sence en ligne moderne, personnalisable et riche en fonctionnalit\u00e9s. Nos tutoriels vous expliquent comment utiliser efficacement le th\u00e8me WordPress Winger pour \u00e9coles d&rsquo;aviation et de pilotage, et les avis clients soulignent sa position parmi les meilleurs th\u00e8mes WordPress pour l&rsquo;aviation. Explorez ses fonctionnalit\u00e9s uniques, adapt\u00e9es aux besoins des \u00e9coles d&rsquo;aviation et de pilotage. T\u00e9l\u00e9chargez le th\u00e8me WordPress Winger pour \u00e9coles d&rsquo;aviation et de pilotage d\u00e8s aujourd&rsquo;hui pour une personnalisation simplifi\u00e9e et une visibilit\u00e9 en ligne accrue de votre \u00e9tablissement gr\u00e2ce \u00e0 un th\u00e8me WordPress d&rsquo;aviation de pointe, con\u00e7u pour les \u00e9coles.<\/p>\n","protected":false},"featured_media":147356,"comment_status":"open","ping_status":"open","template":"","meta":[],"product_brand":[2433],"product_cat":[1516,1212,1213],"product_tag":[1366],"class_list":{"0":"post-147358","1":"product","2":"type-product","3":"status-publish","4":"has-post-thumbnail","6":"product_brand-themeforest","7":"product_cat-entreprise","8":"product_cat-themes","9":"product_cat-wordpress-themes","10":"product_tag-themeforest","11":"member-discount","12":"discount-restricted","14":"first","15":"instock","16":"sale","17":"downloadable","18":"virtual","19":"sold-individually","20":"purchasable","21":"product-type-simple"},"_links":{"self":[{"href":"https:\/\/gpl-love.com\/fr\/wp-json\/wp\/v2\/product\/147358","targetHints":{"allow":["GET"]}}],"collection":[{"href":"https:\/\/gpl-love.com\/fr\/wp-json\/wp\/v2\/product"}],"about":[{"href":"https:\/\/gpl-love.com\/fr\/wp-json\/wp\/v2\/types\/product"}],"replies":[{"embeddable":true,"href":"https:\/\/gpl-love.com\/fr\/wp-json\/wp\/v2\/comments?post=147358"}],"wp:featuredmedia":[{"embeddable":true,"href":"https:\/\/gpl-love.com\/fr\/wp-json\/wp\/v2\/media\/147356"}],"wp:attachment":[{"href":"https:\/\/gpl-love.com\/fr\/wp-json\/wp\/v2\/media?parent=147358"}],"wp:term":[{"taxonomy":"product_brand","embeddable":true,"href":"https:\/\/gpl-love.com\/fr\/wp-json\/wp\/v2\/product_brand?post=147358"},{"taxonomy":"product_cat","embeddable":true,"href":"https:\/\/gpl-love.com\/fr\/wp-json\/wp\/v2\/product_cat?post=147358"},{"taxonomy":"product_tag","embeddable":true,"href":"https:\/\/gpl-love.com\/fr\/wp-json\/wp\/v2\/product_tag?post=147358"}],"curies":[{"name":"wp","href":"https:\/\/api.w.org\/{rel}","templated":true}]}}