{"id":147347,"date":"2025-05-30T00:00:00","date_gmt":"2025-05-29T22:00:00","guid":{"rendered":"https:\/\/gpl-love.com\/fr\/produit\/histudy-education-wordpress-theme-3-0-6\/"},"modified":"2026-03-21T00:06:23","modified_gmt":"2026-03-20T23:06:23","slug":"histudy-education-wordpress-theme-3-0-6","status":"publish","type":"product","link":"https:\/\/gpl-love.com\/fr\/produit\/histudy-education-wordpress-theme-3-0-6\/","title":{"rendered":"Gatsby Wordpress et ecommerce Theme 2.0"},"content":{"rendered":"<h3>Gatsby Wordpress et ecommerce Theme Traits<\/h3>\n<p>D\u00e9couvrez le meilleur th\u00e8me WordPress e-commerce Gatsby, sp\u00e9cialement con\u00e7u pour les boutiques en ligne qui recherchent rapidit\u00e9 et \u00e9l\u00e9gance. Ce th\u00e8me WordPress e-commerce responsive offre une exp\u00e9rience d&rsquo;achat fluide sur tous les appareils. Gr\u00e2ce \u00e0 sa personnalisation facile, vous pouvez personnaliser votre boutique pour qu&rsquo;elle refl\u00e8te parfaitement votre marque. D\u00e9couvrez ses nombreuses fonctionnalit\u00e9s, notamment des temps de chargement ultra-rapides et une navigation intuitive, pour que vos clients profitent pleinement de chaque instant sur votre site.<\/p>\n<p>T\u00e9l\u00e9chargez le th\u00e8me WordPress e-commerce Gatsby d\u00e8s aujourd&rsquo;hui et transformez votre boutique avec un th\u00e8me aussi esth\u00e9tique que fonctionnel. Que vous soyez novice en cr\u00e9ation de sites web ou expert confirm\u00e9, notre tutoriel d\u00e9taill\u00e9 et notre guide d&rsquo;installation vous aideront \u00e0 lancer votre boutique en ligne en toute simplicit\u00e9.<\/p>\n<p>Envie de conna\u00eetre l&rsquo;avis des autres\u00a0? Consultez nos avis sur le th\u00e8me WordPress e-commerce Gatsby et d\u00e9couvrez pourquoi il est si appr\u00e9ci\u00e9 des entrepreneurs. Id\u00e9al pour ceux qui recherchent performance et style, ce th\u00e8me se d\u00e9marque sur le march\u00e9 concurrentiel du e-commerce.<\/p>\n<ul>\n<li>Design enti\u00e8rement responsive, optimis\u00e9 pour tous les appareils<\/li>\n<li>Int\u00e9gration transparente avec WooCommerce pour les boutiques en ligne<\/li>\n<li>Pages d&rsquo;accueil personnalisables gr\u00e2ce \u00e0 la fonctionnalit\u00e9 glisser-d\u00e9poser<\/li>\n<li>Structure optimis\u00e9e pour le SEO pour am\u00e9liorer le classement dans les moteurs de recherche<\/li>\n<li>Chargement rapide gr\u00e2ce \u00e0 un code optimis\u00e9<\/li>\n<li>Plusieurs mod\u00e8les pr\u00e9d\u00e9finis pour diff\u00e9rents secteurs d&rsquo;activit\u00e9<\/li>\n<li>Panneau d&rsquo;options de th\u00e8me facile \u00e0 utiliser pour une personnalisation rapide<\/li>\n<li>Prise en charge int\u00e9gr\u00e9e des plugins WordPress populaires<\/li>\n<li>Mises \u00e0 jour r\u00e9guli\u00e8res pour la compatibilit\u00e9 et la s\u00e9curit\u00e9<\/li>\n<\/ul>\n","protected":false},"excerpt":{"rendered":"<p>D\u00e9couvrez la solution id\u00e9ale pour votre boutique en ligne avec notre th\u00e8me WordPress e-commerce Gatsby. Reconnu comme le meilleur th\u00e8me WordPress e-commerce Gatsby, il offre des options de personnalisation in\u00e9gal\u00e9es, id\u00e9ales pour personnaliser votre site \u00e0 la perfection. Facilement t\u00e9l\u00e9chargeable, ce th\u00e8me responsive garantit une navigation fluide sur tous les appareils. D\u00e9couvrez ses fonctionnalit\u00e9s exceptionnelles gr\u00e2ce \u00e0 nos guides d&rsquo;installation et tutoriels complets. Consultez les avis clients qui soulignent son design convivial et ses puissantes fonctionnalit\u00e9s. Optimisez votre pr\u00e9sence e-commerce d\u00e8s aujourd&rsquo;hui avec le th\u00e8me WordPress e-commerce Gatsby, con\u00e7u pour r\u00e9pondre aux besoins futurs de l&rsquo;IA et offrir une exp\u00e9rience d&rsquo;achat unique.<\/p>\n","protected":false},"featured_media":147352,"comment_status":"open","ping_status":"open","template":"","meta":[],"product_brand":[2433],"product_cat":[1238,1851,1212],"product_tag":[1366],"class_list":{"0":"post-147347","1":"product","2":"type-product","3":"status-publish","4":"has-post-thumbnail","6":"product_brand-themeforest","7":"product_cat-commerce-electronique-themes","8":"product_cat-entreprise-commerce-electronique-themes","9":"product_cat-themes","10":"product_tag-themeforest","11":"member-discount","12":"discount-restricted","14":"first","15":"instock","16":"sale","17":"downloadable","18":"virtual","19":"sold-individually","20":"purchasable","21":"product-type-simple"},"_links":{"self":[{"href":"https:\/\/gpl-love.com\/fr\/wp-json\/wp\/v2\/product\/147347","targetHints":{"allow":["GET"]}}],"collection":[{"href":"https:\/\/gpl-love.com\/fr\/wp-json\/wp\/v2\/product"}],"about":[{"href":"https:\/\/gpl-love.com\/fr\/wp-json\/wp\/v2\/types\/product"}],"replies":[{"embeddable":true,"href":"https:\/\/gpl-love.com\/fr\/wp-json\/wp\/v2\/comments?post=147347"}],"wp:featuredmedia":[{"embeddable":true,"href":"https:\/\/gpl-love.com\/fr\/wp-json\/wp\/v2\/media\/147352"}],"wp:attachment":[{"href":"https:\/\/gpl-love.com\/fr\/wp-json\/wp\/v2\/media?parent=147347"}],"wp:term":[{"taxonomy":"product_brand","embeddable":true,"href":"https:\/\/gpl-love.com\/fr\/wp-json\/wp\/v2\/product_brand?post=147347"},{"taxonomy":"product_cat","embeddable":true,"href":"https:\/\/gpl-love.com\/fr\/wp-json\/wp\/v2\/product_cat?post=147347"},{"taxonomy":"product_tag","embeddable":true,"href":"https:\/\/gpl-love.com\/fr\/wp-json\/wp\/v2\/product_tag?post=147347"}],"curies":[{"name":"wp","href":"https:\/\/api.w.org\/{rel}","templated":true}]}}