{"id":147345,"date":"2026-03-08T00:00:00","date_gmt":"2026-03-07T23:00:00","guid":{"rendered":"https:\/\/gpl-love.com\/fr\/produit\/gatsby-wordpress-et-ecommerce-theme-2-0\/"},"modified":"2026-03-21T00:06:21","modified_gmt":"2026-03-20T23:06:21","slug":"gatsby-wordpress-et-ecommerce-theme-2-0","status":"publish","type":"product","link":"https:\/\/gpl-love.com\/fr\/produit\/gatsby-wordpress-et-ecommerce-theme-2-0\/","title":{"rendered":"WPDesk WooCommerce Print Orders et Address Labels 1.4.30"},"content":{"rendered":"<h3>WPDesk WooCommerce Print Orders et Address Labels Traits<\/h3>\n<p>D\u00e9couvrez le plugin WPDesk WooCommerce Print Orders and Address Labels, la solution id\u00e9ale pour une gestion fluide des commandes dans votre boutique WooCommerce. Cet outil innovant est con\u00e7u pour optimiser vos op\u00e9rations e-commerce en vous permettant d&rsquo;imprimer facilement des commandes et de g\u00e9n\u00e9rer des \u00e9tiquettes d&rsquo;adresse directement depuis votre tableau de bord WooCommerce.<\/p>\n<p>Avec WPDesk WooCommerce Print Orders and Address Labels, g\u00e9rez facilement vos exp\u00e9ditions et assurez-vous que chaque colis est correctement \u00e9tiquet\u00e9 et pr\u00eat \u00e0 \u00eatre exp\u00e9di\u00e9. Dites adieu aux erreurs de saisie manuelle et gagnez un temps pr\u00e9cieux gr\u00e2ce \u00e0 notre interface intuitive et conviviale.<\/p>\n<p>Notre plugin s&rsquo;int\u00e8gre parfaitement \u00e0 votre configuration WooCommerce existante, offrant une exp\u00e9rience fluide aux propri\u00e9taires de boutiques. Que vous traitiez des commandes individuelles ou group\u00e9es, vous appr\u00e9cierez la flexibilit\u00e9 et l&rsquo;efficacit\u00e9 de ce plugin. Personnalisez vos impressions pour inclure les informations essentielles de votre commande et garantir une pr\u00e9sentation professionnelle et organis\u00e9e \u00e0 chaque fois.<\/p>\n<ul>\n<li>Int\u00e9gration transparente avec WooCommerce pour une gestion simplifi\u00e9e des commandes.<\/li>\n<li>Impression des commandes directement depuis le tableau de bord WooCommerce.<\/li>\n<li>\u00c9tiquettes d&rsquo;adresse personnalisables pour l&rsquo;exp\u00e9dition.<\/li>\n<li>Prise en charge de plusieurs formats et tailles d&rsquo;\u00e9tiquettes.<\/li>\n<li>Options permettant d&rsquo;inclure des notes client et les d\u00e9tails de la commande sur les impressions.<\/li>\n<li>Fonction d&rsquo;impression en masse pour g\u00e9rer efficacement de gros volumes de commandes.<\/li>\n<li>Interface conviviale avec installation et configuration faciles.<\/li>\n<li>Compatible avec les imprimantes et planches d&rsquo;\u00e9tiquettes les plus courantes.<\/li>\n<li>Mises \u00e0 jour r\u00e9guli\u00e8res et assistance WPDesk.<\/li>\n<li>Impression de factures et de bordereaux d&rsquo;exp\u00e9dition avec les \u00e9tiquettes d&rsquo;adresse.<\/li>\n<\/ul>\n","protected":false},"excerpt":{"rendered":"<p>D\u00e9couvrez le plugin WooCommerce Print Orders and Address Labels de WPDesk, la solution id\u00e9ale pour une gestion simplifi\u00e9e des commandes. Cet outil puissant vous permet d&rsquo;imprimer facilement des commandes et des \u00e9tiquettes d&rsquo;adresse directement depuis votre boutique WooCommerce, vous faisant gagner du temps et gagnant en efficacit\u00e9. Gr\u00e2ce \u00e0 une int\u00e9gration fluide, des mod\u00e8les personnalisables et la g\u00e9n\u00e9ration automatique d&rsquo;\u00e9tiquettes, g\u00e9rer vos exp\u00e9ditions n&rsquo;a jamais \u00e9t\u00e9 aussi simple. Am\u00e9liorez la satisfaction client en garantissant un emballage pr\u00e9cis et professionnel. Id\u00e9al pour les petites et grandes entreprises, ce plugin est con\u00e7u pour optimiser votre flux de travail et am\u00e9liorer la productivit\u00e9 de votre boutique. Am\u00e9liorez votre exp\u00e9rience WooCommerce avec WPDesk d\u00e8s aujourd&rsquo;hui\u00a0!<\/p>\n","protected":false},"featured_media":147337,"comment_status":"open","ping_status":"open","template":"","meta":[],"product_brand":[2550],"product_cat":[1183,1182,1181],"product_tag":[1685],"class_list":{"0":"post-147345","1":"product","2":"type-product","3":"status-publish","4":"has-post-thumbnail","6":"product_brand-wp-desk","7":"product_cat-administration","8":"product_cat-commerce-electronique-plugins","9":"product_cat-plugins","10":"product_tag-wp-desk","11":"member-discount","12":"discount-restricted","14":"first","15":"instock","16":"sale","17":"downloadable","18":"virtual","19":"sold-individually","20":"purchasable","21":"product-type-simple"},"_links":{"self":[{"href":"https:\/\/gpl-love.com\/fr\/wp-json\/wp\/v2\/product\/147345","targetHints":{"allow":["GET"]}}],"collection":[{"href":"https:\/\/gpl-love.com\/fr\/wp-json\/wp\/v2\/product"}],"about":[{"href":"https:\/\/gpl-love.com\/fr\/wp-json\/wp\/v2\/types\/product"}],"replies":[{"embeddable":true,"href":"https:\/\/gpl-love.com\/fr\/wp-json\/wp\/v2\/comments?post=147345"}],"wp:featuredmedia":[{"embeddable":true,"href":"https:\/\/gpl-love.com\/fr\/wp-json\/wp\/v2\/media\/147337"}],"wp:attachment":[{"href":"https:\/\/gpl-love.com\/fr\/wp-json\/wp\/v2\/media?parent=147345"}],"wp:term":[{"taxonomy":"product_brand","embeddable":true,"href":"https:\/\/gpl-love.com\/fr\/wp-json\/wp\/v2\/product_brand?post=147345"},{"taxonomy":"product_cat","embeddable":true,"href":"https:\/\/gpl-love.com\/fr\/wp-json\/wp\/v2\/product_cat?post=147345"},{"taxonomy":"product_tag","embeddable":true,"href":"https:\/\/gpl-love.com\/fr\/wp-json\/wp\/v2\/product_tag?post=147345"}],"curies":[{"name":"wp","href":"https:\/\/api.w.org\/{rel}","templated":true}]}}