{"id":147344,"date":"2026-03-08T00:00:00","date_gmt":"2026-03-07T23:00:00","guid":{"rendered":"https:\/\/gpl-love.com\/fr\/produit\/wp-extended-pro-3-0-16\/"},"modified":"2026-03-21T00:06:20","modified_gmt":"2026-03-20T23:06:20","slug":"wp-extended-pro-3-0-16","status":"publish","type":"product","link":"https:\/\/gpl-love.com\/fr\/produit\/wp-extended-pro-3-0-16\/","title":{"rendered":"WPDesk WooCommerce Google Merchant XML 1.11.10"},"content":{"rendered":"<h3>WPDesk WooCommerce Google Merchant XML Traits<\/h3>\n<p>D\u00e9couvrez le plugin WPDesk WooCommerce Google Merchant XML\u00a0: la solution id\u00e9ale pour une int\u00e9gration e-commerce fluide\u00a0! Con\u00e7u pour am\u00e9liorer la visibilit\u00e9 de votre boutique en ligne, cet outil puissant vous permet de g\u00e9n\u00e9rer facilement des flux XML adapt\u00e9s \u00e0 Google Merchant Center.<\/p>\n<p>Avec WPDesk WooCommerce, g\u00e9rer vos fiches produits n&rsquo;a jamais \u00e9t\u00e9 aussi simple. B\u00e9n\u00e9ficiez de la cr\u00e9ation automatis\u00e9e de flux et d&rsquo;un inventaire toujours \u00e0 jour et pr\u00e9cis. Ce plugin simplifie le processus complexe de configuration des fichiers XML, vous faisant gagner du temps et am\u00e9liorant les performances de votre boutique sur Google Shopping.<\/p>\n<p>Notre solution WooCommerce Google Merchant XML est id\u00e9ale pour les e-commer\u00e7ants souhaitant \u00e9tendre leur port\u00e9e et attirer davantage de clients. Son interface intuitive permet \u00e0 chacun de configurer et d&rsquo;optimiser ses fiches produits en quelques minutes.<\/p>\n<p>Optimisez le potentiel de votre boutique WooCommerce en l&rsquo;int\u00e9grant facilement \u00e0 Google Merchant. Plongez dans un monde de trafic accru, d&rsquo;annonces mieux cibl\u00e9es et de conversions am\u00e9lior\u00e9es.<\/p>\n<ul>\n<li>Int\u00e9gration transparente avec WooCommerce<\/li>\n<li>G\u00e9n\u00e8re des flux XML Google Merchant<\/li>\n<li>Prend en charge plusieurs cat\u00e9gories de produits<\/li>\n<li>Attributs de flux personnalisables<\/li>\n<li>Mises \u00e0 jour automatiques des flux<\/li>\n<li>Compatible avec les produits variables<\/li>\n<li>Prend en charge plusieurs devises et langues<\/li>\n<li>Installation et configuration faciles<\/li>\n<li>Documentation et assistance d\u00e9taill\u00e9es<\/li>\n<li>Optimis\u00e9 pour la performance et l&rsquo;\u00e9volutivit\u00e9<\/li>\n<\/ul>\n","protected":false},"excerpt":{"rendered":"<p>D\u00e9couvrez le plugin WPDesk WooCommerce Google Merchant XML\u00a0: un outil indispensable pour les e-commer\u00e7ants souhaitant une int\u00e9gration fluide avec Google Merchant Center. Con\u00e7u pour optimiser votre boutique en ligne, ce puissant plugin g\u00e9n\u00e8re facilement des flux XML, garantissant l&rsquo;exactitude et la mise \u00e0 jour de vos fiches produits. Am\u00e9liorez la visibilit\u00e9 de votre boutique sur Google Shopping, attirez plus de clients et boostez vos ventes en toute simplicit\u00e9. B\u00e9n\u00e9ficiez d&rsquo;une gestion simplifi\u00e9e et de performances sup\u00e9rieures, tout en \u00e9conomisant du temps et des ressources. Boostez votre boutique WooCommerce d\u00e8s aujourd&rsquo;hui avec le plugin WPDesk Google Merchant XML et voyez votre entreprise prosp\u00e9rer.<\/p>\n","protected":false},"featured_media":147335,"comment_status":"open","ping_status":"open","template":"","meta":[],"product_brand":[2550],"product_cat":[1183,1182,1181],"product_tag":[1685],"class_list":{"0":"post-147344","1":"product","2":"type-product","3":"status-publish","4":"has-post-thumbnail","6":"product_brand-wp-desk","7":"product_cat-administration","8":"product_cat-commerce-electronique-plugins","9":"product_cat-plugins","10":"product_tag-wp-desk","11":"member-discount","12":"discount-restricted","14":"first","15":"instock","16":"sale","17":"downloadable","18":"virtual","19":"sold-individually","20":"purchasable","21":"product-type-simple"},"_links":{"self":[{"href":"https:\/\/gpl-love.com\/fr\/wp-json\/wp\/v2\/product\/147344","targetHints":{"allow":["GET"]}}],"collection":[{"href":"https:\/\/gpl-love.com\/fr\/wp-json\/wp\/v2\/product"}],"about":[{"href":"https:\/\/gpl-love.com\/fr\/wp-json\/wp\/v2\/types\/product"}],"replies":[{"embeddable":true,"href":"https:\/\/gpl-love.com\/fr\/wp-json\/wp\/v2\/comments?post=147344"}],"wp:featuredmedia":[{"embeddable":true,"href":"https:\/\/gpl-love.com\/fr\/wp-json\/wp\/v2\/media\/147335"}],"wp:attachment":[{"href":"https:\/\/gpl-love.com\/fr\/wp-json\/wp\/v2\/media?parent=147344"}],"wp:term":[{"taxonomy":"product_brand","embeddable":true,"href":"https:\/\/gpl-love.com\/fr\/wp-json\/wp\/v2\/product_brand?post=147344"},{"taxonomy":"product_cat","embeddable":true,"href":"https:\/\/gpl-love.com\/fr\/wp-json\/wp\/v2\/product_cat?post=147344"},{"taxonomy":"product_tag","embeddable":true,"href":"https:\/\/gpl-love.com\/fr\/wp-json\/wp\/v2\/product_tag?post=147344"}],"curies":[{"name":"wp","href":"https:\/\/api.w.org\/{rel}","templated":true}]}}