{"id":147331,"date":"2026-02-18T00:00:00","date_gmt":"2026-02-17T23:00:00","guid":{"rendered":"https:\/\/gpl-love.com\/fr\/produit\/wpdesk-woocommerce-automatic-payment-status\/"},"modified":"2026-03-21T00:06:16","modified_gmt":"2026-03-20T23:06:16","slug":"wpdesk-woocommerce-automatic-payment-status","status":"publish","type":"product","link":"https:\/\/gpl-love.com\/fr\/produit\/wpdesk-woocommerce-automatic-payment-status\/","title":{"rendered":"WPDesk Omnibus pour WooCommerce 2.2.18"},"content":{"rendered":"<h3>WPDesk Omnibus pour WooCommerce Traits<\/h3>\n<p>D\u00e9couvrez WPDesk Omnibus pour WooCommerce, la solution ultime pour am\u00e9liorer les fonctionnalit\u00e9s de votre boutique en ligne. Vous cherchez \u00e0 optimiser vos op\u00e9rations et \u00e0 booster vos ventes\u00a0? Notre plugin Omnibus est sp\u00e9cialement con\u00e7u pour WooCommerce et offre une int\u00e9gration fluide et de nombreuses fonctionnalit\u00e9s pour optimiser votre boutique en ligne.<\/p>\n<p>Avec WPDesk Omnibus, la gestion de votre boutique WooCommerce devient un jeu d&rsquo;enfant. Profitez d&rsquo;outils avanc\u00e9s qui simplifient les listings produits, la gestion des stocks et les interactions clients. Ce plugin vous fait gagner du temps et am\u00e9liore l&rsquo;exp\u00e9rience d&rsquo;achat de vos clients, encourageant les achats r\u00e9p\u00e9t\u00e9s et favorisant la fid\u00e9lit\u00e9 \u00e0 la marque.<\/p>\n<p>Que vous soyez un professionnel du e-commerce exp\u00e9riment\u00e9 ou un d\u00e9butant, WPDesk Omnibus pour WooCommerce est intuitif et facile \u00e0 utiliser. Ses fonctionnalit\u00e9s puissantes sont con\u00e7ues pour s&rsquo;adapter \u00e0 votre activit\u00e9 et vous permettre de r\u00e9pondre aux demandes croissantes de votre client\u00e8le.<\/p>\n<p>Am\u00e9liorez votre efficacit\u00e9 et augmentez vos ventes avec WPDesk Omnibus pour WooCommerce. Transformez votre boutique d\u00e8s aujourd&rsquo;hui et gardez une longueur d&rsquo;avance sur la concurrence gr\u00e2ce \u00e0 ce plugin essentiel.<\/p>\n<ul>\n<li>Int\u00e9gration transparente avec WooCommerce<\/li>\n<li>Conformit\u00e9 l\u00e9gale automatis\u00e9e pour l&rsquo;affichage de l&rsquo;historique des prix<\/li>\n<li>Options d&rsquo;affichage de l&rsquo;historique des prix personnalisables<\/li>\n<li>Prise en charge de plusieurs devises et langues<\/li>\n<li>Compatible avec divers th\u00e8mes et extensions WordPress<\/li>\n<li>Installation et configuration faciles<\/li>\n<li>L\u00e9ger et optimis\u00e9 pour les performances<\/li>\n<li>Interface conviviale pour les administrateurs de boutique<\/li>\n<li>Documentation d\u00e9taill\u00e9e et tutoriels disponibles<\/li>\n<\/ul>\n","protected":false},"excerpt":{"rendered":"<p>D\u00e9couvrez WPDesk Omnibus pour WooCommerce, la solution ultime pour am\u00e9liorer l&rsquo;efficacit\u00e9 et les performances de votre boutique en ligne. Int\u00e9grez facilement ce puissant plugin pour optimiser vos op\u00e9rations e-commerce, am\u00e9liorer la satisfaction client et booster vos ventes. Gr\u00e2ce \u00e0 son interface intuitive et ses fonctionnalit\u00e9s performantes, WPDesk Omnibus simplifie la gestion des stocks, am\u00e9liore les processus de paiement et propose des analyses d\u00e9taill\u00e9es. Con\u00e7u pour les utilisateurs de WooCommerce, il garantit une exp\u00e9rience d&rsquo;achat fluide et attrayante, attirant plus de visiteurs et augmentant les conversions. Dynamisez votre activit\u00e9 en ligne avec WPDesk Omnibus, o\u00f9 innovation et fiabilit\u00e9 se conjuguent.<\/p>\n","protected":false},"featured_media":147328,"comment_status":"open","ping_status":"open","template":"","meta":[],"product_brand":[2550],"product_cat":[1182,1223,1181],"product_tag":[1685],"class_list":{"0":"post-147331","1":"product","2":"type-product","3":"status-publish","4":"has-post-thumbnail","6":"product_brand-wp-desk","7":"product_cat-commerce-electronique-plugins","8":"product_cat-personnalisation-commerce-electronique-plugins","9":"product_cat-plugins","10":"product_tag-wp-desk","11":"member-discount","12":"discount-restricted","14":"first","15":"instock","16":"sale","17":"downloadable","18":"virtual","19":"sold-individually","20":"purchasable","21":"product-type-simple"},"_links":{"self":[{"href":"https:\/\/gpl-love.com\/fr\/wp-json\/wp\/v2\/product\/147331","targetHints":{"allow":["GET"]}}],"collection":[{"href":"https:\/\/gpl-love.com\/fr\/wp-json\/wp\/v2\/product"}],"about":[{"href":"https:\/\/gpl-love.com\/fr\/wp-json\/wp\/v2\/types\/product"}],"replies":[{"embeddable":true,"href":"https:\/\/gpl-love.com\/fr\/wp-json\/wp\/v2\/comments?post=147331"}],"wp:featuredmedia":[{"embeddable":true,"href":"https:\/\/gpl-love.com\/fr\/wp-json\/wp\/v2\/media\/147328"}],"wp:attachment":[{"href":"https:\/\/gpl-love.com\/fr\/wp-json\/wp\/v2\/media?parent=147331"}],"wp:term":[{"taxonomy":"product_brand","embeddable":true,"href":"https:\/\/gpl-love.com\/fr\/wp-json\/wp\/v2\/product_brand?post=147331"},{"taxonomy":"product_cat","embeddable":true,"href":"https:\/\/gpl-love.com\/fr\/wp-json\/wp\/v2\/product_cat?post=147331"},{"taxonomy":"product_tag","embeddable":true,"href":"https:\/\/gpl-love.com\/fr\/wp-json\/wp\/v2\/product_tag?post=147331"}],"curies":[{"name":"wp","href":"https:\/\/api.w.org\/{rel}","templated":true}]}}