{"id":147322,"date":"2026-03-03T00:00:00","date_gmt":"2026-03-02T23:00:00","guid":{"rendered":"https:\/\/gpl-love.com\/fr\/produit\/wpdesk-flexible-refund-order-for-woocommerce-pro\/"},"modified":"2026-04-01T00:31:54","modified_gmt":"2026-03-31T22:31:54","slug":"wpdesk-flexible-refund-order-for-woocommerce-pro","status":"publish","type":"product","link":"https:\/\/gpl-love.com\/fr\/produit\/wpdesk-flexible-refund-order-for-woocommerce-pro\/","title":{"rendered":"WPDesk Flexible Product Fields Pro 2.10.1"},"content":{"rendered":"<h3>WPDesk Flexible Product Fields Pro Traits<\/h3>\n<p>Exploitez tout le potentiel de votre boutique WooCommerce avec WPDesk Flexible Product Fields Pro. Cet outil puissant est con\u00e7u pour am\u00e9liorer vos pages produits en vous permettant d&rsquo;ajouter facilement des champs personnalis\u00e9s. Personnalisez vos options de produits pour r\u00e9pondre aux besoins uniques de vos clients et am\u00e9liorer leur exp\u00e9rience d&rsquo;achat. Avec WPDesk Flexible Product Fields Pro, cr\u00e9ez facilement des champs de texte, des menus d\u00e9roulants et des cases \u00e0 cocher, vous offrant ainsi la flexibilit\u00e9 n\u00e9cessaire pour collecter toutes les informations n\u00e9cessaires.<\/p>\n<p>Ce plugin est id\u00e9al pour les boutiques proposant des produits ou services personnalis\u00e9s, car il vous permet de capturer les pr\u00e9f\u00e9rences sp\u00e9cifiques de vos clients. Son interface conviviale permet m\u00eame aux personnes ayant des comp\u00e9tences techniques minimales de g\u00e9rer et de personnaliser facilement les champs. De plus, WPDesk Flexible Product Fields Pro s&rsquo;int\u00e8gre parfaitement \u00e0 votre configuration WooCommerce existante, garantissant un fonctionnement fluide et sans probl\u00e8me de compatibilit\u00e9.<\/p>\n<p>Dopez vos ventes en offrant une exp\u00e9rience d&rsquo;achat plus personnalis\u00e9e. Que vous vendiez des t-shirts personnalis\u00e9s, des cadeaux personnalis\u00e9s ou des services sur mesure, WPDesk Flexible Product Fields Pro vous permet de r\u00e9pondre exactement aux attentes de vos clients.<\/p>\n<ul>\n<li>Champs de produits personnalisables pour WooCommerce<\/li>\n<li>Interface conviviale pour une configuration facile<\/li>\n<li>Prise en charge du texte, des menus d\u00e9roulants, des cases \u00e0 cocher et bien plus encore<\/li>\n<li>Logique conditionnelle pour l&rsquo;affichage dynamique des champs<\/li>\n<li>Compatibilit\u00e9 avec divers th\u00e8mes WooCommerce<\/li>\n<li>Support multilingue pour une utilisation internationale<\/li>\n<li>Int\u00e9gration aux passerelles de paiement les plus populaires<\/li>\n<li>R\u00e8gles de tarification avanc\u00e9es bas\u00e9es sur les s\u00e9lections de champs<\/li>\n<li>Gestion am\u00e9lior\u00e9e des donn\u00e9es produit dans le panneau d&rsquo;administration<\/li>\n<\/ul>\n","protected":false},"excerpt":{"rendered":"<p>D\u00e9couvrez WPDesk Flexible Product Fields Pro\u00a0: la solution ultime pour la personnalisation dynamique de vos produits. Cet outil puissant vous permet d&rsquo;ajouter facilement des champs personnalis\u00e9s \u00e0 vos produits WooCommerce, am\u00e9liorant ainsi l&rsquo;exp\u00e9rience utilisateur et boostant vos ventes. Gr\u00e2ce \u00e0 son interface intuitive et \u00e0 son int\u00e9gration fluide, vous pouvez personnaliser les options de vos produits pour r\u00e9pondre aux besoins de vos clients, augmentant ainsi leur satisfaction et leur engagement. Id\u00e9al pour les entreprises souhaitant offrir des exp\u00e9riences d&rsquo;achat personnalis\u00e9es, WPDesk Flexible Product Fields Pro est l&rsquo;extension id\u00e9ale pour allier flexibilit\u00e9, simplicit\u00e9 et efficacit\u00e9. Optimisez votre strat\u00e9gie e-commerce d\u00e8s aujourd&rsquo;hui et voyez vos taux de conversion exploser.<\/p>\n","protected":false},"featured_media":147319,"comment_status":"open","ping_status":"open","template":"","meta":[],"product_brand":[2550],"product_cat":[1182,1223,1181],"product_tag":[1685],"class_list":{"0":"post-147322","1":"product","2":"type-product","3":"status-publish","4":"has-post-thumbnail","6":"product_brand-wp-desk","7":"product_cat-commerce-electronique-plugins","8":"product_cat-personnalisation-commerce-electronique-plugins","9":"product_cat-plugins","10":"product_tag-wp-desk","11":"member-discount","12":"discount-restricted","14":"first","15":"instock","16":"sale","17":"downloadable","18":"virtual","19":"sold-individually","20":"purchasable","21":"product-type-simple"},"_links":{"self":[{"href":"https:\/\/gpl-love.com\/fr\/wp-json\/wp\/v2\/product\/147322","targetHints":{"allow":["GET"]}}],"collection":[{"href":"https:\/\/gpl-love.com\/fr\/wp-json\/wp\/v2\/product"}],"about":[{"href":"https:\/\/gpl-love.com\/fr\/wp-json\/wp\/v2\/types\/product"}],"replies":[{"embeddable":true,"href":"https:\/\/gpl-love.com\/fr\/wp-json\/wp\/v2\/comments?post=147322"}],"wp:featuredmedia":[{"embeddable":true,"href":"https:\/\/gpl-love.com\/fr\/wp-json\/wp\/v2\/media\/147319"}],"wp:attachment":[{"href":"https:\/\/gpl-love.com\/fr\/wp-json\/wp\/v2\/media?parent=147322"}],"wp:term":[{"taxonomy":"product_brand","embeddable":true,"href":"https:\/\/gpl-love.com\/fr\/wp-json\/wp\/v2\/product_brand?post=147322"},{"taxonomy":"product_cat","embeddable":true,"href":"https:\/\/gpl-love.com\/fr\/wp-json\/wp\/v2\/product_cat?post=147322"},{"taxonomy":"product_tag","embeddable":true,"href":"https:\/\/gpl-love.com\/fr\/wp-json\/wp\/v2\/product_tag?post=147322"}],"curies":[{"name":"wp","href":"https:\/\/api.w.org\/{rel}","templated":true}]}}