{"id":147320,"date":"2025-12-07T00:00:00","date_gmt":"2025-12-06T23:00:00","guid":{"rendered":"https:\/\/gpl-love.com\/fr\/produit\/wpdesk-flexible-quantity-pro\/"},"modified":"2026-03-21T00:06:12","modified_gmt":"2026-03-20T23:06:12","slug":"wpdesk-flexible-quantity-pro","status":"publish","type":"product","link":"https:\/\/gpl-love.com\/fr\/produit\/wpdesk-flexible-quantity-pro\/","title":{"rendered":"WPDesk Flexible PDF Coupons Pro pour WooCommerce \/ Shortcodes 1.0.31"},"content":{"rendered":"<h3>WPDesk Flexible PDF Coupons Pro pour WooCommerce \/ Shortcodes Traits<\/h3>\n<p>D\u00e9couvrez WPDesk Flexible PDF Coupons Pro pour WooCommerce, l&rsquo;outil id\u00e9al pour booster facilement les ventes de votre boutique en ligne. Parfaitement con\u00e7u pour WooCommerce, ce plugin vous permet de cr\u00e9er des coupons PDF personnalisables qui engagent vos clients et am\u00e9liorent leur exp\u00e9rience d&rsquo;achat.<\/p>\n<p>Avec WPDesk Flexible PDF Coupons Pro, g\u00e9n\u00e9rez facilement des coupons uniques et attrayants, adapt\u00e9s \u00e0 l&rsquo;identit\u00e9 visuelle de votre marque. Que vous organisiez une promotion sp\u00e9ciale ou offriez des r\u00e9ductions exclusives, ces coupons PDF sont un moyen efficace de fid\u00e9liser vos clients et d&rsquo;augmenter vos conversions.<\/p>\n<p>L&rsquo;interface conviviale et les fonctionnalit\u00e9s compl\u00e8tes du plugin simplifient la gestion et la distribution des coupons. Utilisez des codes courts pour int\u00e9grer facilement des coupons \u00e0 vos pages produits, e-mails ou newsletters, garantissant ainsi \u00e0 vos clients de ne manquer aucune offre. La flexibilit\u00e9 de ce plugin vous permet de d\u00e9finir des limites d&rsquo;utilisation, des dates d&rsquo;expiration et bien plus encore, vous offrant ainsi un contr\u00f4le total sur vos strat\u00e9gies promotionnelles.<\/p>\n<p>Optimisez votre boutique WooCommerce avec WPDesk Flexible PDF Coupons Pro et assurez la prosp\u00e9rit\u00e9 de votre entreprise.<\/p>\n<ul>\n<li>Int\u00e9gration transparente avec WooCommerce<\/li>\n<li>G\u00e9n\u00e9ration de coupons PDF personnalisables<\/li>\n<li>Prise en charge des codes courts pour une meilleure fonctionnalit\u00e9 des coupons<\/li>\n<li>Designs et mod\u00e8les de coupons personnalisables<\/li>\n<li>Envoi automatique des coupons PDF par e-mail<\/li>\n<li>D\u00e9finition des dates d&rsquo;expiration et des limites d&rsquo;utilisation des coupons<\/li>\n<li>Compatibilit\u00e9 avec divers plugins WooCommerce<\/li>\n<li>Support multilingue pour les utilisateurs internationaux<\/li>\n<li>Interface conviviale pour la gestion des coupons<\/li>\n<\/ul>\n","protected":false},"excerpt":{"rendered":"<p>D\u00e9couvrez WPDesk Flexible PDF Coupons Pro pour WooCommerce, la solution ultime pour cr\u00e9er des coupons num\u00e9riques personnalis\u00e9s qui boosteront vos ventes. Gr\u00e2ce \u00e0 une int\u00e9gration fluide, ce puissant plugin vous permet de g\u00e9n\u00e9rer facilement de superbes coupons PDF gr\u00e2ce \u00e0 des codes courts personnalisables. Optimisez votre strat\u00e9gie marketing en proposant des r\u00e9ductions exclusives, en fid\u00e9lisant vos clients et en augmentant vos conversions. Parfait pour toute boutique WooCommerce, cet outil simplifie la gestion des coupons et offre une exp\u00e9rience d&rsquo;achat unique. D\u00e9couvrez d\u00e8s aujourd&rsquo;hui la simplicit\u00e9 d&rsquo;utilisation et la flexibilit\u00e9 qu&rsquo;apporte WPDesk Flexible PDF Coupons Pro \u00e0 votre plateforme e-commerce.<\/p>\n","protected":false},"featured_media":147317,"comment_status":"open","ping_status":"open","template":"","meta":[],"product_brand":[2550],"product_cat":[1200,1182,1181],"product_tag":[1685],"class_list":{"0":"post-147320","1":"product","2":"type-product","3":"status-publish","4":"has-post-thumbnail","6":"product_brand-wp-desk","7":"product_cat-commercialisation","8":"product_cat-commerce-electronique-plugins","9":"product_cat-plugins","10":"product_tag-wp-desk","11":"member-discount","12":"discount-restricted","14":"first","15":"instock","16":"sale","17":"downloadable","18":"virtual","19":"sold-individually","20":"purchasable","21":"product-type-simple"},"_links":{"self":[{"href":"https:\/\/gpl-love.com\/fr\/wp-json\/wp\/v2\/product\/147320","targetHints":{"allow":["GET"]}}],"collection":[{"href":"https:\/\/gpl-love.com\/fr\/wp-json\/wp\/v2\/product"}],"about":[{"href":"https:\/\/gpl-love.com\/fr\/wp-json\/wp\/v2\/types\/product"}],"replies":[{"embeddable":true,"href":"https:\/\/gpl-love.com\/fr\/wp-json\/wp\/v2\/comments?post=147320"}],"wp:featuredmedia":[{"embeddable":true,"href":"https:\/\/gpl-love.com\/fr\/wp-json\/wp\/v2\/media\/147317"}],"wp:attachment":[{"href":"https:\/\/gpl-love.com\/fr\/wp-json\/wp\/v2\/media?parent=147320"}],"wp:term":[{"taxonomy":"product_brand","embeddable":true,"href":"https:\/\/gpl-love.com\/fr\/wp-json\/wp\/v2\/product_brand?post=147320"},{"taxonomy":"product_cat","embeddable":true,"href":"https:\/\/gpl-love.com\/fr\/wp-json\/wp\/v2\/product_cat?post=147320"},{"taxonomy":"product_tag","embeddable":true,"href":"https:\/\/gpl-love.com\/fr\/wp-json\/wp\/v2\/product_tag?post=147320"}],"curies":[{"name":"wp","href":"https:\/\/api.w.org\/{rel}","templated":true}]}}