{"id":147318,"date":"2026-03-08T00:00:00","date_gmt":"2026-03-07T23:00:00","guid":{"rendered":"https:\/\/gpl-love.com\/fr\/produit\/wpdesk-flexible-product-fields-pro\/"},"modified":"2026-03-21T00:06:11","modified_gmt":"2026-03-20T23:06:11","slug":"wpdesk-flexible-product-fields-pro","status":"publish","type":"product","link":"https:\/\/gpl-love.com\/fr\/produit\/wpdesk-flexible-product-fields-pro\/","title":{"rendered":"WPDesk Flexible PDF Coupons Pro Event Ticket QR Scanner 1.2.11"},"content":{"rendered":"<h3>WPDesk Flexible PDF Coupons Pro Event Ticket QR Scanner Traits<\/h3>\n<p>D\u00e9couvrez WPDesk Flexible PDF Coupons Pro, la solution ultime pour vos besoins de billetterie \u00e9v\u00e9nementielle\u00a0! Cet outil innovant simplifie la gestion de vos \u00e9v\u00e9nements gr\u00e2ce \u00e0 sa fonctionnalit\u00e9 avanc\u00e9e de scanner QR, garantissant une exp\u00e9rience fluide pour les organisateurs et les participants.<\/p>\n<p>Avec WPDesk Flexible PDF Coupons Pro, g\u00e9n\u00e9rez facilement des coupons PDF personnalisables pour tout \u00e9v\u00e9nement. Que vous organisiez un concert, une conf\u00e9rence ou un atelier, cet outil polyvalent s&rsquo;adapte \u00e0 vos besoins et vous permet d&rsquo;offrir des r\u00e9ductions et des promotions exclusives pour attirer davantage de participants.<\/p>\n<p>Notre technologie de pointe de scanner QR simplifie la validation des billets. Scannez simplement le code QR pr\u00e9sent sur les billets de vos participants \u00e0 l&rsquo;entr\u00e9e de l&rsquo;\u00e9v\u00e9nement pour une v\u00e9rification rapide et pr\u00e9cise. Cela garantit une entr\u00e9e fluide, minimise les temps d&rsquo;attente et am\u00e9liore la satisfaction client.<\/p>\n<p>Con\u00e7u pour \u00eatre facile \u00e0 utiliser, WPDesk Flexible PDF Coupons Pro s&rsquo;int\u00e8gre parfaitement \u00e0 vos syst\u00e8mes existants. Son interface intuitive simplifie l&rsquo;installation et la gestion, m\u00eame pour les personnes ayant une expertise technique minimale.<\/p>\n<p>Am\u00e9liorez votre exp\u00e9rience de gestion \u00e9v\u00e9nementielle d\u00e8s aujourd&rsquo;hui avec WPDesk Flexible<\/p>\n<ul>\n<li>Int\u00e9gration transparente avec les plugins WPDesk<\/li>\n<li>G\u00e9n\u00e8re des coupons PDF et des billets d&rsquo;\u00e9v\u00e9nement personnalisables<\/li>\n<li>G\u00e9n\u00e8re un code QR pour une num\u00e9risation facile<\/li>\n<li>Prend en charge plusieurs types de billets et de coupons<\/li>\n<li>Permet la num\u00e9risation de codes QR sur mobile<\/li>\n<li>Envoi automatique des billets et des coupons par e-mail<\/li>\n<li>Distribution s\u00e9curis\u00e9e et crypt\u00e9e des billets<\/li>\n<li>Validation en temps r\u00e9el des billets lors des \u00e9v\u00e9nements<\/li>\n<li>Interface conviviale pour une configuration et une gestion simplifi\u00e9es<\/li>\n<li>Compatible avec les principales plateformes de e-commerce<\/li>\n<\/ul>\n","protected":false},"excerpt":{"rendered":"<p>D\u00e9couvrez Flexible PDF Coupons Pro de WPDesk, la solution ultime pour une gestion d&rsquo;\u00e9v\u00e9nements fluide. Gr\u00e2ce \u00e0 cet outil performant, g\u00e9n\u00e9rez facilement des coupons PDF et des billets d&rsquo;\u00e9v\u00e9nements personnalis\u00e9s, avec un scanner QR dynamique pour une validation simple et rapide. Am\u00e9liorez l&rsquo;engagement client et simplifiez les enregistrements gr\u00e2ce \u00e0 notre interface intuitive. Que vous organisiez une petite r\u00e9union ou une grande conf\u00e9rence, ce logiciel polyvalent garantit une exp\u00e9rience fluide pour les organisateurs et les participants. Transformez votre processus de billetterie d\u00e8s aujourd&rsquo;hui avec Flexible PDF Coupons Pro de WPDesk\u00a0!<\/p>\n","protected":false},"featured_media":147315,"comment_status":"open","ping_status":"open","template":"","meta":[],"product_brand":[2550],"product_cat":[1207,1181,1186],"product_tag":[1685],"class_list":{"0":"post-147318","1":"product","2":"type-product","3":"status-publish","4":"has-post-thumbnail","6":"product_brand-wp-desk","7":"product_cat-commercialisation-wordpress-plugins","8":"product_cat-plugins","9":"product_cat-wordpress-plugins","10":"product_tag-wp-desk","11":"member-discount","12":"discount-restricted","14":"first","15":"instock","16":"sale","17":"downloadable","18":"virtual","19":"sold-individually","20":"purchasable","21":"product-type-simple"},"_links":{"self":[{"href":"https:\/\/gpl-love.com\/fr\/wp-json\/wp\/v2\/product\/147318","targetHints":{"allow":["GET"]}}],"collection":[{"href":"https:\/\/gpl-love.com\/fr\/wp-json\/wp\/v2\/product"}],"about":[{"href":"https:\/\/gpl-love.com\/fr\/wp-json\/wp\/v2\/types\/product"}],"replies":[{"embeddable":true,"href":"https:\/\/gpl-love.com\/fr\/wp-json\/wp\/v2\/comments?post=147318"}],"wp:featuredmedia":[{"embeddable":true,"href":"https:\/\/gpl-love.com\/fr\/wp-json\/wp\/v2\/media\/147315"}],"wp:attachment":[{"href":"https:\/\/gpl-love.com\/fr\/wp-json\/wp\/v2\/media?parent=147318"}],"wp:term":[{"taxonomy":"product_brand","embeddable":true,"href":"https:\/\/gpl-love.com\/fr\/wp-json\/wp\/v2\/product_brand?post=147318"},{"taxonomy":"product_cat","embeddable":true,"href":"https:\/\/gpl-love.com\/fr\/wp-json\/wp\/v2\/product_cat?post=147318"},{"taxonomy":"product_tag","embeddable":true,"href":"https:\/\/gpl-love.com\/fr\/wp-json\/wp\/v2\/product_tag?post=147318"}],"curies":[{"name":"wp","href":"https:\/\/api.w.org\/{rel}","templated":true}]}}