{"id":147316,"date":"2026-01-28T00:00:00","date_gmt":"2026-01-27T23:00:00","guid":{"rendered":"https:\/\/gpl-love.com\/fr\/produit\/wpdesk-flexible-pdf-coupons-pro-for-woocommerce-shortcodes\/"},"modified":"2026-03-21T00:06:10","modified_gmt":"2026-03-20T23:06:10","slug":"wpdesk-flexible-pdf-coupons-pro-for-woocommerce-shortcodes","status":"publish","type":"product","link":"https:\/\/gpl-love.com\/fr\/produit\/wpdesk-flexible-pdf-coupons-pro-for-woocommerce-shortcodes\/","title":{"rendered":"WPDesk Flexible Checkout Fields Pro 4.0.25"},"content":{"rendered":"<h3>WPDesk Flexible Checkout Fields Pro Traits<\/h3>\n<p>Transformez l&rsquo;exp\u00e9rience de paiement de votre boutique WooCommerce avec WPDesk Flexible Checkout Fields Pro. Ce puissant plugin vous permet de personnaliser et d&rsquo;optimiser vos champs de paiement en toute simplicit\u00e9. Avec WPDesk Flexible Checkout Fields Pro, vous pouvez ajouter, modifier ou supprimer des champs pour r\u00e9pondre aux besoins de votre entreprise et am\u00e9liorer la satisfaction client. Personnalisez votre processus de paiement en r\u00e9organisant les champs, en ajoutant des infobulles utiles et en utilisant la logique conditionnelle pour afficher les champs en fonction des choix des clients.<\/p>\n<p>WPDesk Flexible Checkout Fields Pro garantit une exp\u00e9rience de paiement fluide et efficace, r\u00e9duisant les abandons de panier et augmentant les conversions. Son interface intuitive le rend facile \u00e0 utiliser pour tous, quelle que soit votre expertise technique. Avec ce plugin, vous avez la possibilit\u00e9 d&rsquo;ajouter des champs tels que des cases \u00e0 cocher, des boutons radio et des s\u00e9lecteurs de date, ce qui le rend id\u00e9al pour tous les secteurs d&rsquo;activit\u00e9.<\/p>\n<p>Que vous ayez besoin de collecter des informations suppl\u00e9mentaires ou d&rsquo;am\u00e9liorer l&rsquo;exp\u00e9rience utilisateur, WPDesk Flexible Checkout Fields Pro est la solution id\u00e9ale. Rejoignez des milliers d&rsquo;utilisateurs satisfaits qui ont optimis\u00e9 leur processus de paiement gr\u00e2ce \u00e0 ce plugin tr\u00e8s appr\u00e9ci\u00e9.<\/p>\n<ul>\n<li>Personnalisation des champs de paiement pour WooCommerce<\/li>\n<li>Logique conditionnelle pour l&rsquo;affichage dynamique des champs<\/li>\n<li>Prise en charge des types de champs personnalis\u00e9s (par exemple, texte, date, s\u00e9lection)<\/li>\n<li>Ordre des champs facile par glisser-d\u00e9poser<\/li>\n<li>Int\u00e9gration avec les extensions WooCommerce les plus populaires<\/li>\n<li>Compatibilit\u00e9 avec les plugins multilingues<\/li>\n<li>Validation des champs et masquage des saisies<\/li>\n<li>Possibilit\u00e9 d&rsquo;ajouter, de modifier ou de supprimer des champs WooCommerce par d\u00e9faut<\/li>\n<li>Prise en charge multisite pour les installations en r\u00e9seau<\/li>\n<li>Convivial pour les d\u00e9veloppeurs gr\u00e2ce aux hooks et aux filtres<\/li>\n<\/ul>\n","protected":false},"excerpt":{"rendered":"<p>D\u00e9couvrez WPDesk Flexible Checkout Fields Pro, la solution ultime pour personnaliser votre exp\u00e9rience de paiement WooCommerce. Gr\u00e2ce \u00e0 son interface intuitive, ce puissant plugin vous permet d&rsquo;ajouter, de supprimer et de modifier facilement des champs de paiement, am\u00e9liorant ainsi la satisfaction client. Boostez vos ventes gr\u00e2ce \u00e0 des fonctionnalit\u00e9s avanc\u00e9es comme la logique conditionnelle, la validation des champs et les types de champs personnalis\u00e9s. Id\u00e9al pour toute boutique en ligne, WPDesk Flexible Checkout Fields Pro offre une int\u00e9gration transparente, garantissant un processus de paiement fluide et efficace. En optimisant votre page de paiement, vous pouvez r\u00e9duire les abandons de panier et augmenter les taux de conversion. Transformez votre boutique WooCommerce d\u00e8s aujourd&rsquo;hui avec ce plugin indispensable pour une exp\u00e9rience d&rsquo;achat sur mesure.<\/p>\n","protected":false},"featured_media":143881,"comment_status":"open","ping_status":"open","template":"","meta":[],"product_brand":[2550],"product_cat":[1182,1223,1181],"product_tag":[1685],"class_list":{"0":"post-147316","1":"product","2":"type-product","3":"status-publish","4":"has-post-thumbnail","6":"product_brand-wp-desk","7":"product_cat-commerce-electronique-plugins","8":"product_cat-personnalisation-commerce-electronique-plugins","9":"product_cat-plugins","10":"product_tag-wp-desk","11":"member-discount","12":"discount-restricted","14":"first","15":"instock","16":"sale","17":"downloadable","18":"virtual","19":"sold-individually","20":"purchasable","21":"product-type-simple"},"_links":{"self":[{"href":"https:\/\/gpl-love.com\/fr\/wp-json\/wp\/v2\/product\/147316","targetHints":{"allow":["GET"]}}],"collection":[{"href":"https:\/\/gpl-love.com\/fr\/wp-json\/wp\/v2\/product"}],"about":[{"href":"https:\/\/gpl-love.com\/fr\/wp-json\/wp\/v2\/types\/product"}],"replies":[{"embeddable":true,"href":"https:\/\/gpl-love.com\/fr\/wp-json\/wp\/v2\/comments?post=147316"}],"wp:featuredmedia":[{"embeddable":true,"href":"https:\/\/gpl-love.com\/fr\/wp-json\/wp\/v2\/media\/143881"}],"wp:attachment":[{"href":"https:\/\/gpl-love.com\/fr\/wp-json\/wp\/v2\/media?parent=147316"}],"wp:term":[{"taxonomy":"product_brand","embeddable":true,"href":"https:\/\/gpl-love.com\/fr\/wp-json\/wp\/v2\/product_brand?post=147316"},{"taxonomy":"product_cat","embeddable":true,"href":"https:\/\/gpl-love.com\/fr\/wp-json\/wp\/v2\/product_cat?post=147316"},{"taxonomy":"product_tag","embeddable":true,"href":"https:\/\/gpl-love.com\/fr\/wp-json\/wp\/v2\/product_tag?post=147316"}],"curies":[{"name":"wp","href":"https:\/\/api.w.org\/{rel}","templated":true}]}}