{"id":147311,"date":"2025-05-27T00:00:00","date_gmt":"2025-05-26T22:00:00","guid":{"rendered":"https:\/\/gpl-love.com\/fr\/produit\/wpdesk-dropshipping-xml-woocommerce-pro-ftp-addon\/"},"modified":"2026-03-21T00:06:07","modified_gmt":"2026-03-20T23:06:07","slug":"wpdesk-dropshipping-xml-woocommerce-pro-ftp-addon","status":"publish","type":"product","link":"https:\/\/gpl-love.com\/fr\/produit\/wpdesk-dropshipping-xml-woocommerce-pro-ftp-addon\/","title":{"rendered":"Admin Columns Pro Yoast 1.2"},"content":{"rendered":"<h3>Admin Columns Pro Yoast Traits<\/h3>\n<p>Optimisez votre exp\u00e9rience WordPress avec Admin Columns Pro, l&rsquo;outil ultime pour optimiser le back-end de votre site web. Con\u00e7u pour s&rsquo;int\u00e9grer parfaitement \u00e0 Yoast SEO, Admin Columns Pro transforme votre panneau d&rsquo;administration en un v\u00e9ritable concentr\u00e9 d&rsquo;efficacit\u00e9. Dites adieu aux recherches et aux d\u00e9filements interminables\u00a0; notre interface intuitive vous permet d&rsquo;organiser, de filtrer et de modifier votre contenu en toute simplicit\u00e9.<\/p>\n<p>Exploitez le potentiel de votre site WordPress en personnalisant les colonnes pour afficher exactement ce dont vous avez besoin, quand vous en avez besoin. Que vous g\u00e9riez des articles, des utilisateurs ou des fichiers multim\u00e9dias, Admin Columns Pro vous garantit d&rsquo;avoir toutes les informations n\u00e9cessaires \u00e0 port\u00e9e de main. De plus, gr\u00e2ce \u00e0 ses capacit\u00e9s de tri et de filtrage ultra-rapides, vous pouvez rationaliser votre flux de travail et vous concentrer sur l&rsquo;essentiel\u00a0: cr\u00e9er du contenu de qualit\u00e9.<\/p>\n<ul>\n<li>Int\u00e9gration transparente avec l&rsquo;extension Yoast SEO<\/li>\n<li>Colonnes personnalisables pour l&rsquo;administration WordPress<\/li>\n<li>Interface glisser-d\u00e9poser pour une gestion simplifi\u00e9e des colonnes<\/li>\n<li>Affichage des scores SEO directement dans les listes d&rsquo;administration<\/li>\n<li>Modification rapide des m\u00e9tadonn\u00e9es SEO sans quitter la page d&rsquo;administration<\/li>\n<li>Prise en charge des types de publication et des taxonomies personnalis\u00e9s<\/li>\n<li>Filtrage et tri du contenu par champs SEO<\/li>\n<li>Aper\u00e7u am\u00e9lior\u00e9 des performances SEO du contenu<\/li>\n<li>Compatible avec WooCommerce et d&rsquo;autres extensions populaires<\/li>\n<\/ul>\n","protected":false},"excerpt":{"rendered":"<p>D\u00e9couvrez Admin Columns Pro, l&rsquo;outil ultime pour optimiser votre exp\u00e9rience WordPress. Int\u00e9grez-le parfaitement \u00e0 Yoast pour optimiser le r\u00e9f\u00e9rencement de votre site web. Avec Admin Columns Pro, personnalisez et organisez votre panneau d&rsquo;administration WordPress en toute simplicit\u00e9, pour une productivit\u00e9 et une efficacit\u00e9 accrues. D\u00e9couvrez la puissance de la gestion intuitive des colonnes\u00a0: triez, filtrez et modifiez le contenu directement depuis les pages d&rsquo;aper\u00e7u. Con\u00e7u pour les d\u00e9butants comme pour les professionnels, ce plugin simplifie les processus et am\u00e9liore l&rsquo;exp\u00e9rience utilisateur. Optimisez la gestion de votre site web avec Admin Columns Pro et profitez d\u00e8s aujourd&rsquo;hui d&rsquo;un environnement WordPress plus organis\u00e9, plus efficace et optimis\u00e9 pour le r\u00e9f\u00e9rencement.<\/p>\n","protected":false},"featured_media":147308,"comment_status":"open","ping_status":"open","template":"","meta":[],"product_brand":[2442],"product_cat":[1335,1181,1186],"product_tag":[1185],"class_list":{"0":"post-147311","1":"product","2":"type-product","3":"status-publish","4":"has-post-thumbnail","6":"product_brand-admin-columns-pro","7":"product_cat-seo","8":"product_cat-plugins","9":"product_cat-wordpress-plugins","10":"product_tag-admin-columns-pro","11":"member-discount","12":"discount-restricted","14":"first","15":"instock","16":"sale","17":"downloadable","18":"virtual","19":"sold-individually","20":"purchasable","21":"product-type-simple"},"_links":{"self":[{"href":"https:\/\/gpl-love.com\/fr\/wp-json\/wp\/v2\/product\/147311","targetHints":{"allow":["GET"]}}],"collection":[{"href":"https:\/\/gpl-love.com\/fr\/wp-json\/wp\/v2\/product"}],"about":[{"href":"https:\/\/gpl-love.com\/fr\/wp-json\/wp\/v2\/types\/product"}],"replies":[{"embeddable":true,"href":"https:\/\/gpl-love.com\/fr\/wp-json\/wp\/v2\/comments?post=147311"}],"wp:featuredmedia":[{"embeddable":true,"href":"https:\/\/gpl-love.com\/fr\/wp-json\/wp\/v2\/media\/147308"}],"wp:attachment":[{"href":"https:\/\/gpl-love.com\/fr\/wp-json\/wp\/v2\/media?parent=147311"}],"wp:term":[{"taxonomy":"product_brand","embeddable":true,"href":"https:\/\/gpl-love.com\/fr\/wp-json\/wp\/v2\/product_brand?post=147311"},{"taxonomy":"product_cat","embeddable":true,"href":"https:\/\/gpl-love.com\/fr\/wp-json\/wp\/v2\/product_cat?post=147311"},{"taxonomy":"product_tag","embeddable":true,"href":"https:\/\/gpl-love.com\/fr\/wp-json\/wp\/v2\/product_tag?post=147311"}],"curies":[{"name":"wp","href":"https:\/\/api.w.org\/{rel}","templated":true}]}}