{"id":147309,"date":"2025-11-02T00:00:00","date_gmt":"2025-11-01T23:00:00","guid":{"rendered":"https:\/\/gpl-love.com\/fr\/produit\/wpdesk-dropshipping-export-orders-pro\/"},"modified":"2026-03-21T00:06:06","modified_gmt":"2026-03-20T23:06:06","slug":"wpdesk-dropshipping-export-orders-pro","status":"publish","type":"product","link":"https:\/\/gpl-love.com\/fr\/produit\/wpdesk-dropshipping-export-orders-pro\/","title":{"rendered":"Toolset Blocks 1.6.21"},"content":{"rendered":"<h3>Toolset Blocks Traits<\/h3>\n<p>Transformez le design de votre site WordPress avec Toolset Blocks, la solution ultime pour cr\u00e9er du contenu dynamique en toute simplicit\u00e9. Con\u00e7u pour une int\u00e9gration transparente avec l&rsquo;\u00e9diteur Gutenberg, Toolset Blocks vous permet de cr\u00e9er des pages \u00e9poustouflantes au design responsive, garantissant un site impeccable sur tous les appareils. Dites adieu aux codes complexes\u00a0: Toolset Blocks ne n\u00e9cessite aucune connaissance en programmation, ce qui le rend accessible \u00e0 tous.<\/p>\n<p>Gr\u00e2ce \u00e0 la possibilit\u00e9 de cr\u00e9er des types de publication et des champs personnalis\u00e9s, vous pouvez adapter votre site \u00e0 tous les besoins de votre secteur d&rsquo;activit\u00e9. Que vous cr\u00e9iez un portfolio, un blog ou un site e-commerce, les outils intuitifs de cr\u00e9ation de sites web de Toolset simplifient le processus de A \u00e0 Z.<\/p>\n<ul>\n<li>\u00c9diteur intuitif par glisser-d\u00e9poser<\/li>\n<li>Large choix de blocs personnalisables<\/li>\n<li>Enti\u00e8rement compatible avec les th\u00e8mes WordPress<\/li>\n<li>Design adaptatif pour tous les appareils<\/li>\n<li>Int\u00e9gration avec des plugins populaires comme WooCommerce<\/li>\n<li>Fonctionnalit\u00e9s d&rsquo;affichage de contenu dynamique<\/li>\n<li>Structures de blocs optimis\u00e9es pour le r\u00e9f\u00e9rencement<\/li>\n<li>Options de style avanc\u00e9es pour des designs uniques<\/li>\n<li>Support multilingue pour une port\u00e9e mondiale<\/li>\n<\/ul>\n","protected":false},"excerpt":{"rendered":"<p>D\u00e9couvrez la puissance de Toolset Blocks, la solution ultime pour cr\u00e9er des sites WordPress dynamiques sans coder. Avec Toolset Blocks, concevez facilement des mises en page personnalis\u00e9es, cr\u00e9ez des pages responsives et optimisez les fonctionnalit\u00e9s gr\u00e2ce \u00e0 des outils intuitifs de glisser-d\u00e9poser. Int\u00e9grez facilement des types de publication, des champs et des taxonomies personnalis\u00e9s pour adapter votre site web \u00e0 vos besoins sp\u00e9cifiques. Id\u00e9al pour les d\u00e9veloppeurs et les designers, Toolset Blocks simplifie votre flux de travail, vous fait gagner du temps et am\u00e9liore votre productivit\u00e9. Transformez votre exp\u00e9rience WordPress d\u00e8s aujourd&rsquo;hui gr\u00e2ce \u00e0 la flexibilit\u00e9 in\u00e9gal\u00e9e de Toolset Blocks et d\u00e9couvrez des possibilit\u00e9s infinies pour votre site.<\/p>\n","protected":false},"featured_media":147306,"comment_status":"open","ping_status":"open","template":"","meta":[],"product_brand":[2756],"product_cat":[1189,1181,1186],"product_tag":[2333],"class_list":{"0":"post-147309","1":"product","2":"type-product","3":"status-publish","4":"has-post-thumbnail","6":"product_brand-on-the-go-systems","7":"product_cat-personnalisation","8":"product_cat-plugins","9":"product_cat-wordpress-plugins","10":"product_tag-on-the-go-systems","11":"member-discount","12":"discount-restricted","14":"first","15":"instock","16":"sale","17":"downloadable","18":"virtual","19":"sold-individually","20":"purchasable","21":"product-type-simple"},"_links":{"self":[{"href":"https:\/\/gpl-love.com\/fr\/wp-json\/wp\/v2\/product\/147309","targetHints":{"allow":["GET"]}}],"collection":[{"href":"https:\/\/gpl-love.com\/fr\/wp-json\/wp\/v2\/product"}],"about":[{"href":"https:\/\/gpl-love.com\/fr\/wp-json\/wp\/v2\/types\/product"}],"replies":[{"embeddable":true,"href":"https:\/\/gpl-love.com\/fr\/wp-json\/wp\/v2\/comments?post=147309"}],"wp:featuredmedia":[{"embeddable":true,"href":"https:\/\/gpl-love.com\/fr\/wp-json\/wp\/v2\/media\/147306"}],"wp:attachment":[{"href":"https:\/\/gpl-love.com\/fr\/wp-json\/wp\/v2\/media?parent=147309"}],"wp:term":[{"taxonomy":"product_brand","embeddable":true,"href":"https:\/\/gpl-love.com\/fr\/wp-json\/wp\/v2\/product_brand?post=147309"},{"taxonomy":"product_cat","embeddable":true,"href":"https:\/\/gpl-love.com\/fr\/wp-json\/wp\/v2\/product_cat?post=147309"},{"taxonomy":"product_tag","embeddable":true,"href":"https:\/\/gpl-love.com\/fr\/wp-json\/wp\/v2\/product_tag?post=147309"}],"curies":[{"name":"wp","href":"https:\/\/api.w.org\/{rel}","templated":true}]}}