{"id":147297,"date":"2025-10-02T00:00:00","date_gmt":"2025-10-01T22:00:00","guid":{"rendered":"https:\/\/gpl-love.com\/fr\/produit\/woocommerce-clone-orders\/"},"modified":"2026-03-21T00:06:03","modified_gmt":"2026-03-20T23:06:03","slug":"woocommerce-clone-orders","status":"publish","type":"product","link":"https:\/\/gpl-love.com\/fr\/produit\/woocommerce-clone-orders\/","title":{"rendered":"Quantity Buttons pour WooCommerce 1.1.6"},"content":{"rendered":"<h3>Quantity Buttons pour WooCommerce Traits<\/h3>\n<p>Transformez votre boutique WooCommerce avec notre plugin innovant \u00ab\u00a0Boutons de Quantit\u00e9\u00a0\u00bb pour WooCommerce. Con\u00e7us pour am\u00e9liorer l&rsquo;exp\u00e9rience utilisateur, ces boutons intuitifs permettent aux clients d&rsquo;ajuster facilement les quantit\u00e9s de produits directement sur la page produit. Finies les saisies manuelles fastidieuses et la frustration client\u00a0: nos boutons de Quantit\u00e9 simplifient vos achats\u00a0!<\/p>\n<p>Id\u00e9al pour les boutiques de toutes tailles, ce plugin s&rsquo;int\u00e8gre parfaitement \u00e0 votre configuration WooCommerce actuelle, offrant un aspect \u00e9l\u00e9gant et professionnel. Que vos clients ach\u00e8tent en gros ou \u00e0 l&rsquo;unit\u00e9, ils appr\u00e9cieront la praticit\u00e9 et la simplicit\u00e9 de nos boutons de Quantit\u00e9.<\/p>\n<p>L&rsquo;installation est simple et rapide, ne n\u00e9cessitant aucune expertise technique. Une fois activ\u00e9, vous pouvez personnaliser le style du bouton pour l&rsquo;adapter \u00e0 l&rsquo;esth\u00e9tique de votre boutique, garantissant ainsi une exp\u00e9rience d&rsquo;achat coh\u00e9rente et attrayante. De plus, gr\u00e2ce \u00e0 leur design r\u00e9actif, ces boutons fonctionnent parfaitement sur tous les appareils, des ordinateurs aux smartphones.<\/p>\n<ul>\n<li>Ajoutez ou supprimez facilement des boutons de quantit\u00e9 sur les pages produits WooCommerce<\/li>\n<li>Compatible avec une large gamme de th\u00e8mes WooCommerce<\/li>\n<li>Styles de boutons personnalisables pour s&rsquo;adapter au design de votre site web<\/li>\n<li>Prise en charge des versions ordinateur et mobile pour un design responsive<\/li>\n<li>Possibilit\u00e9 de d\u00e9finir des quantit\u00e9s minimales et maximales pour les achats de produits<\/li>\n<li>Int\u00e9gration transparente avec les fonctionnalit\u00e9s existantes de WooCommerce<\/li>\n<li>Aucun codage requis pour l&rsquo;installation et la configuration<\/li>\n<li>Compatible avec la derni\u00e8re version de WooCommerce<\/li>\n<li>L\u00e9ger et optimis\u00e9 pour des temps de chargement rapides<\/li>\n<\/ul>\n","protected":false},"excerpt":{"rendered":"<p>Am\u00e9liorez l&rsquo;exp\u00e9rience d&rsquo;achat de votre boutique en ligne gr\u00e2ce \u00e0 nos boutons de quantit\u00e9 intuitifs pour WooCommerce. Con\u00e7us pour optimiser l&rsquo;efficacit\u00e9 et la satisfaction des utilisateurs, ces boutons personnalisables permettent aux clients d&rsquo;ajuster facilement les quantit\u00e9s de produits directement depuis la page produit. Gr\u00e2ce \u00e0 une int\u00e9gration fluide, une conception optimis\u00e9e pour les appareils mobiles et une installation rapide, notre solution est id\u00e9ale pour toute boutique WooCommerce souhaitant augmenter ses ventes et am\u00e9liorer l&rsquo;interaction client. Optimisez votre plateforme e-commerce d\u00e8s aujourd&rsquo;hui gr\u00e2ce \u00e0 nos boutons de quantit\u00e9, pour un parcours d&rsquo;achat plus fluide et plus engageant, qui fid\u00e9lise vos clients.<\/p>\n","protected":false},"featured_media":147294,"comment_status":"open","ping_status":"open","template":"","meta":[],"product_brand":[2440],"product_cat":[1183,1182,1181],"product_tag":[1398],"class_list":{"0":"post-147297","1":"product","2":"type-product","3":"status-publish","4":"has-post-thumbnail","6":"product_brand-woocommerce","7":"product_cat-administration","8":"product_cat-commerce-electronique-plugins","9":"product_cat-plugins","10":"product_tag-woocommerce","11":"member-discount","12":"discount-restricted","14":"first","15":"instock","16":"sale","17":"downloadable","18":"virtual","19":"sold-individually","20":"purchasable","21":"product-type-simple"},"_links":{"self":[{"href":"https:\/\/gpl-love.com\/fr\/wp-json\/wp\/v2\/product\/147297","targetHints":{"allow":["GET"]}}],"collection":[{"href":"https:\/\/gpl-love.com\/fr\/wp-json\/wp\/v2\/product"}],"about":[{"href":"https:\/\/gpl-love.com\/fr\/wp-json\/wp\/v2\/types\/product"}],"replies":[{"embeddable":true,"href":"https:\/\/gpl-love.com\/fr\/wp-json\/wp\/v2\/comments?post=147297"}],"wp:featuredmedia":[{"embeddable":true,"href":"https:\/\/gpl-love.com\/fr\/wp-json\/wp\/v2\/media\/147294"}],"wp:attachment":[{"href":"https:\/\/gpl-love.com\/fr\/wp-json\/wp\/v2\/media?parent=147297"}],"wp:term":[{"taxonomy":"product_brand","embeddable":true,"href":"https:\/\/gpl-love.com\/fr\/wp-json\/wp\/v2\/product_brand?post=147297"},{"taxonomy":"product_cat","embeddable":true,"href":"https:\/\/gpl-love.com\/fr\/wp-json\/wp\/v2\/product_cat?post=147297"},{"taxonomy":"product_tag","embeddable":true,"href":"https:\/\/gpl-love.com\/fr\/wp-json\/wp\/v2\/product_tag?post=147297"}],"curies":[{"name":"wp","href":"https:\/\/api.w.org\/{rel}","templated":true}]}}