{"id":147293,"date":"2025-06-17T00:00:00","date_gmt":"2025-06-16T22:00:00","guid":{"rendered":"https:\/\/gpl-love.com\/fr\/produit\/quantity-buttons-for-woocommerce\/"},"modified":"2026-03-21T00:06:02","modified_gmt":"2026-03-20T23:06:02","slug":"quantity-buttons-for-woocommerce","status":"publish","type":"product","link":"https:\/\/gpl-love.com\/fr\/produit\/quantity-buttons-for-woocommerce\/","title":{"rendered":"Flow Notify pour WooCommerce 1.11.17"},"content":{"rendered":"<h3>Flow Notify pour WooCommerce Traits<\/h3>\n<p>D\u00e9couvrez Flow Notify pour WooCommerce, la solution ultime pour optimiser vos op\u00e9rations e-commerce. Optimisez votre boutique en ligne gr\u00e2ce \u00e0 notre syst\u00e8me de notifications innovant, sp\u00e9cialement con\u00e7u pour WooCommerce. Flow Notify vous permet de rester connect\u00e9 \u00e0 vos clients en leur envoyant des alertes et des mises \u00e0 jour en temps r\u00e9el. Qu&rsquo;il s&rsquo;agisse de confirmations de commande, de notifications d&rsquo;exp\u00e9dition ou d&rsquo;alertes de stock, notre outil vous tient inform\u00e9 et assure la satisfaction de vos clients.<\/p>\n<p>Avec Flow Notify pour WooCommerce, vous pouvez personnaliser les notifications en fonction de l&rsquo;identit\u00e9 de votre marque, garantissant ainsi une communication personnalis\u00e9e et engageante. Ce plugin convivial s&rsquo;int\u00e8gre parfaitement \u00e0 votre configuration WooCommerce existante, offrant une exp\u00e9rience fluide. Boostez la satisfaction et la fid\u00e9lisation de vos clients gr\u00e2ce \u00e0 des mises \u00e0 jour fiables et en temps r\u00e9el qui les tiennent inform\u00e9s de l&rsquo;\u00e9tat de leurs commandes.<\/p>\n<p>Dites adieu aux mises \u00e0 jour manuelles et bonjour \u00e0 l&rsquo;automatisation avec Flow Notify pour WooCommerce. Notre syst\u00e8me vous permet de vous concentrer sur la croissance de votre entreprise pendant que nous g\u00e9rons la communication. B\u00e9n\u00e9ficiez d&rsquo;une efficacit\u00e9 accrue et d&rsquo;un engagement client renforc\u00e9 gr\u00e2ce \u00e0 notre plugin de notification de pointe.<\/p>\n<ul>\n<li>Int\u00e9gration transparente avec WooCommerce<\/li>\n<li>Alertes de notification en temps r\u00e9el pour les mises \u00e0 jour de commandes<\/li>\n<li>Mod\u00e8les de notification personnalisables<\/li>\n<li>Prise en charge de plusieurs canaux de communication (e-mail, SMS, etc.)<\/li>\n<li>Interface conviviale pour une configuration et une gestion simplifi\u00e9es<\/li>\n<li>Options de filtrage avanc\u00e9es pour des notifications cibl\u00e9es<\/li>\n<li>Planification automatis\u00e9e des notifications<\/li>\n<li>Analyses et rapports d\u00e9taill\u00e9s sur les notifications<\/li>\n<li>Support multilingue pour une port\u00e9e mondiale<\/li>\n<li>Compatible avec les principaux th\u00e8mes et extensions WordPress<\/li>\n<\/ul>\n","protected":false},"excerpt":{"rendered":"<p>D\u00e9couvrez Flow Notify pour WooCommerce, la solution id\u00e9ale pour une communication client fluide et automatis\u00e9e. Ce puissant plugin s&rsquo;int\u00e8gre facilement \u00e0 votre boutique WooCommerce et optimise l&rsquo;engagement client gr\u00e2ce \u00e0 des notifications en temps r\u00e9el. Avec Flow Notify, automatisez les mises \u00e0 jour de commandes, r\u00e9duisez les abandons de panier et am\u00e9liorez la satisfaction client. Son interface intuitive garantit une configuration rapide, tandis que les mod\u00e8les personnalisables permettent de cr\u00e9er des messages personnalis\u00e9s qui trouvent un \u00e9cho aupr\u00e8s de votre audience. Am\u00e9liorez votre exp\u00e9rience e-commerce d\u00e8s aujourd&rsquo;hui avec Flow Notify pour WooCommerce\u00a0: l&rsquo;alliance de l&rsquo;efficacit\u00e9 et de l&rsquo;innovation.<\/p>\n","protected":false},"featured_media":147290,"comment_status":"open","ping_status":"open","template":"","meta":[],"product_brand":[2440],"product_cat":[1182,1223,1181],"product_tag":[1398],"class_list":{"0":"post-147293","1":"product","2":"type-product","3":"status-publish","4":"has-post-thumbnail","6":"product_brand-woocommerce","7":"product_cat-commerce-electronique-plugins","8":"product_cat-personnalisation-commerce-electronique-plugins","9":"product_cat-plugins","10":"product_tag-woocommerce","11":"member-discount","12":"discount-restricted","14":"first","15":"instock","16":"sale","17":"downloadable","18":"virtual","19":"sold-individually","20":"purchasable","21":"product-type-simple"},"_links":{"self":[{"href":"https:\/\/gpl-love.com\/fr\/wp-json\/wp\/v2\/product\/147293","targetHints":{"allow":["GET"]}}],"collection":[{"href":"https:\/\/gpl-love.com\/fr\/wp-json\/wp\/v2\/product"}],"about":[{"href":"https:\/\/gpl-love.com\/fr\/wp-json\/wp\/v2\/types\/product"}],"replies":[{"embeddable":true,"href":"https:\/\/gpl-love.com\/fr\/wp-json\/wp\/v2\/comments?post=147293"}],"wp:featuredmedia":[{"embeddable":true,"href":"https:\/\/gpl-love.com\/fr\/wp-json\/wp\/v2\/media\/147290"}],"wp:attachment":[{"href":"https:\/\/gpl-love.com\/fr\/wp-json\/wp\/v2\/media?parent=147293"}],"wp:term":[{"taxonomy":"product_brand","embeddable":true,"href":"https:\/\/gpl-love.com\/fr\/wp-json\/wp\/v2\/product_brand?post=147293"},{"taxonomy":"product_cat","embeddable":true,"href":"https:\/\/gpl-love.com\/fr\/wp-json\/wp\/v2\/product_cat?post=147293"},{"taxonomy":"product_tag","embeddable":true,"href":"https:\/\/gpl-love.com\/fr\/wp-json\/wp\/v2\/product_tag?post=147293"}],"curies":[{"name":"wp","href":"https:\/\/api.w.org\/{rel}","templated":true}]}}