{"id":147291,"date":"2025-11-04T00:00:00","date_gmt":"2025-11-03T23:00:00","guid":{"rendered":"https:\/\/gpl-love.com\/fr\/produit\/order-notifications-on-whatsapp-for-woocommerce\/"},"modified":"2026-03-21T00:06:01","modified_gmt":"2026-03-20T23:06:01","slug":"order-notifications-on-whatsapp-for-woocommerce","status":"publish","type":"product","link":"https:\/\/gpl-love.com\/fr\/produit\/order-notifications-on-whatsapp-for-woocommerce\/","title":{"rendered":"Order Restrictions pour WooCommerce 3.6.0"},"content":{"rendered":"<h3>Order Restrictions pour WooCommerce Traits<\/h3>\n<p>D\u00e9couvrez notre plugin de pointe \u00ab\u00a0Restrictions de commande\u00a0\u00bb pour WooCommerce, la solution id\u00e9ale pour optimiser la gestion des commandes de votre boutique en ligne. Con\u00e7u pour la flexibilit\u00e9, ce plugin vous permet de d\u00e9finir des restrictions de commande pr\u00e9cises, garantissant ainsi le bon fonctionnement de votre boutique WooCommerce.<\/p>\n<p>Mettez facilement en place des limites de commande en fonction des r\u00f4les clients, des cat\u00e9gories de produits ou des plages horaires sp\u00e9cifiques. Que vous g\u00e9riez des produits \u00e0 forte demande ou que vous adaptiez votre service \u00e0 vos clients VIP, notre plugin \u00ab\u00a0Restrictions de commande\u00a0\u00bb pour WooCommerce offre la personnalisation dont vous avez besoin. Gr\u00e2ce \u00e0 des param\u00e8tres conviviaux, vous pouvez configurer rapidement des restrictions sans aucun probl\u00e8me technique.<\/p>\n<p>Am\u00e9liorez l&rsquo;exp\u00e9rience client en \u00e9vitant les surcharges de commandes et en garantissant des livraisons ponctuelles. Le plugin s&rsquo;int\u00e8gre parfaitement \u00e0 votre configuration WooCommerce existante, pr\u00e9servant ainsi les performances de votre boutique tout en ajoutant des fonctionnalit\u00e9s performantes.<\/p>\n<p>Gardez une longueur d&rsquo;avance sur la concurrence en optimisant le fonctionnement de votre boutique gr\u00e2ce \u00e0 notre plugin \u00ab\u00a0Restrictions de commande\u00a0\u00bb pour WooCommerce. Id\u00e9al pour les entreprises de toutes tailles, cet outil est essentiel pour ma\u00eetriser les quantit\u00e9s command\u00e9es et am\u00e9liorer la satisfaction client.<\/p>\n<ul>\n<li>Permet de d\u00e9finir des limites d&rsquo;achat par produit ou par cat\u00e9gorie<\/li>\n<li>Restrictions configurables selon les r\u00f4les des utilisateurs<\/li>\n<li>Possibilit\u00e9 de d\u00e9finir des quantit\u00e9s minimales et maximales de commande<\/li>\n<li>Limiter les commandes par localisation ou adresse IP du client<\/li>\n<li>Messages d&rsquo;erreur personnalisables pour les achats restreints<\/li>\n<li>Prise en charge des restrictions de planification pour des p\u00e9riodes sp\u00e9cifiques<\/li>\n<li>Possibilit\u00e9 d&rsquo;appliquer des restrictions sur les variantes de produits<\/li>\n<li>Int\u00e9gration aux coupons WooCommerce pour une utilisation conditionnelle<\/li>\n<li>Compatible avec les configurations WooCommerce multilingues<\/li>\n<li>Fournit des rapports d\u00e9taill\u00e9s sur les tentatives de commandes restreintes<\/li>\n<\/ul>\n","protected":false},"excerpt":{"rendered":"<p>D\u00e9couvrez Order Restrictions pour WooCommerce\u00a0: la solution ultime pour g\u00e9rer efficacement votre boutique en ligne. Ce puissant plugin vous permet de d\u00e9finir des r\u00e8gles personnalis\u00e9es, de limiter les quantit\u00e9s achet\u00e9es et de contr\u00f4ler facilement la fr\u00e9quence des commandes. Con\u00e7u pour optimiser les fonctionnalit\u00e9s de votre boutique, il garantit une exp\u00e9rience d&rsquo;achat fluide pour vous et vos clients. Boostez votre strat\u00e9gie commerciale en adaptant les conditions de commande \u00e0 vos besoins. Avec Order Restrictions pour WooCommerce, rationalisez vos op\u00e9rations, r\u00e9duisez les abandons de panier et am\u00e9liorez la satisfaction client. B\u00e9n\u00e9ficiez d&rsquo;un contr\u00f4le in\u00e9gal\u00e9 d\u00e8s aujourd&rsquo;hui et transformez votre plateforme e-commerce en un v\u00e9ritable moteur de productivit\u00e9.<\/p>\n","protected":false},"featured_media":147288,"comment_status":"open","ping_status":"open","template":"","meta":[],"product_brand":[2440],"product_cat":[1182,1223,1181],"product_tag":[1398],"class_list":{"0":"post-147291","1":"product","2":"type-product","3":"status-publish","4":"has-post-thumbnail","6":"product_brand-woocommerce","7":"product_cat-commerce-electronique-plugins","8":"product_cat-personnalisation-commerce-electronique-plugins","9":"product_cat-plugins","10":"product_tag-woocommerce","11":"member-discount","12":"discount-restricted","14":"first","15":"instock","16":"sale","17":"downloadable","18":"virtual","19":"sold-individually","20":"purchasable","21":"product-type-simple"},"_links":{"self":[{"href":"https:\/\/gpl-love.com\/fr\/wp-json\/wp\/v2\/product\/147291","targetHints":{"allow":["GET"]}}],"collection":[{"href":"https:\/\/gpl-love.com\/fr\/wp-json\/wp\/v2\/product"}],"about":[{"href":"https:\/\/gpl-love.com\/fr\/wp-json\/wp\/v2\/types\/product"}],"replies":[{"embeddable":true,"href":"https:\/\/gpl-love.com\/fr\/wp-json\/wp\/v2\/comments?post=147291"}],"wp:featuredmedia":[{"embeddable":true,"href":"https:\/\/gpl-love.com\/fr\/wp-json\/wp\/v2\/media\/147288"}],"wp:attachment":[{"href":"https:\/\/gpl-love.com\/fr\/wp-json\/wp\/v2\/media?parent=147291"}],"wp:term":[{"taxonomy":"product_brand","embeddable":true,"href":"https:\/\/gpl-love.com\/fr\/wp-json\/wp\/v2\/product_brand?post=147291"},{"taxonomy":"product_cat","embeddable":true,"href":"https:\/\/gpl-love.com\/fr\/wp-json\/wp\/v2\/product_cat?post=147291"},{"taxonomy":"product_tag","embeddable":true,"href":"https:\/\/gpl-love.com\/fr\/wp-json\/wp\/v2\/product_tag?post=147291"}],"curies":[{"name":"wp","href":"https:\/\/api.w.org\/{rel}","templated":true}]}}