{"id":147289,"date":"2026-03-02T00:00:00","date_gmt":"2026-03-01T23:00:00","guid":{"rendered":"https:\/\/gpl-love.com\/fr\/produit\/flow-notify-for-woocommerce\/"},"modified":"2026-03-21T00:05:59","modified_gmt":"2026-03-20T23:05:59","slug":"flow-notify-for-woocommerce","status":"publish","type":"product","link":"https:\/\/gpl-love.com\/fr\/produit\/flow-notify-for-woocommerce\/","title":{"rendered":"LearnDash LMS Certificate Builder 1.1.5"},"content":{"rendered":"<h3>LearnDash LMS Certificate Builder Traits<\/h3>\n<p>D\u00e9couvrez le g\u00e9n\u00e9rateur de certificats LearnDash LMS\u00a0: l&rsquo;outil id\u00e9al pour cr\u00e9er des certificats personnalis\u00e9s qui r\u00e9compensent les r\u00e9ussites et inspirent les apprenants. Gr\u00e2ce \u00e0 la puissance du LMS LearnDash, vous pouvez concevoir des certificats professionnels qui refl\u00e8tent le style et les valeurs uniques de votre marque. Que vous soyez enseignant, formateur en entreprise ou d\u00e9veloppeur de cours en ligne, notre g\u00e9n\u00e9rateur de certificats vous permet de cr\u00e9er facilement des certificats qui se d\u00e9marquent.<\/p>\n<p>Fini les mod\u00e8les g\u00e9n\u00e9riques\u00a0! Le g\u00e9n\u00e9rateur de certificats LearnDash LMS offre une fonctionnalit\u00e9 intuitive de glisser-d\u00e9poser, vous permettant de personnaliser chaque aspect de vos certificats. Ajoutez votre logo, choisissez les polices et les couleurs, et int\u00e9grez des informations personnalis\u00e9es telles que le nom des \u00e9tudiants et les d\u00e9tails du cours. Cette int\u00e9gration transparente avec le LMS LearnDash garantit que vos certificats sont automatiquement attribu\u00e9s \u00e0 la fin du cours, am\u00e9liorant ainsi le parcours de l&rsquo;apprenant.<\/p>\n<p>Id\u00e9al pour les enseignants comme pour les entreprises, le g\u00e9n\u00e9rateur de certificats LearnDash LMS contribue \u00e0 stimuler l&rsquo;engagement et la motivation. R\u00e9compensez vos apprenants avec des certificats visuellement attrayants qu&rsquo;ils seront fiers de partager.<\/p>\n<ul>\n<li>Interface glisser-d\u00e9poser pour une conception simplifi\u00e9e des certificats<\/li>\n<li>Mod\u00e8les de certificats personnalisables<\/li>\n<li>Int\u00e9gration aux cours et quiz LearnDash LMS<\/li>\n<li>Prise en charge de plusieurs tailles et orientations de certificats<\/li>\n<li>Possibilit\u00e9 d&rsquo;ajouter des logos, des images et des signatures personnalis\u00e9s<\/li>\n<li>Champs dynamiques pour des informations personnalis\u00e9es sur les \u00e9tudiants<\/li>\n<li>Exportation PDF pour une impression de certificats de haute qualit\u00e9<\/li>\n<li>Compatible avec de nombreux navigateurs web<\/li>\n<li>Fonctionnalit\u00e9s de v\u00e9rification s\u00e9curis\u00e9e des certificats<\/li>\n<li>Interface conviviale pour les enseignants et les administrateurs<\/li>\n<\/ul>\n","protected":false},"excerpt":{"rendered":"<p>D\u00e9couvrez le g\u00e9n\u00e9rateur de certificats LearnDash LMS, la solution id\u00e9ale pour cr\u00e9er facilement des certificats personnalis\u00e9s. Id\u00e9al pour les enseignants et les cr\u00e9ateurs de formations, cet outil performant vous permet de concevoir des certificats professionnels qui motivent et motivent les apprenants. Gr\u00e2ce \u00e0 son interface intuitive, vous pouvez facilement int\u00e9grer des \u00e9l\u00e9ments de marque, personnaliser le contenu et automatiser l&rsquo;\u00e9mission des certificats, vous faisant gagner du temps et de l&rsquo;\u00e9nergie. Optimisez votre plateforme e-learning et am\u00e9liorez la satisfaction de vos apprenants gr\u00e2ce au g\u00e9n\u00e9rateur de certificats LearnDash LMS. Id\u00e9al pour tous ceux qui souhaitent optimiser leur offre de formation et offrir une r\u00e9compense concr\u00e8te pour leurs r\u00e9ussites. Profitez d\u00e8s aujourd&rsquo;hui d&rsquo;une int\u00e9gration fluide et d&rsquo;une personnalisation in\u00e9gal\u00e9e\u00a0!<\/p>\n","protected":false},"featured_media":147287,"comment_status":"open","ping_status":"open","template":"","meta":[],"product_brand":[2579],"product_cat":[1189,1181,1186],"product_tag":[1295],"class_list":{"0":"post-147289","1":"product","2":"type-product","3":"status-publish","4":"has-post-thumbnail","6":"product_brand-learndash","7":"product_cat-personnalisation","8":"product_cat-plugins","9":"product_cat-wordpress-plugins","10":"product_tag-learndash","11":"member-discount","12":"discount-restricted","14":"first","15":"instock","16":"sale","17":"downloadable","18":"virtual","19":"sold-individually","20":"purchasable","21":"product-type-simple"},"_links":{"self":[{"href":"https:\/\/gpl-love.com\/fr\/wp-json\/wp\/v2\/product\/147289","targetHints":{"allow":["GET"]}}],"collection":[{"href":"https:\/\/gpl-love.com\/fr\/wp-json\/wp\/v2\/product"}],"about":[{"href":"https:\/\/gpl-love.com\/fr\/wp-json\/wp\/v2\/types\/product"}],"replies":[{"embeddable":true,"href":"https:\/\/gpl-love.com\/fr\/wp-json\/wp\/v2\/comments?post=147289"}],"wp:featuredmedia":[{"embeddable":true,"href":"https:\/\/gpl-love.com\/fr\/wp-json\/wp\/v2\/media\/147287"}],"wp:attachment":[{"href":"https:\/\/gpl-love.com\/fr\/wp-json\/wp\/v2\/media?parent=147289"}],"wp:term":[{"taxonomy":"product_brand","embeddable":true,"href":"https:\/\/gpl-love.com\/fr\/wp-json\/wp\/v2\/product_brand?post=147289"},{"taxonomy":"product_cat","embeddable":true,"href":"https:\/\/gpl-love.com\/fr\/wp-json\/wp\/v2\/product_cat?post=147289"},{"taxonomy":"product_tag","embeddable":true,"href":"https:\/\/gpl-love.com\/fr\/wp-json\/wp\/v2\/product_tag?post=147289"}],"curies":[{"name":"wp","href":"https:\/\/api.w.org\/{rel}","templated":true}]}}