{"id":147268,"date":"2026-03-20T00:00:00","date_gmt":"2026-03-19T23:00:00","guid":{"rendered":"https:\/\/gpl-love.com\/fr\/produit\/media-grid-bundle-pack-1-114\/"},"modified":"2026-03-21T00:05:59","modified_gmt":"2026-03-20T23:05:59","slug":"media-grid-bundle-pack-1-114","status":"publish","type":"product","link":"https:\/\/gpl-love.com\/fr\/produit\/media-grid-bundle-pack-1-114\/","title":{"rendered":"Media Grid Bundle Pack 2.006"},"content":{"rendered":"<h3>Media Grid Bundle Pack Traits<\/h3>\n<p>D\u00e9couvrez le pack Media Grid Bundle, la solution ultime pour tous vos besoins d&rsquo;organisation multim\u00e9dia ! Que vous soyez designer professionnel, cr\u00e9ateur de contenu ou amateur de fichiers multim\u00e9dias parfaitement organis\u00e9s, ce pack est fait pour vous.<\/p>\n<p>Le pack Media Grid Bundle offre une interface intuitive et conviviale qui simplifie la gestion de vos fichiers multim\u00e9dias. Gr\u00e2ce \u00e0 une grille polyvalente, vous pouvez facilement classer et acc\u00e9der aux images, vid\u00e9os et autres types de m\u00e9dias en quelques secondes. Dites adieu au d\u00e9sordre et bonjour \u00e0 l&rsquo;efficacit\u00e9 !<\/p>\n<p>Ce pack inclut des options personnalisables pour adapter la grille \u00e0 votre style et \u00e0 votre flux de travail, garantissant une exp\u00e9rience fluide \u00e0 chaque fois. Con\u00e7u pour am\u00e9liorer la productivit\u00e9, le pack Media Grid Bundle est compatible avec toutes les principales plateformes, offrant flexibilit\u00e9 et praticit\u00e9 aux utilisateurs nomades.<\/p>\n<p>Ne manquez pas cet outil essentiel pour l&rsquo;organisation de vos m\u00e9dias. Optimisez votre flux de travail et ne perdez plus jamais le fil de vos fichiers importants. Avec le pack Media Grid Bundle, l&rsquo;organisation rencontre l&rsquo;innovation. Commandez d\u00e8s maintenant et transformez votre gestion multim\u00e9dia !<\/p>\n<ul>\n<li>Collection compl\u00e8te de grilles multim\u00e9dias<\/li>\n<li>Vari\u00e9t\u00e9 de mod\u00e8les personnalisables<\/li>\n<li>Compatible avec les principaux logiciels de conception<\/li>\n<li>Graphiques haute r\u00e9solution inclus<\/li>\n<li>Interface conviviale<\/li>\n<li>Design adaptatif pour plusieurs appareils<\/li>\n<li>Mises \u00e0 jour r\u00e9guli\u00e8res avec de nouvelles fonctionnalit\u00e9s<\/li>\n<li>Biblioth\u00e8que compl\u00e8te d&rsquo;ic\u00f4nes et de widgets<\/li>\n<li>Fonctionnalit\u00e9 glisser-d\u00e9poser<\/li>\n<li>Documentation et assistance d\u00e9taill\u00e9es<\/li>\n<\/ul>\n","protected":false},"excerpt":{"rendered":"<p>D\u00e9couvrez le pack Media Grid Bundle, la solution id\u00e9ale pour les cr\u00e9atifs en qu\u00eate de polyvalence, d&rsquo;efficacit\u00e9 et de style. Ce pack complet offre une gamme dynamique de grilles personnalisables, id\u00e9ale pour les photographes, designers et marketeurs souhaitant optimiser leurs projets visuels. Gr\u00e2ce \u00e0 son interface intuitive et \u00e0 son int\u00e9gration fluide, ce pack optimise votre flux de travail et vous fait gagner du temps et des efforts. Sublimez vos pr\u00e9sentations multim\u00e9dias et captivez votre public avec des r\u00e9sultats \u00e9poustouflants de qualit\u00e9 professionnelle. Que vous r\u00e9digiez des publications pour les r\u00e9seaux sociaux, des portfolios ou des supports marketing, le pack Media Grid Bundle est la solution id\u00e9ale pour des designs percutants et accrocheurs. Ne manquez pas cet outil cr\u00e9atif indispensable\u00a0!<\/p>\n","protected":false},"featured_media":147286,"comment_status":"open","ping_status":"open","template":"","meta":[],"product_brand":[2830],"product_cat":[1189,1181,1186],"product_tag":[2831],"class_list":{"0":"post-147268","1":"product","2":"type-product","3":"status-publish","4":"has-post-thumbnail","6":"product_brand-lcweb","7":"product_cat-personnalisation","8":"product_cat-plugins","9":"product_cat-wordpress-plugins","10":"product_tag-lcweb","11":"member-discount","12":"discount-restricted","14":"first","15":"instock","16":"sale","17":"downloadable","18":"virtual","19":"sold-individually","20":"purchasable","21":"product-type-simple"},"_links":{"self":[{"href":"https:\/\/gpl-love.com\/fr\/wp-json\/wp\/v2\/product\/147268","targetHints":{"allow":["GET"]}}],"collection":[{"href":"https:\/\/gpl-love.com\/fr\/wp-json\/wp\/v2\/product"}],"about":[{"href":"https:\/\/gpl-love.com\/fr\/wp-json\/wp\/v2\/types\/product"}],"replies":[{"embeddable":true,"href":"https:\/\/gpl-love.com\/fr\/wp-json\/wp\/v2\/comments?post=147268"}],"wp:featuredmedia":[{"embeddable":true,"href":"https:\/\/gpl-love.com\/fr\/wp-json\/wp\/v2\/media\/147286"}],"wp:attachment":[{"href":"https:\/\/gpl-love.com\/fr\/wp-json\/wp\/v2\/media?parent=147268"}],"wp:term":[{"taxonomy":"product_brand","embeddable":true,"href":"https:\/\/gpl-love.com\/fr\/wp-json\/wp\/v2\/product_brand?post=147268"},{"taxonomy":"product_cat","embeddable":true,"href":"https:\/\/gpl-love.com\/fr\/wp-json\/wp\/v2\/product_cat?post=147268"},{"taxonomy":"product_tag","embeddable":true,"href":"https:\/\/gpl-love.com\/fr\/wp-json\/wp\/v2\/product_tag?post=147268"}],"curies":[{"name":"wp","href":"https:\/\/api.w.org\/{rel}","templated":true}]}}