{"id":147267,"date":"2026-02-18T00:00:00","date_gmt":"2026-02-17T23:00:00","guid":{"rendered":"https:\/\/gpl-love.com\/fr\/produit\/privatecontent-bundle-pack-2-034\/"},"modified":"2026-03-21T00:05:58","modified_gmt":"2026-03-20T23:05:58","slug":"privatecontent-bundle-pack-2-034","status":"publish","type":"product","link":"https:\/\/gpl-love.com\/fr\/produit\/privatecontent-bundle-pack-2-034\/","title":{"rendered":"PrivateContent Bundle Pack 3.007"},"content":{"rendered":"<h3>PrivateContent Bundle Pack Traits<\/h3>\n<p>D\u00e9couvrez le pack PrivateContent, la solution ultime pour g\u00e9rer et s\u00e9curiser facilement votre contenu num\u00e9rique. Que vous soyez cr\u00e9ateur de contenu, chef d&rsquo;entreprise ou enseignant, ce pack vous offre un moyen simple de contr\u00f4ler les acc\u00e8s et d&rsquo;am\u00e9liorer l&rsquo;exp\u00e9rience utilisateur. Gr\u00e2ce au pack PrivateContent, prot\u00e9gez facilement vos pr\u00e9cieuses donn\u00e9es et assurez-vous qu&rsquo;elles ne soient accessibles qu&rsquo;au public cibl\u00e9.<\/p>\n<p>Ce pack complet inclut des fonctionnalit\u00e9s avanc\u00e9es qui simplifient la gestion de contenu tout en optimisant les performances de votre site. Son interface intuitive vous permet de personnaliser les niveaux d&rsquo;acc\u00e8s, garantissant ainsi la s\u00e9curit\u00e9 et l&rsquo;exclusivit\u00e9 de votre contenu priv\u00e9. De plus, le pack PrivateContent s&rsquo;int\u00e8gre parfaitement \u00e0 votre site web existant, pour une configuration simplifi\u00e9e.<\/p>\n<p>Interagissez avec votre public comme jamais auparavant avec le pack PrivateContent. Ses outils innovants sont con\u00e7us pour optimiser votre flux de travail et vous permettre de vous concentrer sur la cr\u00e9ation de contenu de qualit\u00e9. Ayez l&rsquo;esprit tranquille\u00a0: vos ressources num\u00e9riques sont s\u00e9curis\u00e9es et accessibles uniquement aux personnes de votre choix.<\/p>\n<ul>\n<li>Pack complet de modules et d&rsquo;extensions PrivateContent<\/li>\n<li>Int\u00e9gration transparente avec les sites WordPress<\/li>\n<li>Fonctionnalit\u00e9s avanc\u00e9es de gestion des utilisateurs<\/li>\n<li>Profils utilisateur et formulaires d&rsquo;inscription personnalisables<\/li>\n<li>Outils d&rsquo;analyse et de reporting int\u00e9gr\u00e9s<\/li>\n<li>Fonctionnalit\u00e9s de s\u00e9curit\u00e9 renforc\u00e9es pour les donn\u00e9es utilisateur<\/li>\n<li>Options de restriction de contenu \u00e0 plusieurs niveaux<\/li>\n<li>Design adaptatif pour une compatibilit\u00e9 mobile et ordinateur<\/li>\n<li>Compatible avec les principaux cr\u00e9ateurs de pages<\/li>\n<\/ul>\n","protected":false},"excerpt":{"rendered":"<p>D\u00e9couvrez le pack PrivateContent, la solution ultime pour une gestion s\u00e9curis\u00e9e et fluide de vos donn\u00e9es. Ce pack tout-en-un offre des contr\u00f4les de confidentialit\u00e9 performants, des interfaces utilisateur intuitives et une assistance compl\u00e8te, garantissant la protection de vos informations sensibles. Con\u00e7u avec des technologies de chiffrement avanc\u00e9es, le pack PrivateContent optimise la productivit\u00e9 en simplifiant l&rsquo;acc\u00e8s et en prot\u00e9geant les donn\u00e9es. Id\u00e9al pour les entreprises comme pour les particuliers, ce pack vous offre une tranquillit\u00e9 d&rsquo;esprit gr\u00e2ce \u00e0 des fonctionnalit\u00e9s de s\u00e9curit\u00e9 de pointe. B\u00e9n\u00e9ficiez d&rsquo;une gestion de contenu simplifi\u00e9e et optimisez votre exp\u00e9rience num\u00e9rique d\u00e8s aujourd&rsquo;hui. Lib\u00e9rez tout le potentiel de la gestion s\u00e9curis\u00e9e de vos donn\u00e9es avec le pack PrivateContent\u00a0: votre passerelle vers un flux de travail plus s\u00fbr et plus efficace.<\/p>\n","protected":false},"featured_media":147285,"comment_status":"open","ping_status":"open","template":"","meta":[],"product_brand":[2830],"product_cat":[1189,1181,1186],"product_tag":[2831],"class_list":{"0":"post-147267","1":"product","2":"type-product","3":"status-publish","4":"has-post-thumbnail","6":"product_brand-lcweb","7":"product_cat-personnalisation","8":"product_cat-plugins","9":"product_cat-wordpress-plugins","10":"product_tag-lcweb","11":"member-discount","12":"discount-restricted","14":"first","15":"instock","16":"sale","17":"downloadable","18":"virtual","19":"sold-individually","20":"purchasable","21":"product-type-simple"},"_links":{"self":[{"href":"https:\/\/gpl-love.com\/fr\/wp-json\/wp\/v2\/product\/147267","targetHints":{"allow":["GET"]}}],"collection":[{"href":"https:\/\/gpl-love.com\/fr\/wp-json\/wp\/v2\/product"}],"about":[{"href":"https:\/\/gpl-love.com\/fr\/wp-json\/wp\/v2\/types\/product"}],"replies":[{"embeddable":true,"href":"https:\/\/gpl-love.com\/fr\/wp-json\/wp\/v2\/comments?post=147267"}],"wp:featuredmedia":[{"embeddable":true,"href":"https:\/\/gpl-love.com\/fr\/wp-json\/wp\/v2\/media\/147285"}],"wp:attachment":[{"href":"https:\/\/gpl-love.com\/fr\/wp-json\/wp\/v2\/media?parent=147267"}],"wp:term":[{"taxonomy":"product_brand","embeddable":true,"href":"https:\/\/gpl-love.com\/fr\/wp-json\/wp\/v2\/product_brand?post=147267"},{"taxonomy":"product_cat","embeddable":true,"href":"https:\/\/gpl-love.com\/fr\/wp-json\/wp\/v2\/product_cat?post=147267"},{"taxonomy":"product_tag","embeddable":true,"href":"https:\/\/gpl-love.com\/fr\/wp-json\/wp\/v2\/product_tag?post=147267"}],"curies":[{"name":"wp","href":"https:\/\/api.w.org\/{rel}","templated":true}]}}