{"id":147266,"date":"2026-02-18T00:00:00","date_gmt":"2026-02-17T23:00:00","guid":{"rendered":"https:\/\/gpl-love.com\/fr\/produit\/lc-refund-requests-pour-woocommerce-1-0-1\/"},"modified":"2026-03-21T00:05:57","modified_gmt":"2026-03-20T23:05:57","slug":"lc-refund-requests-pour-woocommerce-1-0-1","status":"publish","type":"product","link":"https:\/\/gpl-love.com\/fr\/produit\/lc-refund-requests-pour-woocommerce-1-0-1\/","title":{"rendered":"LC Refund Requests pour WooCommerce 2.1.0"},"content":{"rendered":"<h3>LC Refund Requests pour WooCommerce Traits<\/h3>\n<p>D\u00e9couvrez la solution ultime pour g\u00e9rer les demandes de remboursement sur votre boutique en ligne\u00a0: LC Refund Requests for WooCommerce. Cet outil performant est con\u00e7u pour rationaliser et simplifier le processus de remboursement, am\u00e9liorant ainsi votre service client et la r\u00e9putation de votre boutique. Dites adieu aux tracas li\u00e9s \u00e0 la gestion manuelle des remboursements et profitez d&rsquo;un syst\u00e8me automatis\u00e9 plus efficace.<\/p>\n<p>LC Refund Requests for WooCommerce s&rsquo;int\u00e8gre parfaitement \u00e0 votre configuration WooCommerce existante, vous permettant de g\u00e9rer les demandes de remboursement avec simplicit\u00e9 et pr\u00e9cision. Ce plugin vous permet de g\u00e9rer les demandes directement depuis votre tableau de bord d&rsquo;administration, ce qui vous fait gagner du temps et r\u00e9duit les erreurs. Gr\u00e2ce \u00e0 son interface intuitive, vous pouvez rapidement approuver, refuser ou approfondir les demandes de remboursement, garantissant ainsi une exp\u00e9rience fluide \u00e0 vos clients.<\/p>\n<p>Am\u00e9liorez la satisfaction client gr\u00e2ce \u00e0 un processus de remboursement transparent et efficace. LC Refund Requests for WooCommerce vous aide \u00e0 maintenir la confiance et \u00e0 \u00e9tablir des relations durables avec vos clients en garantissant une r\u00e9ponse rapide \u00e0 leurs pr\u00e9occupations.<\/p>\n<ul>\n<li>Int\u00e9gration transparente avec WooCommerce<\/li>\n<li>Interface conviviale pour la gestion des demandes de remboursement<\/li>\n<li>Notifications automatiques par e-mail pour les mises \u00e0 jour de statut de remboursement<\/li>\n<li>Formulaire de demande de remboursement personnalisable pour les clients<\/li>\n<li>Possibilit\u00e9 d&rsquo;approuver ou de refuser les demandes en un seul clic<\/li>\n<li>Rapports et analyses d\u00e9taill\u00e9s sur les tendances de remboursement<\/li>\n<li>Compatibilit\u00e9 avec les th\u00e8mes et plugins WooCommerce les plus populaires<\/li>\n<li>Support multilingue pour les boutiques internationales<\/li>\n<li>Traitement s\u00e9curis\u00e9 et conforme au RGPD des donn\u00e9es clients<\/li>\n<\/ul>\n","protected":false},"excerpt":{"rendered":"<p>D\u00e9couvrez le plugin LC Refund Requests pour WooCommerce, la solution id\u00e9ale pour une gestion optimis\u00e9e des remboursements. Gr\u00e2ce \u00e0 son int\u00e9gration transparente \u00e0 votre boutique WooCommerce, cet outil performant simplifie les demandes de remboursement et am\u00e9liore la satisfaction et la fid\u00e9lisation de vos clients. G\u00e9rez, suivez et approuvez facilement les demandes de remboursement, r\u00e9duisant ainsi la charge de travail administrative et am\u00e9liorant l&rsquo;efficacit\u00e9. Profitez de fonctionnalit\u00e9s intuitives con\u00e7ues pour optimiser le fonctionnement de votre boutique et garantir une exp\u00e9rience fluide pour vous et vos clients. Boostez la r\u00e9putation de votre boutique et maintenez la confiance de vos clients avec LC Refund Requests pour WooCommerce. B\u00e9n\u00e9ficiez d&rsquo;une gestion des remboursements simplifi\u00e9e d\u00e8s aujourd&rsquo;hui\u00a0!<\/p>\n","protected":false},"featured_media":147284,"comment_status":"open","ping_status":"open","template":"","meta":[],"product_brand":[2830],"product_cat":[1182,1223,1181],"product_tag":[2831],"class_list":{"0":"post-147266","1":"product","2":"type-product","3":"status-publish","4":"has-post-thumbnail","6":"product_brand-lcweb","7":"product_cat-commerce-electronique-plugins","8":"product_cat-personnalisation-commerce-electronique-plugins","9":"product_cat-plugins","10":"product_tag-lcweb","11":"member-discount","12":"discount-restricted","14":"first","15":"instock","16":"sale","17":"downloadable","18":"virtual","19":"sold-individually","20":"purchasable","21":"product-type-simple"},"_links":{"self":[{"href":"https:\/\/gpl-love.com\/fr\/wp-json\/wp\/v2\/product\/147266","targetHints":{"allow":["GET"]}}],"collection":[{"href":"https:\/\/gpl-love.com\/fr\/wp-json\/wp\/v2\/product"}],"about":[{"href":"https:\/\/gpl-love.com\/fr\/wp-json\/wp\/v2\/types\/product"}],"replies":[{"embeddable":true,"href":"https:\/\/gpl-love.com\/fr\/wp-json\/wp\/v2\/comments?post=147266"}],"wp:featuredmedia":[{"embeddable":true,"href":"https:\/\/gpl-love.com\/fr\/wp-json\/wp\/v2\/media\/147284"}],"wp:attachment":[{"href":"https:\/\/gpl-love.com\/fr\/wp-json\/wp\/v2\/media?parent=147266"}],"wp:term":[{"taxonomy":"product_brand","embeddable":true,"href":"https:\/\/gpl-love.com\/fr\/wp-json\/wp\/v2\/product_brand?post=147266"},{"taxonomy":"product_cat","embeddable":true,"href":"https:\/\/gpl-love.com\/fr\/wp-json\/wp\/v2\/product_cat?post=147266"},{"taxonomy":"product_tag","embeddable":true,"href":"https:\/\/gpl-love.com\/fr\/wp-json\/wp\/v2\/product_tag?post=147266"}],"curies":[{"name":"wp","href":"https:\/\/api.w.org\/{rel}","templated":true}]}}