{"id":147265,"date":"2026-03-20T00:00:00","date_gmt":"2026-03-19T23:00:00","guid":{"rendered":"https:\/\/gpl-love.com\/fr\/produit\/faq-revolution-1-5-0\/"},"modified":"2026-04-01T00:31:53","modified_gmt":"2026-03-31T22:31:53","slug":"faq-revolution-1-5-0","status":"publish","type":"product","link":"https:\/\/gpl-love.com\/fr\/produit\/faq-revolution-1-5-0\/","title":{"rendered":"FAQ Revolution 2.3.0"},"content":{"rendered":"<h3>FAQ Revolution Traits<\/h3>\n<p>D\u00e9couvrez FAQ Revolution, la solution ultime pour transformer votre gestion des demandes clients. Imaginez un monde o\u00f9 vos clients acc\u00e8dent instantan\u00e9ment aux informations qu&rsquo;ils recherchent, am\u00e9liorant ainsi leur exp\u00e9rience globale tout en all\u00e9geant votre charge de travail. FAQ Revolution vous permet de cr\u00e9er un canal de communication fluide, engageant et efficace.<\/p>\n<p>Notre plateforme innovante offre une interface intuitive qui vous permet de cr\u00e9er facilement une FAQ compl\u00e8te. Avec FAQ Revolution, personnalisez et mettez \u00e0 jour facilement votre contenu, garantissant ainsi sa pertinence et son utilit\u00e9. Dites adieu aux questions r\u00e9p\u00e9titives et profitez d&rsquo;un processus simplifi\u00e9 qui permet \u00e0 vos clients de trouver eux-m\u00eames les r\u00e9ponses.<\/p>\n<p>FAQ Revolution est con\u00e7ue pour l&rsquo;exp\u00e9rience utilisateur, avec une mise en page attrayante, adapt\u00e9e aux appareils mobiles et aux ordinateurs. Notre solution s&rsquo;int\u00e8gre parfaitement \u00e0 vos syst\u00e8mes existants, offrant une exp\u00e9rience coh\u00e9rente sur tous les points de contact.<\/p>\n<p>Rejoignez FAQ Revolution d\u00e8s aujourd&rsquo;hui et propulsez votre service client vers de nouveaux sommets. Que vous soyez une petite ou une grande entreprise, cet outil r\u00e9volutionnera la gestion des interactions clients.<\/p>\n<ul>\n<li>Solution compl\u00e8te de gestion des FAQ<\/li>\n<li>Interface conviviale pour une navigation simplifi\u00e9e<\/li>\n<li>Mod\u00e8les personnalisables pour des pages FAQ personnalis\u00e9es<\/li>\n<li>Fonctionnalit\u00e9 de recherche avanc\u00e9e pour une recherche rapide d&rsquo;informations<\/li>\n<li>Support multilingue pour une port\u00e9e mondiale<\/li>\n<li>Fonctionnalit\u00e9s d&rsquo;int\u00e9gration avec les plateformes et outils les plus populaires<\/li>\n<li>Tableau de bord analytique pour suivre les interactions des utilisateurs et les performances des FAQ<\/li>\n<li>Conception mobile adaptative pour un acc\u00e8s mobile<\/li>\n<li>Mises \u00e0 jour r\u00e9guli\u00e8res avec de nouvelles fonctionnalit\u00e9s et am\u00e9liorations<\/li>\n<\/ul>\n","protected":false},"excerpt":{"rendered":"<p>D\u00e9couvrez FAQ Revolution, l&rsquo;outil ultime pour transformer votre exp\u00e9rience client. Cette solution innovante, con\u00e7ue pour l&rsquo;efficacit\u00e9 et la clart\u00e9, simplifie votre processus d&rsquo;assistance en fournissant des r\u00e9ponses instantan\u00e9es et pr\u00e9cises aux questions courantes. Gr\u00e2ce \u00e0 son interface intuitive, FAQ Revolution am\u00e9liore la satisfaction client, r\u00e9duit les d\u00e9lais de r\u00e9ponse et booste la productivit\u00e9. Id\u00e9al pour les entreprises souhaitant am\u00e9liorer l&rsquo;engagement client et l&rsquo;efficacit\u00e9 op\u00e9rationnelle, cet outil s&rsquo;int\u00e8gre parfaitement aux syst\u00e8mes existants, ce qui en fait un atout essentiel pour toute entreprise tourn\u00e9e vers l&rsquo;avenir. D\u00e9couvrez le futur du support client avec FAQ Revolution et voyez vos notes de service s&rsquo;envoler.<\/p>\n","protected":false},"featured_media":147283,"comment_status":"open","ping_status":"open","template":"","meta":[],"product_brand":[2830],"product_cat":[1189,1181,1186],"product_tag":[2831],"class_list":{"0":"post-147265","1":"product","2":"type-product","3":"status-publish","4":"has-post-thumbnail","6":"product_brand-lcweb","7":"product_cat-personnalisation","8":"product_cat-plugins","9":"product_cat-wordpress-plugins","10":"product_tag-lcweb","11":"member-discount","12":"discount-restricted","14":"first","15":"instock","16":"sale","17":"downloadable","18":"virtual","19":"sold-individually","20":"purchasable","21":"product-type-simple"},"_links":{"self":[{"href":"https:\/\/gpl-love.com\/fr\/wp-json\/wp\/v2\/product\/147265","targetHints":{"allow":["GET"]}}],"collection":[{"href":"https:\/\/gpl-love.com\/fr\/wp-json\/wp\/v2\/product"}],"about":[{"href":"https:\/\/gpl-love.com\/fr\/wp-json\/wp\/v2\/types\/product"}],"replies":[{"embeddable":true,"href":"https:\/\/gpl-love.com\/fr\/wp-json\/wp\/v2\/comments?post=147265"}],"wp:featuredmedia":[{"embeddable":true,"href":"https:\/\/gpl-love.com\/fr\/wp-json\/wp\/v2\/media\/147283"}],"wp:attachment":[{"href":"https:\/\/gpl-love.com\/fr\/wp-json\/wp\/v2\/media?parent=147265"}],"wp:term":[{"taxonomy":"product_brand","embeddable":true,"href":"https:\/\/gpl-love.com\/fr\/wp-json\/wp\/v2\/product_brand?post=147265"},{"taxonomy":"product_cat","embeddable":true,"href":"https:\/\/gpl-love.com\/fr\/wp-json\/wp\/v2\/product_cat?post=147265"},{"taxonomy":"product_tag","embeddable":true,"href":"https:\/\/gpl-love.com\/fr\/wp-json\/wp\/v2\/product_tag?post=147265"}],"curies":[{"name":"wp","href":"https:\/\/api.w.org\/{rel}","templated":true}]}}