{"id":147264,"date":"2025-05-26T00:00:00","date_gmt":"2025-05-25T22:00:00","guid":{"rendered":"https:\/\/gpl-love.com\/fr\/produit\/wpbot-pro-wordpress-chatbot-13-7-0\/"},"modified":"2026-03-21T00:05:55","modified_gmt":"2026-03-20T23:05:55","slug":"wpbot-pro-wordpress-chatbot-13-7-0","status":"publish","type":"product","link":"https:\/\/gpl-love.com\/fr\/produit\/wpbot-pro-wordpress-chatbot-13-7-0\/","title":{"rendered":"WPBot Pro WordPress Chatbot 13.7.0"},"content":{"rendered":"<h3>WPBot Pro WordPress Chatbot Traits<\/h3>\n<p>D\u00e9couvrez WPBot Pro, le chatbot WordPress ultime con\u00e7u pour am\u00e9liorer l&rsquo;engagement et l&rsquo;interaction client sur votre site web. Avec WPBot Pro, transformez votre fa\u00e7on d&rsquo;interagir avec votre audience en lui offrant une exp\u00e9rience intuitive et fluide directement sur votre site WordPress.<\/p>\n<p>WPBot Pro n&rsquo;est pas un simple chatbot\u00a0; c&rsquo;est un outil intelligent et r\u00e9actif qui s&rsquo;int\u00e8gre parfaitement \u00e0 votre plateforme WordPress. Que vous cherchiez \u00e0 am\u00e9liorer votre service client ou \u00e0 stimuler vos ventes, WPBot Pro est la solution id\u00e9ale. Ses capacit\u00e9s d&rsquo;IA avanc\u00e9es garantissent \u00e0 vos visiteurs des r\u00e9ponses rapides et pr\u00e9cises, am\u00e9liorant ainsi leur exp\u00e9rience globale.<\/p>\n<p>Imaginez un site web op\u00e9rationnel 24h\/24 et 7j\/7, r\u00e9pondant aux questions, guidant les utilisateurs et leur fournissant instantan\u00e9ment les informations dont ils ont besoin. WPBot Pro rend cela possible, vous aidant \u00e0 renforcer vos relations avec votre audience et \u00e0 accro\u00eetre la satisfaction de vos utilisateurs.<\/p>\n<p>Con\u00e7u pour une personnalisation facile, WPBot Pro vous permet d&rsquo;adapter les r\u00e9ponses du chatbot au ton et au style de votre marque.<\/p>\n<ul>\n<li>Int\u00e9gration fluide avec les sites WordPress<\/li>\n<li>Traitement du langage naturel optimis\u00e9 par l&rsquo;IA<\/li>\n<li>R\u00e9ponses de chatbot personnalisables<\/li>\n<li>Support multilingue<\/li>\n<li>Assistance client automatis\u00e9e 24h\/24 et 7j\/7<\/li>\n<li>Installation et configuration faciles<\/li>\n<li>Int\u00e9gration avec les plateformes de messagerie les plus populaires<\/li>\n<li>Analyses et analyses des interactions utilisateurs<\/li>\n<li>G\u00e9n\u00e9ration de leads<\/li>\n<li>Compatible avec WooCommerce pour le support e-commerce<\/li>\n<\/ul>\n","protected":false},"excerpt":{"rendered":"<p>D\u00e9couvrez WPBot Pro, le chatbot WordPress ultime con\u00e7u pour transformer l&rsquo;engagement utilisateur. Gr\u00e2ce \u00e0 une int\u00e9gration fluide, WPBot Pro am\u00e9liore le support client et booste les conversions sans effort. Ce puissant outil bas\u00e9 sur l&rsquo;IA fournit des r\u00e9ponses instantan\u00e9es et personnalis\u00e9es aux visiteurs de votre site web, garantissant une exp\u00e9rience fluide et interactive. L&rsquo;interface intuitive de WPBot Pro permet une personnalisation facile, s&rsquo;adaptant \u00e0 vos besoins sp\u00e9cifiques sans aucune comp\u00e9tence en codage. Gr\u00e2ce \u00e0 ses fonctionnalit\u00e9s de pointe, ce chatbot optimise votre site WordPress pour une satisfaction et une fid\u00e9lisation accrues de vos utilisateurs. Optimisez votre pr\u00e9sence num\u00e9rique avec WPBot Pro et voyez votre engagement exploser.<\/p>\n","protected":false},"featured_media":147282,"comment_status":"open","ping_status":"open","template":"","meta":[],"product_brand":[2828],"product_cat":[1189,1181,1186],"product_tag":[2829],"class_list":{"0":"post-147264","1":"product","2":"type-product","3":"status-publish","4":"has-post-thumbnail","6":"product_brand-wp-bot","7":"product_cat-personnalisation","8":"product_cat-plugins","9":"product_cat-wordpress-plugins","10":"product_tag-wp-bot","11":"member-discount","12":"discount-restricted","14":"first","15":"instock","16":"sale","17":"downloadable","18":"virtual","19":"sold-individually","20":"purchasable","21":"product-type-simple"},"_links":{"self":[{"href":"https:\/\/gpl-love.com\/fr\/wp-json\/wp\/v2\/product\/147264","targetHints":{"allow":["GET"]}}],"collection":[{"href":"https:\/\/gpl-love.com\/fr\/wp-json\/wp\/v2\/product"}],"about":[{"href":"https:\/\/gpl-love.com\/fr\/wp-json\/wp\/v2\/types\/product"}],"replies":[{"embeddable":true,"href":"https:\/\/gpl-love.com\/fr\/wp-json\/wp\/v2\/comments?post=147264"}],"wp:featuredmedia":[{"embeddable":true,"href":"https:\/\/gpl-love.com\/fr\/wp-json\/wp\/v2\/media\/147282"}],"wp:attachment":[{"href":"https:\/\/gpl-love.com\/fr\/wp-json\/wp\/v2\/media?parent=147264"}],"wp:term":[{"taxonomy":"product_brand","embeddable":true,"href":"https:\/\/gpl-love.com\/fr\/wp-json\/wp\/v2\/product_brand?post=147264"},{"taxonomy":"product_cat","embeddable":true,"href":"https:\/\/gpl-love.com\/fr\/wp-json\/wp\/v2\/product_cat?post=147264"},{"taxonomy":"product_tag","embeddable":true,"href":"https:\/\/gpl-love.com\/fr\/wp-json\/wp\/v2\/product_tag?post=147264"}],"curies":[{"name":"wp","href":"https:\/\/api.w.org\/{rel}","templated":true}]}}