{"id":147263,"date":"2026-03-04T00:00:00","date_gmt":"2026-03-03T23:00:00","guid":{"rendered":"https:\/\/gpl-love.com\/fr\/produit\/mainwp-white-label-extension-5-0-1\/"},"modified":"2026-03-21T00:05:55","modified_gmt":"2026-03-20T23:05:55","slug":"mainwp-white-label-extension-5-0-1","status":"publish","type":"product","link":"https:\/\/gpl-love.com\/fr\/produit\/mainwp-white-label-extension-5-0-1\/","title":{"rendered":"MainWP White Label Extension 5.0.3"},"content":{"rendered":"<h3>MainWP White Label Extension Traits<\/h3>\n<p>D\u00e9couvrez l&rsquo;extension MainWP White Label, l&rsquo;outil id\u00e9al pour les professionnels WordPress souhaitant am\u00e9liorer leurs offres clients. Cette puissante extension vous permet de personnaliser et de renommer votre tableau de bord MainWP, garantissant ainsi une exp\u00e9rience fluide et professionnelle \u00e0 vos clients.<\/p>\n<p>Avec l&rsquo;extension MainWP White Label, remplacez facilement l&rsquo;image de marque MainWP par la v\u00f4tre et cr\u00e9ez une identit\u00e9 visuelle coh\u00e9rente sur toutes les interfaces client. Cette extension est id\u00e9ale pour les agences et les freelances qui souhaitent pr\u00e9senter une marque unifi\u00e9e sans recourir \u00e0 des outils tiers.<\/p>\n<p>Interagissez avec vos clients gr\u00e2ce \u00e0 des options de branding sur mesure, allant des logos personnalis\u00e9s aux exp\u00e9riences de connexion et de tableau de bord personnalis\u00e9es. L&rsquo;extension MainWP White Label vous aide non seulement \u00e0 maintenir la coh\u00e9rence de votre marque, mais renforce \u00e9galement la confiance et la satisfaction de vos clients.<\/p>\n<p>Cette extension est con\u00e7ue pour \u00eatre facile \u00e0 utiliser, permettant aux nouveaux utilisateurs de MainWP de personnaliser rapidement et efficacement leurs produits. De plus, elle offre la possibilit\u00e9 de revenir aux param\u00e8tres par d\u00e9faut si n\u00e9cessaire, vous offrant ainsi un contr\u00f4le total sur votre strat\u00e9gie de marque.<\/p>\n<ul>\n<li>Personnalisez l&rsquo;image de marque WordPress pour vos clients<\/li>\n<li>Masquer des \u00e9l\u00e9ments de menu sp\u00e9cifiques du tableau de bord WordPress<\/li>\n<li>Remplacer les logos WordPress par des logos personnalis\u00e9s<\/li>\n<li>Modifier le texte du pied de page dans l&rsquo;interface d&rsquo;administration WordPress<\/li>\n<li>Contr\u00f4ler l&rsquo;acc\u00e8s aux plugins et th\u00e8mes WordPress<\/li>\n<li>G\u00e9rer la visibilit\u00e9 des widgets du tableau de bord<\/li>\n<li>Activer ou d\u00e9sactiver des fonctionnalit\u00e9s WordPress sp\u00e9cifiques<\/li>\n<li>Personnaliser l&rsquo;apparence de l&rsquo;\u00e9cran de connexion<\/li>\n<li>Configurer les informations d&rsquo;exp\u00e9diteur par d\u00e9faut<\/li>\n<li>Prise en charge des r\u00e9seaux multisites pour une image de marque coh\u00e9rente<\/li>\n<\/ul>\n","protected":false},"excerpt":{"rendered":"<p>D\u00e9couvrez l&rsquo;extension MainWP White Label, un outil puissant con\u00e7u pour am\u00e9liorer votre exp\u00e9rience de gestion WordPress. Personnalisez votre tableau de bord et offrez \u00e0 vos clients une interface fluide et personnalis\u00e9e. Gr\u00e2ce \u00e0 ses fonctionnalit\u00e9s intuitives, vous pouvez facilement g\u00e9rer votre WordPress en marque blanche et obtenir une pr\u00e9sentation professionnelle. Boostez la cr\u00e9dibilit\u00e9 de votre entreprise et rationalisez vos flux de travail gr\u00e2ce \u00e0 cet outil essentiel. Attirez davantage de clients en leur offrant une exp\u00e9rience personnalis\u00e9e, tout en conservant les fonctionnalit\u00e9s performantes de MainWP. D\u00e9couvrez d\u00e8s aujourd&rsquo;hui comment l&rsquo;extension MainWP White Label peut transformer vos interactions avec vos clients.<\/p>\n","protected":false},"featured_media":147281,"comment_status":"open","ping_status":"open","template":"","meta":[],"product_brand":[2587],"product_cat":[1189,1181,1186],"product_tag":[1299],"class_list":{"0":"post-147263","1":"product","2":"type-product","3":"status-publish","4":"has-post-thumbnail","6":"product_brand-main-wp","7":"product_cat-personnalisation","8":"product_cat-plugins","9":"product_cat-wordpress-plugins","10":"product_tag-main-wp","11":"member-discount","12":"discount-restricted","14":"first","15":"instock","16":"sale","17":"downloadable","18":"virtual","19":"sold-individually","20":"purchasable","21":"product-type-simple"},"_links":{"self":[{"href":"https:\/\/gpl-love.com\/fr\/wp-json\/wp\/v2\/product\/147263","targetHints":{"allow":["GET"]}}],"collection":[{"href":"https:\/\/gpl-love.com\/fr\/wp-json\/wp\/v2\/product"}],"about":[{"href":"https:\/\/gpl-love.com\/fr\/wp-json\/wp\/v2\/types\/product"}],"replies":[{"embeddable":true,"href":"https:\/\/gpl-love.com\/fr\/wp-json\/wp\/v2\/comments?post=147263"}],"wp:featuredmedia":[{"embeddable":true,"href":"https:\/\/gpl-love.com\/fr\/wp-json\/wp\/v2\/media\/147281"}],"wp:attachment":[{"href":"https:\/\/gpl-love.com\/fr\/wp-json\/wp\/v2\/media?parent=147263"}],"wp:term":[{"taxonomy":"product_brand","embeddable":true,"href":"https:\/\/gpl-love.com\/fr\/wp-json\/wp\/v2\/product_brand?post=147263"},{"taxonomy":"product_cat","embeddable":true,"href":"https:\/\/gpl-love.com\/fr\/wp-json\/wp\/v2\/product_cat?post=147263"},{"taxonomy":"product_tag","embeddable":true,"href":"https:\/\/gpl-love.com\/fr\/wp-json\/wp\/v2\/product_tag?post=147263"}],"curies":[{"name":"wp","href":"https:\/\/api.w.org\/{rel}","templated":true}]}}